{"id":11,"date":"2022-06-24T12:38:16","date_gmt":"2022-06-24T12:38:16","guid":{"rendered":"https:\/\/www.kraliktomas-partners.com\/?page_id=11"},"modified":"2022-06-28T11:49:24","modified_gmt":"2022-06-28T11:49:24","slug":"poistenie-vo-svajciarsku","status":"publish","type":"page","link":"https:\/\/www.kraliktomas-partners.com\/?page_id=11","title":{"rendered":"Poistenie vo \u0160vaj\u010diarsku"},"content":{"rendered":"\n<p>\u0160vaj\u010diarsko je krajina poisten\u00ed. Zdravotn\u00e9 poistenie vo \u0160vaj\u010diarsku je jedin\u00e9 svojho druhu v Eur\u00f3pe. Ka\u017ed\u00fd jeden \u010dlovek od narodenia a\u017e po d\u00f4chodok si mus\u00ed uzavrie\u0165 zdravotn\u00e9 poistenie s\u00e1m a s\u00e1m si ho aj mus\u00ed plati\u0165. Existuj\u00fa v\u00fdnimky ako je pr\u00e1ca v \u0161t\u00e1tnej slu\u017ebe, kde to za \u010dloveka plat\u00ed \u0161t\u00e1t.<\/p>\n\n\n\n<p>Zdravotn\u00e9 poistenie vo \u0160vaj\u010diarsku je ve\u013emi komplikovan\u00e1 z\u00e1le\u017eitos\u0165 a preto je ve\u013emi ale ve\u013emi d\u00f4le\u017eit\u00e9 aby si \u013eudia nechali poradi\u0165 od profesion\u00e1lov.<\/p>\n\n\n\n<p>Existuje tu viac ako 50 pois\u0165ovn\u00ed, tak si viete predstavi\u0165 ak\u00fd ve\u013ek\u00fd boj medzi nimi je len preto aby z\u00edskali klientov.<\/p>\n\n\n\n<p><strong>Poistenia<\/strong><\/p>\n\n\n\n<p>Vo \u0160vaj\u010diarsku, samotn\u00ed \u0160vaj\u010diari maj\u00fa mesa\u010dn\u00e9 v\u00fddavky na r\u00f4zne poistenia vo v\u00fd\u0161ke 20-25% z ich vlastn\u00fdch pr\u00edjmov. S\u00fa to v\u0161etko poistenia, ktor\u00e9 je d\u00f4le\u017eit\u00e9 ma\u0165, aby mohli v k\u013eude sp\u00e1va\u0165 ako sa hovor\u00ed&#8230;.<br>Vo \u0160vaj\u010diarsku sa d\u00e1 poisti\u0165 \u00faplne v\u0161etko a verte, \u017ee to tu funguje u\u017e 10-ro\u010dia. Je ve\u013emi d\u00f4le\u017eit\u00e9, aby si ka\u017ed\u00fd z V\u00e1s zistil akouko\u013evek formou, \u010do v\u0161etko je vo \u0160vaj\u010diarsku dobr\u00e9 ma\u0165 poisten\u00e9 a \u010do naopak sa pois\u0165uje u\u017e len z takej v\u00e4\u010d\u0161ej istoty pokojn\u00e9ho sp\u00e1nku.<\/p>\n\n\n\n<p><\/p>\n\n\n<div class=\"wp-block-image\">\n<figure class=\"aligncenter size-medium\"><img loading=\"lazy\" decoding=\"async\" width=\"300\" height=\"109\" src=\"https:\/\/www.kraliktomas-partners.com\/wp-content\/uploads\/2022\/06\/cropped-logo_modre1-300x109.png\" alt=\"\" class=\"wp-image-103\" srcset=\"https:\/\/www.kraliktomas-partners.com\/wp-content\/uploads\/2022\/06\/cropped-logo_modre1-300x109.png 300w, https:\/\/www.kraliktomas-partners.com\/wp-content\/uploads\/2022\/06\/cropped-logo_modre1-1024x371.png 1024w, https:\/\/www.kraliktomas-partners.com\/wp-content\/uploads\/2022\/06\/cropped-logo_modre1-768x279.png 768w, https:\/\/www.kraliktomas-partners.com\/wp-content\/uploads\/2022\/06\/cropped-logo_modre1-1536x557.png 1536w, https:\/\/www.kraliktomas-partners.com\/wp-content\/uploads\/2022\/06\/cropped-logo_modre1-2048x743.png 2048w, https:\/\/www.kraliktomas-partners.com\/wp-content\/uploads\/2022\/06\/cropped-logo_modre1-1920x696.png 1920w\" sizes=\"auto, (max-width: 300px) 100vw, 300px\" \/><\/figure>\n<\/div>","protected":false},"excerpt":{"rendered":"<p>\u0160vaj\u010diarsko je krajina poisten\u00ed. Zdravotn\u00e9 poistenie vo \u0160vaj\u010diarsku je jedin\u00e9 svojho druhu v Eur\u00f3pe. Ka\u017ed\u00fd jeden \u010dlovek od narodenia a\u017e po d\u00f4chodok si mus\u00ed uzavrie\u0165 zdravotn\u00e9 poistenie s\u00e1m a s\u00e1m si ho aj mus\u00ed plati\u0165. Existuj\u00fa v\u00fdnimky ako je pr\u00e1ca v \u0161t\u00e1tnej slu\u017ebe, kde to za \u010dloveka plat\u00ed \u0161t\u00e1t. Zdravotn\u00e9 poistenie vo \u0160vaj\u010diarsku je ve\u013emi&hellip; <br \/> <a class=\"read-more\" href=\"https:\/\/www.kraliktomas-partners.com\/?page_id=11\">Read more<\/a><\/p>\n","protected":false},"author":1,"featured_media":0,"parent":0,"menu_order":0,"comment_status":"closed","ping_status":"closed","template":"","meta":{"footnotes":""},"class_list":["post-11","page","type-page","status-publish","hentry"],"aioseo_notices":[],"yoast_head":"<!-- This site is optimized with the Yoast SEO plugin v27.4 - https:\/\/yoast.com\/product\/yoast-seo-wordpress\/ -->\n<title>Poistenie vo \u0160vaj\u010diarsku - Kralik Tomas and Partners<\/title>\n<meta name=\"robots\" content=\"index, follow, max-snippet:-1, max-image-preview:large, max-video-preview:-1\" \/>\n<link rel=\"canonical\" href=\"https:\/\/www.kraliktomas-partners.com\/?page_id=11\" \/>\n<meta property=\"og:locale\" content=\"sk_SK\" \/>\n<meta property=\"og:type\" content=\"article\" \/>\n<meta property=\"og:title\" content=\"Poistenie vo \u0160vaj\u010diarsku - Kralik Tomas and Partners\" \/>\n<meta property=\"og:description\" content=\"\u0160vaj\u010diarsko je krajina poisten\u00ed. Zdravotn\u00e9 poistenie vo \u0160vaj\u010diarsku je jedin\u00e9 svojho druhu v Eur\u00f3pe. Ka\u017ed\u00fd jeden \u010dlovek od narodenia a\u017e po d\u00f4chodok si mus\u00ed uzavrie\u0165 zdravotn\u00e9 poistenie s\u00e1m a s\u00e1m si ho aj mus\u00ed plati\u0165. Existuj\u00fa v\u00fdnimky ako je pr\u00e1ca v \u0161t\u00e1tnej slu\u017ebe, kde to za \u010dloveka plat\u00ed \u0161t\u00e1t. Zdravotn\u00e9 poistenie vo \u0160vaj\u010diarsku je ve\u013emi&hellip; Read more\" \/>\n<meta property=\"og:url\" content=\"https:\/\/www.kraliktomas-partners.com\/?page_id=11\" \/>\n<meta property=\"og:site_name\" content=\"Kralik Tomas and Partners\" \/>\n<meta property=\"article:publisher\" content=\"https:\/\/www.facebook.com\/Kralik-Tomas-Partners-103329075753200\" \/>\n<meta property=\"article:modified_time\" content=\"2022-06-28T11:49:24+00:00\" \/>\n<meta property=\"og:image\" content=\"https:\/\/www.kraliktomas-partners.com\/wp-content\/uploads\/2022\/06\/cropped-logo_modre1-300x109.png\" \/>\n<meta name=\"twitter:card\" content=\"summary_large_image\" \/>\n<meta name=\"twitter:label1\" content=\"Predpokladan\u00fd \u010das \u010d\u00edtania\" \/>\n\t<meta name=\"twitter:data1\" content=\"2 min\u00faty\" \/>\n<script type=\"application\/ld+json\" class=\"yoast-schema-graph\">{\"@context\":\"https:\\\/\\\/schema.org\",\"@graph\":[{\"@type\":\"WebPage\",\"@id\":\"https:\\\/\\\/www.kraliktomas-partners.com\\\/?page_id=11\",\"url\":\"https:\\\/\\\/www.kraliktomas-partners.com\\\/?page_id=11\",\"name\":\"Poistenie vo \u0160vaj\u010diarsku - Kralik Tomas and Partners\",\"isPartOf\":{\"@id\":\"https:\\\/\\\/www.kraliktomas-partners.com\\\/#website\"},\"primaryImageOfPage\":{\"@id\":\"https:\\\/\\\/www.kraliktomas-partners.com\\\/?page_id=11#primaryimage\"},\"image\":{\"@id\":\"https:\\\/\\\/www.kraliktomas-partners.com\\\/?page_id=11#primaryimage\"},\"thumbnailUrl\":\"https:\\\/\\\/www.kraliktomas-partners.com\\\/wp-content\\\/uploads\\\/2022\\\/06\\\/cropped-logo_modre1-300x109.png\",\"datePublished\":\"2022-06-24T12:38:16+00:00\",\"dateModified\":\"2022-06-28T11:49:24+00:00\",\"breadcrumb\":{\"@id\":\"https:\\\/\\\/www.kraliktomas-partners.com\\\/?page_id=11#breadcrumb\"},\"inLanguage\":\"sk-SK\",\"potentialAction\":[{\"@type\":\"ReadAction\",\"target\":[\"https:\\\/\\\/www.kraliktomas-partners.com\\\/?page_id=11\"]}]},{\"@type\":\"ImageObject\",\"inLanguage\":\"sk-SK\",\"@id\":\"https:\\\/\\\/www.kraliktomas-partners.com\\\/?page_id=11#primaryimage\",\"url\":\"https:\\\/\\\/www.kraliktomas-partners.com\\\/wp-content\\\/uploads\\\/2022\\\/06\\\/cropped-logo_modre1.png\",\"contentUrl\":\"https:\\\/\\\/www.kraliktomas-partners.com\\\/wp-content\\\/uploads\\\/2022\\\/06\\\/cropped-logo_modre1.png\",\"width\":2556,\"height\":927},{\"@type\":\"BreadcrumbList\",\"@id\":\"https:\\\/\\\/www.kraliktomas-partners.com\\\/?page_id=11#breadcrumb\",\"itemListElement\":[{\"@type\":\"ListItem\",\"position\":1,\"name\":\"Home\",\"item\":\"https:\\\/\\\/www.kraliktomas-partners.com\\\/\"},{\"@type\":\"ListItem\",\"position\":2,\"name\":\"Poistenie vo \u0160vaj\u010diarsku\"}]},{\"@type\":\"WebSite\",\"@id\":\"https:\\\/\\\/www.kraliktomas-partners.com\\\/#website\",\"url\":\"https:\\\/\\\/www.kraliktomas-partners.com\\\/\",\"name\":\"Kralik Tomas and Partners\",\"description\":\"Moje meno je z\u00e1rukou va\u0161ej spokojnosti\",\"publisher\":{\"@id\":\"https:\\\/\\\/www.kraliktomas-partners.com\\\/#organization\"},\"potentialAction\":[{\"@type\":\"SearchAction\",\"target\":{\"@type\":\"EntryPoint\",\"urlTemplate\":\"https:\\\/\\\/www.kraliktomas-partners.com\\\/?s={search_term_string}\"},\"query-input\":{\"@type\":\"PropertyValueSpecification\",\"valueRequired\":true,\"valueName\":\"search_term_string\"}}],\"inLanguage\":\"sk-SK\"},{\"@type\":\"Organization\",\"@id\":\"https:\\\/\\\/www.kraliktomas-partners.com\\\/#organization\",\"name\":\"Kralik Tomas and Partners\",\"url\":\"https:\\\/\\\/www.kraliktomas-partners.com\\\/\",\"logo\":{\"@type\":\"ImageObject\",\"inLanguage\":\"sk-SK\",\"@id\":\"https:\\\/\\\/www.kraliktomas-partners.com\\\/#\\\/schema\\\/logo\\\/image\\\/\",\"url\":\"https:\\\/\\\/www.kraliktomas-partners.com\\\/wp-content\\\/uploads\\\/2022\\\/06\\\/logo3.png\",\"contentUrl\":\"https:\\\/\\\/www.kraliktomas-partners.com\\\/wp-content\\\/uploads\\\/2022\\\/06\\\/logo3.png\",\"width\":3543,\"height\":2362,\"caption\":\"Kralik Tomas and Partners\"},\"image\":{\"@id\":\"https:\\\/\\\/www.kraliktomas-partners.com\\\/#\\\/schema\\\/logo\\\/image\\\/\"},\"sameAs\":[\"https:\\\/\\\/www.facebook.com\\\/Kralik-Tomas-Partners-103329075753200\"]}]}<\/script>\n<!-- \/ Yoast SEO plugin. -->","yoast_head_json":{"title":"Poistenie vo \u0160vaj\u010diarsku - Kralik Tomas and Partners","robots":{"index":"index","follow":"follow","max-snippet":"max-snippet:-1","max-image-preview":"max-image-preview:large","max-video-preview":"max-video-preview:-1"},"canonical":"https:\/\/www.kraliktomas-partners.com\/?page_id=11","og_locale":"sk_SK","og_type":"article","og_title":"Poistenie vo \u0160vaj\u010diarsku - Kralik Tomas and Partners","og_description":"\u0160vaj\u010diarsko je krajina poisten\u00ed. Zdravotn\u00e9 poistenie vo \u0160vaj\u010diarsku je jedin\u00e9 svojho druhu v Eur\u00f3pe. Ka\u017ed\u00fd jeden \u010dlovek od narodenia a\u017e po d\u00f4chodok si mus\u00ed uzavrie\u0165 zdravotn\u00e9 poistenie s\u00e1m a s\u00e1m si ho aj mus\u00ed plati\u0165. Existuj\u00fa v\u00fdnimky ako je pr\u00e1ca v \u0161t\u00e1tnej slu\u017ebe, kde to za \u010dloveka plat\u00ed \u0161t\u00e1t. Zdravotn\u00e9 poistenie vo \u0160vaj\u010diarsku je ve\u013emi&hellip; Read more","og_url":"https:\/\/www.kraliktomas-partners.com\/?page_id=11","og_site_name":"Kralik Tomas and Partners","article_publisher":"https:\/\/www.facebook.com\/Kralik-Tomas-Partners-103329075753200","article_modified_time":"2022-06-28T11:49:24+00:00","og_image":[{"url":"https:\/\/www.kraliktomas-partners.com\/wp-content\/uploads\/2022\/06\/cropped-logo_modre1-300x109.png","type":"","width":"","height":""}],"twitter_card":"summary_large_image","twitter_misc":{"Predpokladan\u00fd \u010das \u010d\u00edtania":"2 min\u00faty"},"schema":{"@context":"https:\/\/schema.org","@graph":[{"@type":"WebPage","@id":"https:\/\/www.kraliktomas-partners.com\/?page_id=11","url":"https:\/\/www.kraliktomas-partners.com\/?page_id=11","name":"Poistenie vo \u0160vaj\u010diarsku - Kralik Tomas and Partners","isPartOf":{"@id":"https:\/\/www.kraliktomas-partners.com\/#website"},"primaryImageOfPage":{"@id":"https:\/\/www.kraliktomas-partners.com\/?page_id=11#primaryimage"},"image":{"@id":"https:\/\/www.kraliktomas-partners.com\/?page_id=11#primaryimage"},"thumbnailUrl":"https:\/\/www.kraliktomas-partners.com\/wp-content\/uploads\/2022\/06\/cropped-logo_modre1-300x109.png","datePublished":"2022-06-24T12:38:16+00:00","dateModified":"2022-06-28T11:49:24+00:00","breadcrumb":{"@id":"https:\/\/www.kraliktomas-partners.com\/?page_id=11#breadcrumb"},"inLanguage":"sk-SK","potentialAction":[{"@type":"ReadAction","target":["https:\/\/www.kraliktomas-partners.com\/?page_id=11"]}]},{"@type":"ImageObject","inLanguage":"sk-SK","@id":"https:\/\/www.kraliktomas-partners.com\/?page_id=11#primaryimage","url":"https:\/\/www.kraliktomas-partners.com\/wp-content\/uploads\/2022\/06\/cropped-logo_modre1.png","contentUrl":"https:\/\/www.kraliktomas-partners.com\/wp-content\/uploads\/2022\/06\/cropped-logo_modre1.png","width":2556,"height":927},{"@type":"BreadcrumbList","@id":"https:\/\/www.kraliktomas-partners.com\/?page_id=11#breadcrumb","itemListElement":[{"@type":"ListItem","position":1,"name":"Home","item":"https:\/\/www.kraliktomas-partners.com\/"},{"@type":"ListItem","position":2,"name":"Poistenie vo \u0160vaj\u010diarsku"}]},{"@type":"WebSite","@id":"https:\/\/www.kraliktomas-partners.com\/#website","url":"https:\/\/www.kraliktomas-partners.com\/","name":"Kralik Tomas and Partners","description":"Moje meno je z\u00e1rukou va\u0161ej spokojnosti","publisher":{"@id":"https:\/\/www.kraliktomas-partners.com\/#organization"},"potentialAction":[{"@type":"SearchAction","target":{"@type":"EntryPoint","urlTemplate":"https:\/\/www.kraliktomas-partners.com\/?s={search_term_string}"},"query-input":{"@type":"PropertyValueSpecification","valueRequired":true,"valueName":"search_term_string"}}],"inLanguage":"sk-SK"},{"@type":"Organization","@id":"https:\/\/www.kraliktomas-partners.com\/#organization","name":"Kralik Tomas and Partners","url":"https:\/\/www.kraliktomas-partners.com\/","logo":{"@type":"ImageObject","inLanguage":"sk-SK","@id":"https:\/\/www.kraliktomas-partners.com\/#\/schema\/logo\/image\/","url":"https:\/\/www.kraliktomas-partners.com\/wp-content\/uploads\/2022\/06\/logo3.png","contentUrl":"https:\/\/www.kraliktomas-partners.com\/wp-content\/uploads\/2022\/06\/logo3.png","width":3543,"height":2362,"caption":"Kralik Tomas and Partners"},"image":{"@id":"https:\/\/www.kraliktomas-partners.com\/#\/schema\/logo\/image\/"},"sameAs":["https:\/\/www.facebook.com\/Kralik-Tomas-Partners-103329075753200"]}]}},"_links":{"self":[{"href":"https:\/\/www.kraliktomas-partners.com\/index.php?rest_route=\/wp\/v2\/pages\/11","targetHints":{"allow":["GET"]}}],"collection":[{"href":"https:\/\/www.kraliktomas-partners.com\/index.php?rest_route=\/wp\/v2\/pages"}],"about":[{"href":"https:\/\/www.kraliktomas-partners.com\/index.php?rest_route=\/wp\/v2\/types\/page"}],"author":[{"embeddable":true,"href":"https:\/\/www.kraliktomas-partners.com\/index.php?rest_route=\/wp\/v2\/users\/1"}],"replies":[{"embeddable":true,"href":"https:\/\/www.kraliktomas-partners.com\/index.php?rest_route=%2Fwp%2Fv2%2Fcomments&post=11"}],"version-history":[{"count":6,"href":"https:\/\/www.kraliktomas-partners.com\/index.php?rest_route=\/wp\/v2\/pages\/11\/revisions"}],"predecessor-version":[{"id":297,"href":"https:\/\/www.kraliktomas-partners.com\/index.php?rest_route=\/wp\/v2\/pages\/11\/revisions\/297"}],"wp:attachment":[{"href":"https:\/\/www.kraliktomas-partners.com\/index.php?rest_route=%2Fwp%2Fv2%2Fmedia&parent=11"}],"curies":[{"name":"wp","href":"https:\/\/api.w.org\/{rel}","templated":true}]}}