{"id":2,"date":"2022-06-24T11:26:39","date_gmt":"2022-06-24T11:26:39","guid":{"rendered":"https:\/\/www.kraliktomas-partners.com\/?page_id=2"},"modified":"2025-01-10T08:46:43","modified_gmt":"2025-01-10T08:46:43","slug":"sample-page","status":"publish","type":"page","link":"https:\/\/www.kraliktomas-partners.com\/?page_id=2","title":{"rendered":"O mne"},"content":{"rendered":"\n<div class=\"wp-block-media-text alignwide has-media-on-the-right is-stacked-on-mobile\"><div class=\"wp-block-media-text__content\">\n<p class=\"has-text-align-right has-medium-font-size\">Na\u0161e slu\u017eby pon\u00fakam v slovenskom, \u010deskom, nemeckom, anglickom a po\u013eskom jazyku.\u00a0 Vol\u00e1m sa Tom\u00e1\u0161 Kr\u00e1lik a moje meno je z\u00e1rukou Va\u0161ej spokojnosti.<\/p>\n<\/div><figure class=\"wp-block-media-text__media\"><img loading=\"lazy\" decoding=\"async\" width=\"716\" height=\"711\" src=\"https:\/\/www.kraliktomas-partners.com\/wp-content\/uploads\/2022\/06\/IMG-20201029-WA0017.jpg\" alt=\"\" class=\"wp-image-260 size-full\" srcset=\"https:\/\/www.kraliktomas-partners.com\/wp-content\/uploads\/2022\/06\/IMG-20201029-WA0017.jpg 716w, https:\/\/www.kraliktomas-partners.com\/wp-content\/uploads\/2022\/06\/IMG-20201029-WA0017-300x298.jpg 300w, https:\/\/www.kraliktomas-partners.com\/wp-content\/uploads\/2022\/06\/IMG-20201029-WA0017-150x150.jpg 150w\" sizes=\"auto, (max-width: 716px) 100vw, 716px\" \/><\/figure><\/div>\n\n\n\n<p><\/p>\n\n\n\n<hr class=\"wp-block-separator has-alpha-channel-opacity\"\/>\n\n\n\n<p><\/p>\n\n\n\n<p><\/p>\n\n\n\n<p>Mojej pr\u00e1ci sa venujem naplno, \u010do sa odr\u00e1\u017ea v kvalite poskytovan\u00fdch slu\u017eieb. V tejto brad\u017ei som u\u017e 7mi rok, klienti ma n\u00e1jdu v Kantone Z\u00fcrich. ale samozrejme p\u00f4sob\u00edme po celom \u0160vaj\u010diarsku.<\/p>\n\n\n\n<p>Na\u0161a spolo\u010dnos\u0165 zabezpe\u010duje kompletn\u00e9 finan\u010dn\u00e9 portf\u00f3lio. Vo \u0160vaj\u010diarsku pon\u00fakame v\u0161etky druhy poistenia, bez\u00fa\u010delov\u00e9 p\u00f4\u017ei\u010dky, sporiace programy od najmen\u0161\u00edch a\u017e po dospel\u00e9 osoby, investovanie, komplexn\u00fd servis pri k\u00fape nehnute\u013enost\u00ed, da\u0148ov\u00e9 poradenstvo, pomoc pri zalo\u017een\u00ed firmy \u010di u\u017e \u017eivnosti alebo s.r.o.(GmbH), predaj nehnute\u013enost\u00ed, kompletn\u00e9 inform\u00e1cie o soci\u00e1lnom alebo d\u00f4chodkovom syst\u00e9me vo \u0160vaj\u010diarsku a v neposlednom rade komplexn\u00e9 \u00fa\u010dtovn\u00edctvo pre s\u00fakromn\u00e9 osoby alebo firmy.<\/p>\n\n\n\n<p>Na\u0161e slu\u017eby pon\u00fakam v slovenskom, \u010deskom, nemeckom, anglickom a po\u013eskom jazyku. Samozrejme, \u017ee sme ochotn\u00fd pr\u00eds\u0165 aj za na\u0161imi klientmi pokia\u013e im situ\u00e1cia nedovo\u013euje sa s nami stretn\u00fa\u0165 na na\u0161ich pobo\u010dk\u00e1ch. Pred rokom sa spustila pre V\u00e1s online linka, ktor\u00e1 sl\u00fa\u017ei Klientom, ktor\u00fd si zak\u00fapia u n\u00e1s jeden z troch bal\u00ed\u010dkov v ktor\u00fdch n\u00e1jdu r\u00f4zne v\u00fdhody a benefity.&nbsp;<strong><u>Call centrum, kde sa v\u017edy dovol\u00e1te.<\/u><\/strong><br>Vol\u00e1m sa Tom\u00e1\u0161 Kr\u00e1lik a moje meno je z\u00e1rukou Va\u0161ej spokojnosti.<\/p>\n\n\n<div class=\"wp-block-image\">\n<figure class=\"aligncenter size-medium\"><img loading=\"lazy\" decoding=\"async\" width=\"300\" height=\"200\" src=\"https:\/\/www.kraliktomas-partners.com\/wp-content\/uploads\/2022\/06\/logo1-300x200.png\" alt=\"\" class=\"wp-image-86\" srcset=\"https:\/\/www.kraliktomas-partners.com\/wp-content\/uploads\/2022\/06\/logo1-300x200.png 300w, https:\/\/www.kraliktomas-partners.com\/wp-content\/uploads\/2022\/06\/logo1-1024x683.png 1024w, https:\/\/www.kraliktomas-partners.com\/wp-content\/uploads\/2022\/06\/logo1-768x512.png 768w, https:\/\/www.kraliktomas-partners.com\/wp-content\/uploads\/2022\/06\/logo1-1536x1024.png 1536w, https:\/\/www.kraliktomas-partners.com\/wp-content\/uploads\/2022\/06\/logo1-2048x1365.png 2048w, https:\/\/www.kraliktomas-partners.com\/wp-content\/uploads\/2022\/06\/logo1-1620x1080.png 1620w\" sizes=\"auto, (max-width: 300px) 100vw, 300px\" \/><\/figure>\n<\/div>","protected":false},"excerpt":{"rendered":"<p>Na\u0161e slu\u017eby pon\u00fakam v slovenskom, \u010deskom, nemeckom, anglickom a po\u013eskom jazyku.\u00a0 Vol\u00e1m sa Tom\u00e1\u0161 Kr\u00e1lik a moje meno je z\u00e1rukou Va\u0161ej spokojnosti. Mojej pr\u00e1ci sa venujem naplno, \u010do sa odr\u00e1\u017ea v kvalite poskytovan\u00fdch slu\u017eieb. V tejto brad\u017ei som u\u017e 7mi rok, klienti ma n\u00e1jdu v Kantone Z\u00fcrich. ale samozrejme p\u00f4sob\u00edme po celom \u0160vaj\u010diarsku. Na\u0161a spolo\u010dnos\u0165&hellip; <br \/> <a class=\"read-more\" href=\"https:\/\/www.kraliktomas-partners.com\/?page_id=2\">Read more<\/a><\/p>\n","protected":false},"author":1,"featured_media":0,"parent":0,"menu_order":0,"comment_status":"closed","ping_status":"open","template":"","meta":{"footnotes":""},"class_list":["post-2","page","type-page","status-publish","hentry"],"aioseo_notices":[],"yoast_head":"<!-- This site is optimized with the Yoast SEO plugin v27.4 - https:\/\/yoast.com\/product\/yoast-seo-wordpress\/ -->\n<title>O mne - Kralik Tomas and Partners<\/title>\n<meta name=\"robots\" content=\"index, follow, max-snippet:-1, max-image-preview:large, max-video-preview:-1\" \/>\n<link rel=\"canonical\" href=\"https:\/\/www.kraliktomas-partners.com\/?page_id=2\" \/>\n<meta property=\"og:locale\" content=\"sk_SK\" \/>\n<meta property=\"og:type\" content=\"article\" \/>\n<meta property=\"og:title\" content=\"O mne - Kralik Tomas and Partners\" \/>\n<meta property=\"og:description\" content=\"Na\u0161e slu\u017eby pon\u00fakam v slovenskom, \u010deskom, nemeckom, anglickom a po\u013eskom jazyku.\u00a0 Vol\u00e1m sa Tom\u00e1\u0161 Kr\u00e1lik a moje meno je z\u00e1rukou Va\u0161ej spokojnosti. Mojej pr\u00e1ci sa venujem naplno, \u010do sa odr\u00e1\u017ea v kvalite poskytovan\u00fdch slu\u017eieb. V tejto brad\u017ei som u\u017e 7mi rok, klienti ma n\u00e1jdu v Kantone Z\u00fcrich. ale samozrejme p\u00f4sob\u00edme po celom \u0160vaj\u010diarsku. Na\u0161a spolo\u010dnos\u0165&hellip; Read more\" \/>\n<meta property=\"og:url\" content=\"https:\/\/www.kraliktomas-partners.com\/?page_id=2\" \/>\n<meta property=\"og:site_name\" content=\"Kralik Tomas and Partners\" \/>\n<meta property=\"article:publisher\" content=\"https:\/\/www.facebook.com\/Kralik-Tomas-Partners-103329075753200\" \/>\n<meta property=\"article:modified_time\" content=\"2025-01-10T08:46:43+00:00\" \/>\n<meta property=\"og:image\" content=\"https:\/\/www.kraliktomas-partners.com\/wp-content\/uploads\/2022\/06\/IMG-20201029-WA0017.jpg\" \/>\n\t<meta property=\"og:image:width\" content=\"716\" \/>\n\t<meta property=\"og:image:height\" content=\"711\" \/>\n\t<meta property=\"og:image:type\" content=\"image\/jpeg\" \/>\n<meta name=\"twitter:card\" content=\"summary_large_image\" \/>\n<meta name=\"twitter:label1\" content=\"Predpokladan\u00fd \u010das \u010d\u00edtania\" \/>\n\t<meta name=\"twitter:data1\" content=\"2 min\u00faty\" \/>\n<script type=\"application\/ld+json\" class=\"yoast-schema-graph\">{\"@context\":\"https:\\\/\\\/schema.org\",\"@graph\":[{\"@type\":\"WebPage\",\"@id\":\"https:\\\/\\\/www.kraliktomas-partners.com\\\/?page_id=2\",\"url\":\"https:\\\/\\\/www.kraliktomas-partners.com\\\/?page_id=2\",\"name\":\"O mne - Kralik Tomas and Partners\",\"isPartOf\":{\"@id\":\"https:\\\/\\\/www.kraliktomas-partners.com\\\/#website\"},\"primaryImageOfPage\":{\"@id\":\"https:\\\/\\\/www.kraliktomas-partners.com\\\/?page_id=2#primaryimage\"},\"image\":{\"@id\":\"https:\\\/\\\/www.kraliktomas-partners.com\\\/?page_id=2#primaryimage\"},\"thumbnailUrl\":\"https:\\\/\\\/www.kraliktomas-partners.com\\\/wp-content\\\/uploads\\\/2022\\\/06\\\/IMG-20201029-WA0017.jpg\",\"datePublished\":\"2022-06-24T11:26:39+00:00\",\"dateModified\":\"2025-01-10T08:46:43+00:00\",\"breadcrumb\":{\"@id\":\"https:\\\/\\\/www.kraliktomas-partners.com\\\/?page_id=2#breadcrumb\"},\"inLanguage\":\"sk-SK\",\"potentialAction\":[{\"@type\":\"ReadAction\",\"target\":[\"https:\\\/\\\/www.kraliktomas-partners.com\\\/?page_id=2\"]}]},{\"@type\":\"ImageObject\",\"inLanguage\":\"sk-SK\",\"@id\":\"https:\\\/\\\/www.kraliktomas-partners.com\\\/?page_id=2#primaryimage\",\"url\":\"https:\\\/\\\/www.kraliktomas-partners.com\\\/wp-content\\\/uploads\\\/2022\\\/06\\\/IMG-20201029-WA0017.jpg\",\"contentUrl\":\"https:\\\/\\\/www.kraliktomas-partners.com\\\/wp-content\\\/uploads\\\/2022\\\/06\\\/IMG-20201029-WA0017.jpg\",\"width\":716,\"height\":711},{\"@type\":\"BreadcrumbList\",\"@id\":\"https:\\\/\\\/www.kraliktomas-partners.com\\\/?page_id=2#breadcrumb\",\"itemListElement\":[{\"@type\":\"ListItem\",\"position\":1,\"name\":\"Home\",\"item\":\"https:\\\/\\\/www.kraliktomas-partners.com\\\/\"},{\"@type\":\"ListItem\",\"position\":2,\"name\":\"O mne\"}]},{\"@type\":\"WebSite\",\"@id\":\"https:\\\/\\\/www.kraliktomas-partners.com\\\/#website\",\"url\":\"https:\\\/\\\/www.kraliktomas-partners.com\\\/\",\"name\":\"Kralik Tomas and Partners\",\"description\":\"Moje meno je z\u00e1rukou va\u0161ej spokojnosti\",\"publisher\":{\"@id\":\"https:\\\/\\\/www.kraliktomas-partners.com\\\/#organization\"},\"potentialAction\":[{\"@type\":\"SearchAction\",\"target\":{\"@type\":\"EntryPoint\",\"urlTemplate\":\"https:\\\/\\\/www.kraliktomas-partners.com\\\/?s={search_term_string}\"},\"query-input\":{\"@type\":\"PropertyValueSpecification\",\"valueRequired\":true,\"valueName\":\"search_term_string\"}}],\"inLanguage\":\"sk-SK\"},{\"@type\":\"Organization\",\"@id\":\"https:\\\/\\\/www.kraliktomas-partners.com\\\/#organization\",\"name\":\"Kralik Tomas and Partners\",\"url\":\"https:\\\/\\\/www.kraliktomas-partners.com\\\/\",\"logo\":{\"@type\":\"ImageObject\",\"inLanguage\":\"sk-SK\",\"@id\":\"https:\\\/\\\/www.kraliktomas-partners.com\\\/#\\\/schema\\\/logo\\\/image\\\/\",\"url\":\"https:\\\/\\\/www.kraliktomas-partners.com\\\/wp-content\\\/uploads\\\/2022\\\/06\\\/logo3.png\",\"contentUrl\":\"https:\\\/\\\/www.kraliktomas-partners.com\\\/wp-content\\\/uploads\\\/2022\\\/06\\\/logo3.png\",\"width\":3543,\"height\":2362,\"caption\":\"Kralik Tomas and Partners\"},\"image\":{\"@id\":\"https:\\\/\\\/www.kraliktomas-partners.com\\\/#\\\/schema\\\/logo\\\/image\\\/\"},\"sameAs\":[\"https:\\\/\\\/www.facebook.com\\\/Kralik-Tomas-Partners-103329075753200\"]}]}<\/script>\n<!-- \/ Yoast SEO plugin. -->","yoast_head_json":{"title":"O mne - Kralik Tomas and Partners","robots":{"index":"index","follow":"follow","max-snippet":"max-snippet:-1","max-image-preview":"max-image-preview:large","max-video-preview":"max-video-preview:-1"},"canonical":"https:\/\/www.kraliktomas-partners.com\/?page_id=2","og_locale":"sk_SK","og_type":"article","og_title":"O mne - Kralik Tomas and Partners","og_description":"Na\u0161e slu\u017eby pon\u00fakam v slovenskom, \u010deskom, nemeckom, anglickom a po\u013eskom jazyku.\u00a0 Vol\u00e1m sa Tom\u00e1\u0161 Kr\u00e1lik a moje meno je z\u00e1rukou Va\u0161ej spokojnosti. Mojej pr\u00e1ci sa venujem naplno, \u010do sa odr\u00e1\u017ea v kvalite poskytovan\u00fdch slu\u017eieb. V tejto brad\u017ei som u\u017e 7mi rok, klienti ma n\u00e1jdu v Kantone Z\u00fcrich. ale samozrejme p\u00f4sob\u00edme po celom \u0160vaj\u010diarsku. Na\u0161a spolo\u010dnos\u0165&hellip; Read more","og_url":"https:\/\/www.kraliktomas-partners.com\/?page_id=2","og_site_name":"Kralik Tomas and Partners","article_publisher":"https:\/\/www.facebook.com\/Kralik-Tomas-Partners-103329075753200","article_modified_time":"2025-01-10T08:46:43+00:00","og_image":[{"width":716,"height":711,"url":"https:\/\/www.kraliktomas-partners.com\/wp-content\/uploads\/2022\/06\/IMG-20201029-WA0017.jpg","type":"image\/jpeg"}],"twitter_card":"summary_large_image","twitter_misc":{"Predpokladan\u00fd \u010das \u010d\u00edtania":"2 min\u00faty"},"schema":{"@context":"https:\/\/schema.org","@graph":[{"@type":"WebPage","@id":"https:\/\/www.kraliktomas-partners.com\/?page_id=2","url":"https:\/\/www.kraliktomas-partners.com\/?page_id=2","name":"O mne - Kralik Tomas and Partners","isPartOf":{"@id":"https:\/\/www.kraliktomas-partners.com\/#website"},"primaryImageOfPage":{"@id":"https:\/\/www.kraliktomas-partners.com\/?page_id=2#primaryimage"},"image":{"@id":"https:\/\/www.kraliktomas-partners.com\/?page_id=2#primaryimage"},"thumbnailUrl":"https:\/\/www.kraliktomas-partners.com\/wp-content\/uploads\/2022\/06\/IMG-20201029-WA0017.jpg","datePublished":"2022-06-24T11:26:39+00:00","dateModified":"2025-01-10T08:46:43+00:00","breadcrumb":{"@id":"https:\/\/www.kraliktomas-partners.com\/?page_id=2#breadcrumb"},"inLanguage":"sk-SK","potentialAction":[{"@type":"ReadAction","target":["https:\/\/www.kraliktomas-partners.com\/?page_id=2"]}]},{"@type":"ImageObject","inLanguage":"sk-SK","@id":"https:\/\/www.kraliktomas-partners.com\/?page_id=2#primaryimage","url":"https:\/\/www.kraliktomas-partners.com\/wp-content\/uploads\/2022\/06\/IMG-20201029-WA0017.jpg","contentUrl":"https:\/\/www.kraliktomas-partners.com\/wp-content\/uploads\/2022\/06\/IMG-20201029-WA0017.jpg","width":716,"height":711},{"@type":"BreadcrumbList","@id":"https:\/\/www.kraliktomas-partners.com\/?page_id=2#breadcrumb","itemListElement":[{"@type":"ListItem","position":1,"name":"Home","item":"https:\/\/www.kraliktomas-partners.com\/"},{"@type":"ListItem","position":2,"name":"O mne"}]},{"@type":"WebSite","@id":"https:\/\/www.kraliktomas-partners.com\/#website","url":"https:\/\/www.kraliktomas-partners.com\/","name":"Kralik Tomas and Partners","description":"Moje meno je z\u00e1rukou va\u0161ej spokojnosti","publisher":{"@id":"https:\/\/www.kraliktomas-partners.com\/#organization"},"potentialAction":[{"@type":"SearchAction","target":{"@type":"EntryPoint","urlTemplate":"https:\/\/www.kraliktomas-partners.com\/?s={search_term_string}"},"query-input":{"@type":"PropertyValueSpecification","valueRequired":true,"valueName":"search_term_string"}}],"inLanguage":"sk-SK"},{"@type":"Organization","@id":"https:\/\/www.kraliktomas-partners.com\/#organization","name":"Kralik Tomas and Partners","url":"https:\/\/www.kraliktomas-partners.com\/","logo":{"@type":"ImageObject","inLanguage":"sk-SK","@id":"https:\/\/www.kraliktomas-partners.com\/#\/schema\/logo\/image\/","url":"https:\/\/www.kraliktomas-partners.com\/wp-content\/uploads\/2022\/06\/logo3.png","contentUrl":"https:\/\/www.kraliktomas-partners.com\/wp-content\/uploads\/2022\/06\/logo3.png","width":3543,"height":2362,"caption":"Kralik Tomas and Partners"},"image":{"@id":"https:\/\/www.kraliktomas-partners.com\/#\/schema\/logo\/image\/"},"sameAs":["https:\/\/www.facebook.com\/Kralik-Tomas-Partners-103329075753200"]}]}},"_links":{"self":[{"href":"https:\/\/www.kraliktomas-partners.com\/index.php?rest_route=\/wp\/v2\/pages\/2","targetHints":{"allow":["GET"]}}],"collection":[{"href":"https:\/\/www.kraliktomas-partners.com\/index.php?rest_route=\/wp\/v2\/pages"}],"about":[{"href":"https:\/\/www.kraliktomas-partners.com\/index.php?rest_route=\/wp\/v2\/types\/page"}],"author":[{"embeddable":true,"href":"https:\/\/www.kraliktomas-partners.com\/index.php?rest_route=\/wp\/v2\/users\/1"}],"replies":[{"embeddable":true,"href":"https:\/\/www.kraliktomas-partners.com\/index.php?rest_route=%2Fwp%2Fv2%2Fcomments&post=2"}],"version-history":[{"count":6,"href":"https:\/\/www.kraliktomas-partners.com\/index.php?rest_route=\/wp\/v2\/pages\/2\/revisions"}],"predecessor-version":[{"id":801,"href":"https:\/\/www.kraliktomas-partners.com\/index.php?rest_route=\/wp\/v2\/pages\/2\/revisions\/801"}],"wp:attachment":[{"href":"https:\/\/www.kraliktomas-partners.com\/index.php?rest_route=%2Fwp%2Fv2%2Fmedia&parent=2"}],"curies":[{"name":"wp","href":"https:\/\/api.w.org\/{rel}","templated":true}]}}