{"id":246,"date":"2022-06-28T09:17:00","date_gmt":"2022-06-28T09:17:00","guid":{"rendered":"https:\/\/www.kraliktomas-partners.com\/?page_id=246"},"modified":"2022-06-28T11:48:55","modified_gmt":"2022-06-28T11:48:55","slug":"poistenie-auta","status":"publish","type":"page","link":"https:\/\/www.kraliktomas-partners.com\/?page_id=246","title":{"rendered":"Poistenie auta"},"content":{"rendered":"\n<p><strong>Poistenie auta | Autoversicherung<\/strong><\/p>\n\n\n\n<p><strong>Povinn\u00e9 poistenie automobilu PZP (Haftpflichtversicherung)<\/strong><\/p>\n\n\n\n<p>Vo \u0160vaj\u010diarsku sa rozde\u013euje poistenie motoroveho vozidla do troch z\u00e1kladn\u00fdch modelov a ka\u017ed\u00e1 jedna pois\u0165ov\u0148a pon\u00faka doplnky k poisteniu (zusatzversicherung). <\/p>\n\n\n\n<p><strong>Haftpflicht (PZP)<\/strong> je povinn\u00e9 zmluvn\u00e9 poistenie motorov\u00e9ho vozidla. Poistenie ak\u00e9 pozn\u00e1me aj so Slovenska. Ako u in\u00fdch poistiek aj v z\u00e1kladnej poistke na auto je viacero mo\u017enost\u00ed, ktor\u00e9 je dobr\u00e9 vedie\u0165 pred uzavret\u00edm zmluvy. Poistka sa tu rozde\u013euje do viacero skup\u00edn, kde sa berie do \u00favahy vek vodi\u010da, n\u00e1rodnos\u0165 vodi\u010da a ako dlho vlastn\u00ed vodi\u010dsk\u00e9 opr\u00e1vnenie. Preto je nevyhnutn\u00e9 aby ste aj pri tomto poisten\u00ed kontaktovali profesionalov.&nbsp;&nbsp;&nbsp;&nbsp;&nbsp;&nbsp;&nbsp;&nbsp;&nbsp;&nbsp;&nbsp;&nbsp;&nbsp;&nbsp;&nbsp;&nbsp;&nbsp;&nbsp;&nbsp;&nbsp;&nbsp;&nbsp;&nbsp;&nbsp;&nbsp;&nbsp;&nbsp;&nbsp;&nbsp;&nbsp; <\/p>\n\n\n\n<p><strong>Teilkasko:<\/strong> to je poistenie, ktor\u00e9 n\u00e1m kryje napr\u00edklad stret so zverou, vandalizmus, kr\u00e1de\u017e, rozbit\u00e9 \u010deln\u00e9 sklo, \u017eiveln\u00e9 pohromy ako krupobytie, povodne at\u010f&#8230;. <\/p>\n\n\n\n<p><strong>Kolisionkassko:<\/strong> toto poistenie pozn\u00e1me zo Slovenska ako havarijn\u00e1 poistka. A pri tomto poisten\u00ed je dobre si zisti\u0165 presn\u00e9 krytie, nako\u013eko ka\u017ed\u00e1 jedna pois\u0165ov\u0148a m\u00e1 osobitn\u00e9 ponuky, vlastn\u00e9 ceny a samozrejme v\u00fd\u0161ku spolu\u00fa\u010dasti pri nehode.&nbsp;<\/p>\n\n\n\n<p><strong>Doplnky k poisteniu motoroveho vozidla (Zusatzversicherung): <\/strong>pri tomto doplnku je ka\u017ed\u00e1 pois\u0165ov\u0148a \u0161pecifick\u00e1. Zah\u0155\u0148a sa do toho napr\u00edklad od\u0165ahov\u00e1 slu\u017eba (Assistent-pannenhilfe), po\u0161kodenie vozidla na parkovisku alebo pri parkovan\u00ed, poistenie pos\u00e1dky v aute v pr\u00edpade nehody a ve\u013ea in\u00e9ho&#8230;&#8230;..<\/p>\n\n\n<div class=\"wp-block-image\">\n<figure class=\"aligncenter size-medium\"><img loading=\"lazy\" decoding=\"async\" width=\"300\" height=\"109\" src=\"https:\/\/www.kraliktomas-partners.com\/wp-content\/uploads\/2022\/06\/cropped-logo_modre1-300x109.png\" alt=\"\" class=\"wp-image-103\" srcset=\"https:\/\/www.kraliktomas-partners.com\/wp-content\/uploads\/2022\/06\/cropped-logo_modre1-300x109.png 300w, https:\/\/www.kraliktomas-partners.com\/wp-content\/uploads\/2022\/06\/cropped-logo_modre1-1024x371.png 1024w, https:\/\/www.kraliktomas-partners.com\/wp-content\/uploads\/2022\/06\/cropped-logo_modre1-768x279.png 768w, https:\/\/www.kraliktomas-partners.com\/wp-content\/uploads\/2022\/06\/cropped-logo_modre1-1536x557.png 1536w, https:\/\/www.kraliktomas-partners.com\/wp-content\/uploads\/2022\/06\/cropped-logo_modre1-2048x743.png 2048w, https:\/\/www.kraliktomas-partners.com\/wp-content\/uploads\/2022\/06\/cropped-logo_modre1-1920x696.png 1920w\" sizes=\"auto, (max-width: 300px) 100vw, 300px\" \/><\/figure>\n<\/div>","protected":false},"excerpt":{"rendered":"<p>Poistenie auta | Autoversicherung Povinn\u00e9 poistenie automobilu PZP (Haftpflichtversicherung) Vo \u0160vaj\u010diarsku sa rozde\u013euje poistenie motoroveho vozidla do troch z\u00e1kladn\u00fdch modelov a ka\u017ed\u00e1 jedna pois\u0165ov\u0148a pon\u00faka doplnky k poisteniu (zusatzversicherung). Haftpflicht (PZP) je povinn\u00e9 zmluvn\u00e9 poistenie motorov\u00e9ho vozidla. Poistenie ak\u00e9 pozn\u00e1me aj so Slovenska. Ako u in\u00fdch poistiek aj v z\u00e1kladnej poistke na auto je viacero&hellip; <br \/> <a class=\"read-more\" href=\"https:\/\/www.kraliktomas-partners.com\/?page_id=246\">Read more<\/a><\/p>\n","protected":false},"author":1,"featured_media":0,"parent":0,"menu_order":0,"comment_status":"closed","ping_status":"closed","template":"","meta":{"footnotes":""},"class_list":["post-246","page","type-page","status-publish","hentry"],"aioseo_notices":[],"yoast_head":"<!-- This site is optimized with the Yoast SEO plugin v27.4 - https:\/\/yoast.com\/product\/yoast-seo-wordpress\/ -->\n<title>Poistenie auta - Kralik Tomas and Partners<\/title>\n<meta name=\"robots\" content=\"index, follow, max-snippet:-1, max-image-preview:large, max-video-preview:-1\" \/>\n<link rel=\"canonical\" href=\"https:\/\/www.kraliktomas-partners.com\/?page_id=246\" \/>\n<meta property=\"og:locale\" content=\"sk_SK\" \/>\n<meta property=\"og:type\" content=\"article\" \/>\n<meta property=\"og:title\" content=\"Poistenie auta - Kralik Tomas and Partners\" \/>\n<meta property=\"og:description\" content=\"Poistenie auta | Autoversicherung Povinn\u00e9 poistenie automobilu PZP (Haftpflichtversicherung) Vo \u0160vaj\u010diarsku sa rozde\u013euje poistenie motoroveho vozidla do troch z\u00e1kladn\u00fdch modelov a ka\u017ed\u00e1 jedna pois\u0165ov\u0148a pon\u00faka doplnky k poisteniu (zusatzversicherung). Haftpflicht (PZP) je povinn\u00e9 zmluvn\u00e9 poistenie motorov\u00e9ho vozidla. Poistenie ak\u00e9 pozn\u00e1me aj so Slovenska. Ako u in\u00fdch poistiek aj v z\u00e1kladnej poistke na auto je viacero&hellip; Read more\" \/>\n<meta property=\"og:url\" content=\"https:\/\/www.kraliktomas-partners.com\/?page_id=246\" \/>\n<meta property=\"og:site_name\" content=\"Kralik Tomas and Partners\" \/>\n<meta property=\"article:publisher\" content=\"https:\/\/www.facebook.com\/Kralik-Tomas-Partners-103329075753200\" \/>\n<meta property=\"article:modified_time\" content=\"2022-06-28T11:48:55+00:00\" \/>\n<meta property=\"og:image\" content=\"https:\/\/www.kraliktomas-partners.com\/wp-content\/uploads\/2022\/06\/cropped-logo_modre1-300x109.png\" \/>\n<meta name=\"twitter:card\" content=\"summary_large_image\" \/>\n<meta name=\"twitter:label1\" content=\"Predpokladan\u00fd \u010das \u010d\u00edtania\" \/>\n\t<meta name=\"twitter:data1\" content=\"2 min\u00faty\" \/>\n<script type=\"application\/ld+json\" class=\"yoast-schema-graph\">{\"@context\":\"https:\\\/\\\/schema.org\",\"@graph\":[{\"@type\":\"WebPage\",\"@id\":\"https:\\\/\\\/www.kraliktomas-partners.com\\\/?page_id=246\",\"url\":\"https:\\\/\\\/www.kraliktomas-partners.com\\\/?page_id=246\",\"name\":\"Poistenie auta - Kralik Tomas and Partners\",\"isPartOf\":{\"@id\":\"https:\\\/\\\/www.kraliktomas-partners.com\\\/#website\"},\"primaryImageOfPage\":{\"@id\":\"https:\\\/\\\/www.kraliktomas-partners.com\\\/?page_id=246#primaryimage\"},\"image\":{\"@id\":\"https:\\\/\\\/www.kraliktomas-partners.com\\\/?page_id=246#primaryimage\"},\"thumbnailUrl\":\"https:\\\/\\\/www.kraliktomas-partners.com\\\/wp-content\\\/uploads\\\/2022\\\/06\\\/cropped-logo_modre1-300x109.png\",\"datePublished\":\"2022-06-28T09:17:00+00:00\",\"dateModified\":\"2022-06-28T11:48:55+00:00\",\"breadcrumb\":{\"@id\":\"https:\\\/\\\/www.kraliktomas-partners.com\\\/?page_id=246#breadcrumb\"},\"inLanguage\":\"sk-SK\",\"potentialAction\":[{\"@type\":\"ReadAction\",\"target\":[\"https:\\\/\\\/www.kraliktomas-partners.com\\\/?page_id=246\"]}]},{\"@type\":\"ImageObject\",\"inLanguage\":\"sk-SK\",\"@id\":\"https:\\\/\\\/www.kraliktomas-partners.com\\\/?page_id=246#primaryimage\",\"url\":\"https:\\\/\\\/www.kraliktomas-partners.com\\\/wp-content\\\/uploads\\\/2022\\\/06\\\/cropped-logo_modre1.png\",\"contentUrl\":\"https:\\\/\\\/www.kraliktomas-partners.com\\\/wp-content\\\/uploads\\\/2022\\\/06\\\/cropped-logo_modre1.png\",\"width\":2556,\"height\":927},{\"@type\":\"BreadcrumbList\",\"@id\":\"https:\\\/\\\/www.kraliktomas-partners.com\\\/?page_id=246#breadcrumb\",\"itemListElement\":[{\"@type\":\"ListItem\",\"position\":1,\"name\":\"Home\",\"item\":\"https:\\\/\\\/www.kraliktomas-partners.com\\\/\"},{\"@type\":\"ListItem\",\"position\":2,\"name\":\"Poistenie auta\"}]},{\"@type\":\"WebSite\",\"@id\":\"https:\\\/\\\/www.kraliktomas-partners.com\\\/#website\",\"url\":\"https:\\\/\\\/www.kraliktomas-partners.com\\\/\",\"name\":\"Kralik Tomas and Partners\",\"description\":\"Moje meno je z\u00e1rukou va\u0161ej spokojnosti\",\"publisher\":{\"@id\":\"https:\\\/\\\/www.kraliktomas-partners.com\\\/#organization\"},\"potentialAction\":[{\"@type\":\"SearchAction\",\"target\":{\"@type\":\"EntryPoint\",\"urlTemplate\":\"https:\\\/\\\/www.kraliktomas-partners.com\\\/?s={search_term_string}\"},\"query-input\":{\"@type\":\"PropertyValueSpecification\",\"valueRequired\":true,\"valueName\":\"search_term_string\"}}],\"inLanguage\":\"sk-SK\"},{\"@type\":\"Organization\",\"@id\":\"https:\\\/\\\/www.kraliktomas-partners.com\\\/#organization\",\"name\":\"Kralik Tomas and Partners\",\"url\":\"https:\\\/\\\/www.kraliktomas-partners.com\\\/\",\"logo\":{\"@type\":\"ImageObject\",\"inLanguage\":\"sk-SK\",\"@id\":\"https:\\\/\\\/www.kraliktomas-partners.com\\\/#\\\/schema\\\/logo\\\/image\\\/\",\"url\":\"https:\\\/\\\/www.kraliktomas-partners.com\\\/wp-content\\\/uploads\\\/2022\\\/06\\\/logo3.png\",\"contentUrl\":\"https:\\\/\\\/www.kraliktomas-partners.com\\\/wp-content\\\/uploads\\\/2022\\\/06\\\/logo3.png\",\"width\":3543,\"height\":2362,\"caption\":\"Kralik Tomas and Partners\"},\"image\":{\"@id\":\"https:\\\/\\\/www.kraliktomas-partners.com\\\/#\\\/schema\\\/logo\\\/image\\\/\"},\"sameAs\":[\"https:\\\/\\\/www.facebook.com\\\/Kralik-Tomas-Partners-103329075753200\"]}]}<\/script>\n<!-- \/ Yoast SEO plugin. -->","yoast_head_json":{"title":"Poistenie auta - Kralik Tomas and Partners","robots":{"index":"index","follow":"follow","max-snippet":"max-snippet:-1","max-image-preview":"max-image-preview:large","max-video-preview":"max-video-preview:-1"},"canonical":"https:\/\/www.kraliktomas-partners.com\/?page_id=246","og_locale":"sk_SK","og_type":"article","og_title":"Poistenie auta - Kralik Tomas and Partners","og_description":"Poistenie auta | Autoversicherung Povinn\u00e9 poistenie automobilu PZP (Haftpflichtversicherung) Vo \u0160vaj\u010diarsku sa rozde\u013euje poistenie motoroveho vozidla do troch z\u00e1kladn\u00fdch modelov a ka\u017ed\u00e1 jedna pois\u0165ov\u0148a pon\u00faka doplnky k poisteniu (zusatzversicherung). Haftpflicht (PZP) je povinn\u00e9 zmluvn\u00e9 poistenie motorov\u00e9ho vozidla. Poistenie ak\u00e9 pozn\u00e1me aj so Slovenska. Ako u in\u00fdch poistiek aj v z\u00e1kladnej poistke na auto je viacero&hellip; Read more","og_url":"https:\/\/www.kraliktomas-partners.com\/?page_id=246","og_site_name":"Kralik Tomas and Partners","article_publisher":"https:\/\/www.facebook.com\/Kralik-Tomas-Partners-103329075753200","article_modified_time":"2022-06-28T11:48:55+00:00","og_image":[{"url":"https:\/\/www.kraliktomas-partners.com\/wp-content\/uploads\/2022\/06\/cropped-logo_modre1-300x109.png","type":"","width":"","height":""}],"twitter_card":"summary_large_image","twitter_misc":{"Predpokladan\u00fd \u010das \u010d\u00edtania":"2 min\u00faty"},"schema":{"@context":"https:\/\/schema.org","@graph":[{"@type":"WebPage","@id":"https:\/\/www.kraliktomas-partners.com\/?page_id=246","url":"https:\/\/www.kraliktomas-partners.com\/?page_id=246","name":"Poistenie auta - Kralik Tomas and Partners","isPartOf":{"@id":"https:\/\/www.kraliktomas-partners.com\/#website"},"primaryImageOfPage":{"@id":"https:\/\/www.kraliktomas-partners.com\/?page_id=246#primaryimage"},"image":{"@id":"https:\/\/www.kraliktomas-partners.com\/?page_id=246#primaryimage"},"thumbnailUrl":"https:\/\/www.kraliktomas-partners.com\/wp-content\/uploads\/2022\/06\/cropped-logo_modre1-300x109.png","datePublished":"2022-06-28T09:17:00+00:00","dateModified":"2022-06-28T11:48:55+00:00","breadcrumb":{"@id":"https:\/\/www.kraliktomas-partners.com\/?page_id=246#breadcrumb"},"inLanguage":"sk-SK","potentialAction":[{"@type":"ReadAction","target":["https:\/\/www.kraliktomas-partners.com\/?page_id=246"]}]},{"@type":"ImageObject","inLanguage":"sk-SK","@id":"https:\/\/www.kraliktomas-partners.com\/?page_id=246#primaryimage","url":"https:\/\/www.kraliktomas-partners.com\/wp-content\/uploads\/2022\/06\/cropped-logo_modre1.png","contentUrl":"https:\/\/www.kraliktomas-partners.com\/wp-content\/uploads\/2022\/06\/cropped-logo_modre1.png","width":2556,"height":927},{"@type":"BreadcrumbList","@id":"https:\/\/www.kraliktomas-partners.com\/?page_id=246#breadcrumb","itemListElement":[{"@type":"ListItem","position":1,"name":"Home","item":"https:\/\/www.kraliktomas-partners.com\/"},{"@type":"ListItem","position":2,"name":"Poistenie auta"}]},{"@type":"WebSite","@id":"https:\/\/www.kraliktomas-partners.com\/#website","url":"https:\/\/www.kraliktomas-partners.com\/","name":"Kralik Tomas and Partners","description":"Moje meno je z\u00e1rukou va\u0161ej spokojnosti","publisher":{"@id":"https:\/\/www.kraliktomas-partners.com\/#organization"},"potentialAction":[{"@type":"SearchAction","target":{"@type":"EntryPoint","urlTemplate":"https:\/\/www.kraliktomas-partners.com\/?s={search_term_string}"},"query-input":{"@type":"PropertyValueSpecification","valueRequired":true,"valueName":"search_term_string"}}],"inLanguage":"sk-SK"},{"@type":"Organization","@id":"https:\/\/www.kraliktomas-partners.com\/#organization","name":"Kralik Tomas and Partners","url":"https:\/\/www.kraliktomas-partners.com\/","logo":{"@type":"ImageObject","inLanguage":"sk-SK","@id":"https:\/\/www.kraliktomas-partners.com\/#\/schema\/logo\/image\/","url":"https:\/\/www.kraliktomas-partners.com\/wp-content\/uploads\/2022\/06\/logo3.png","contentUrl":"https:\/\/www.kraliktomas-partners.com\/wp-content\/uploads\/2022\/06\/logo3.png","width":3543,"height":2362,"caption":"Kralik Tomas and Partners"},"image":{"@id":"https:\/\/www.kraliktomas-partners.com\/#\/schema\/logo\/image\/"},"sameAs":["https:\/\/www.facebook.com\/Kralik-Tomas-Partners-103329075753200"]}]}},"_links":{"self":[{"href":"https:\/\/www.kraliktomas-partners.com\/index.php?rest_route=\/wp\/v2\/pages\/246","targetHints":{"allow":["GET"]}}],"collection":[{"href":"https:\/\/www.kraliktomas-partners.com\/index.php?rest_route=\/wp\/v2\/pages"}],"about":[{"href":"https:\/\/www.kraliktomas-partners.com\/index.php?rest_route=\/wp\/v2\/types\/page"}],"author":[{"embeddable":true,"href":"https:\/\/www.kraliktomas-partners.com\/index.php?rest_route=\/wp\/v2\/users\/1"}],"replies":[{"embeddable":true,"href":"https:\/\/www.kraliktomas-partners.com\/index.php?rest_route=%2Fwp%2Fv2%2Fcomments&post=246"}],"version-history":[{"count":2,"href":"https:\/\/www.kraliktomas-partners.com\/index.php?rest_route=\/wp\/v2\/pages\/246\/revisions"}],"predecessor-version":[{"id":294,"href":"https:\/\/www.kraliktomas-partners.com\/index.php?rest_route=\/wp\/v2\/pages\/246\/revisions\/294"}],"wp:attachment":[{"href":"https:\/\/www.kraliktomas-partners.com\/index.php?rest_route=%2Fwp%2Fv2%2Fmedia&parent=246"}],"curies":[{"name":"wp","href":"https:\/\/api.w.org\/{rel}","templated":true}]}}