{"id":248,"date":"2022-06-28T09:21:00","date_gmt":"2022-06-28T09:21:00","guid":{"rendered":"https:\/\/www.kraliktomas-partners.com\/?page_id=248"},"modified":"2022-06-28T11:49:40","modified_gmt":"2022-06-28T11:49:40","slug":"poistenie-voci-poskodeniu-tretich-stran","status":"publish","type":"page","link":"https:\/\/www.kraliktomas-partners.com\/?page_id=248","title":{"rendered":"Poistenie vo\u010di po\u0161kodeniu tret\u00edch str\u00e1n"},"content":{"rendered":"\n<p><strong>Poistenie vo\u010di po\u0161kodeniu tret\u00edch str\u00e1n. | Privathaftpflichtversicherung<\/strong> <\/p>\n\n\n\n<p>Toto poistenie je jedno z najd\u00f4le\u017eitej\u0161\u00edch nepovinn\u00fdch poisten\u00ed vo \u0160vaj\u010diarsku. \u013dudovo sa toto poistenie naz\u00fdva aj poistka na blbos\u0165. Toto poistenie n\u00e1m sl\u00fa\u017ei na to, ak ne\u00famyselne po\u0161kod\u00edme cudziu osobu (tretiu stranu). Napr\u00edklad strat\u00edme kl\u00fa\u010de od bytu, padne n\u00e1m drah\u00e1 f\u013ea\u0161ka alkoholu v obchode z ruky, zhod\u00edme voz\u00edkom nejak\u00fd drah\u0161\u00ed produkt v obchode, po\u0161kod\u00edme padnut\u00fdm poh\u00e1rom v prenajatom byte podlahu, vytop\u00edte suseda alebo sp\u00f4sob\u00edte po\u017eiar. T\u00fdch d\u00f4vodov na \u010do si zalo\u017ei\u0165 toto poistenie je naozaj ve\u013emi ve\u013ea. Krytie \u0161kody je v ka\u017edej pois\u0165ovni do 5 mili\u00f3nov frankov a stoj\u00ed na jednu osobu ro\u010dne od 100-130chf.<\/p>\n\n\n<div class=\"wp-block-image\">\n<figure class=\"aligncenter size-medium\"><img loading=\"lazy\" decoding=\"async\" width=\"300\" height=\"109\" src=\"https:\/\/www.kraliktomas-partners.com\/wp-content\/uploads\/2022\/06\/cropped-logo_modre1-300x109.png\" alt=\"\" class=\"wp-image-103\" srcset=\"https:\/\/www.kraliktomas-partners.com\/wp-content\/uploads\/2022\/06\/cropped-logo_modre1-300x109.png 300w, https:\/\/www.kraliktomas-partners.com\/wp-content\/uploads\/2022\/06\/cropped-logo_modre1-1024x371.png 1024w, https:\/\/www.kraliktomas-partners.com\/wp-content\/uploads\/2022\/06\/cropped-logo_modre1-768x279.png 768w, https:\/\/www.kraliktomas-partners.com\/wp-content\/uploads\/2022\/06\/cropped-logo_modre1-1536x557.png 1536w, https:\/\/www.kraliktomas-partners.com\/wp-content\/uploads\/2022\/06\/cropped-logo_modre1-2048x743.png 2048w, https:\/\/www.kraliktomas-partners.com\/wp-content\/uploads\/2022\/06\/cropped-logo_modre1-1920x696.png 1920w\" sizes=\"auto, (max-width: 300px) 100vw, 300px\" \/><\/figure>\n<\/div>","protected":false},"excerpt":{"rendered":"<p>Poistenie vo\u010di po\u0161kodeniu tret\u00edch str\u00e1n. | Privathaftpflichtversicherung Toto poistenie je jedno z najd\u00f4le\u017eitej\u0161\u00edch nepovinn\u00fdch poisten\u00ed vo \u0160vaj\u010diarsku. \u013dudovo sa toto poistenie naz\u00fdva aj poistka na blbos\u0165. Toto poistenie n\u00e1m sl\u00fa\u017ei na to, ak ne\u00famyselne po\u0161kod\u00edme cudziu osobu (tretiu stranu). Napr\u00edklad strat\u00edme kl\u00fa\u010de od bytu, padne n\u00e1m drah\u00e1 f\u013ea\u0161ka alkoholu v obchode z ruky, zhod\u00edme voz\u00edkom&hellip; <br \/> <a class=\"read-more\" href=\"https:\/\/www.kraliktomas-partners.com\/?page_id=248\">Read more<\/a><\/p>\n","protected":false},"author":1,"featured_media":0,"parent":0,"menu_order":0,"comment_status":"closed","ping_status":"closed","template":"","meta":{"footnotes":""},"class_list":["post-248","page","type-page","status-publish","hentry"],"aioseo_notices":[],"yoast_head":"<!-- This site is optimized with the Yoast SEO plugin v27.4 - https:\/\/yoast.com\/product\/yoast-seo-wordpress\/ -->\n<title>Poistenie vo\u010di po\u0161kodeniu tret\u00edch str\u00e1n - Kralik Tomas and Partners<\/title>\n<meta name=\"robots\" content=\"index, follow, max-snippet:-1, max-image-preview:large, max-video-preview:-1\" \/>\n<link rel=\"canonical\" href=\"https:\/\/www.kraliktomas-partners.com\/?page_id=248\" \/>\n<meta property=\"og:locale\" content=\"sk_SK\" \/>\n<meta property=\"og:type\" content=\"article\" \/>\n<meta property=\"og:title\" content=\"Poistenie vo\u010di po\u0161kodeniu tret\u00edch str\u00e1n - Kralik Tomas and Partners\" \/>\n<meta property=\"og:description\" content=\"Poistenie vo\u010di po\u0161kodeniu tret\u00edch str\u00e1n. | Privathaftpflichtversicherung Toto poistenie je jedno z najd\u00f4le\u017eitej\u0161\u00edch nepovinn\u00fdch poisten\u00ed vo \u0160vaj\u010diarsku. \u013dudovo sa toto poistenie naz\u00fdva aj poistka na blbos\u0165. Toto poistenie n\u00e1m sl\u00fa\u017ei na to, ak ne\u00famyselne po\u0161kod\u00edme cudziu osobu (tretiu stranu). Napr\u00edklad strat\u00edme kl\u00fa\u010de od bytu, padne n\u00e1m drah\u00e1 f\u013ea\u0161ka alkoholu v obchode z ruky, zhod\u00edme voz\u00edkom&hellip; Read more\" \/>\n<meta property=\"og:url\" content=\"https:\/\/www.kraliktomas-partners.com\/?page_id=248\" \/>\n<meta property=\"og:site_name\" content=\"Kralik Tomas and Partners\" \/>\n<meta property=\"article:publisher\" content=\"https:\/\/www.facebook.com\/Kralik-Tomas-Partners-103329075753200\" \/>\n<meta property=\"article:modified_time\" content=\"2022-06-28T11:49:40+00:00\" \/>\n<meta property=\"og:image\" content=\"https:\/\/www.kraliktomas-partners.com\/wp-content\/uploads\/2022\/06\/cropped-logo_modre1-300x109.png\" \/>\n<meta name=\"twitter:card\" content=\"summary_large_image\" \/>\n<meta name=\"twitter:label1\" content=\"Predpokladan\u00fd \u010das \u010d\u00edtania\" \/>\n\t<meta name=\"twitter:data1\" content=\"1 min\u00fata\" \/>\n<script type=\"application\/ld+json\" class=\"yoast-schema-graph\">{\"@context\":\"https:\\\/\\\/schema.org\",\"@graph\":[{\"@type\":\"WebPage\",\"@id\":\"https:\\\/\\\/www.kraliktomas-partners.com\\\/?page_id=248\",\"url\":\"https:\\\/\\\/www.kraliktomas-partners.com\\\/?page_id=248\",\"name\":\"Poistenie vo\u010di po\u0161kodeniu tret\u00edch str\u00e1n - Kralik Tomas and Partners\",\"isPartOf\":{\"@id\":\"https:\\\/\\\/www.kraliktomas-partners.com\\\/#website\"},\"primaryImageOfPage\":{\"@id\":\"https:\\\/\\\/www.kraliktomas-partners.com\\\/?page_id=248#primaryimage\"},\"image\":{\"@id\":\"https:\\\/\\\/www.kraliktomas-partners.com\\\/?page_id=248#primaryimage\"},\"thumbnailUrl\":\"https:\\\/\\\/www.kraliktomas-partners.com\\\/wp-content\\\/uploads\\\/2022\\\/06\\\/cropped-logo_modre1-300x109.png\",\"datePublished\":\"2022-06-28T09:21:00+00:00\",\"dateModified\":\"2022-06-28T11:49:40+00:00\",\"breadcrumb\":{\"@id\":\"https:\\\/\\\/www.kraliktomas-partners.com\\\/?page_id=248#breadcrumb\"},\"inLanguage\":\"sk-SK\",\"potentialAction\":[{\"@type\":\"ReadAction\",\"target\":[\"https:\\\/\\\/www.kraliktomas-partners.com\\\/?page_id=248\"]}]},{\"@type\":\"ImageObject\",\"inLanguage\":\"sk-SK\",\"@id\":\"https:\\\/\\\/www.kraliktomas-partners.com\\\/?page_id=248#primaryimage\",\"url\":\"https:\\\/\\\/www.kraliktomas-partners.com\\\/wp-content\\\/uploads\\\/2022\\\/06\\\/cropped-logo_modre1.png\",\"contentUrl\":\"https:\\\/\\\/www.kraliktomas-partners.com\\\/wp-content\\\/uploads\\\/2022\\\/06\\\/cropped-logo_modre1.png\",\"width\":2556,\"height\":927},{\"@type\":\"BreadcrumbList\",\"@id\":\"https:\\\/\\\/www.kraliktomas-partners.com\\\/?page_id=248#breadcrumb\",\"itemListElement\":[{\"@type\":\"ListItem\",\"position\":1,\"name\":\"Home\",\"item\":\"https:\\\/\\\/www.kraliktomas-partners.com\\\/\"},{\"@type\":\"ListItem\",\"position\":2,\"name\":\"Poistenie vo\u010di po\u0161kodeniu tret\u00edch str\u00e1n\"}]},{\"@type\":\"WebSite\",\"@id\":\"https:\\\/\\\/www.kraliktomas-partners.com\\\/#website\",\"url\":\"https:\\\/\\\/www.kraliktomas-partners.com\\\/\",\"name\":\"Kralik Tomas and Partners\",\"description\":\"Moje meno je z\u00e1rukou va\u0161ej spokojnosti\",\"publisher\":{\"@id\":\"https:\\\/\\\/www.kraliktomas-partners.com\\\/#organization\"},\"potentialAction\":[{\"@type\":\"SearchAction\",\"target\":{\"@type\":\"EntryPoint\",\"urlTemplate\":\"https:\\\/\\\/www.kraliktomas-partners.com\\\/?s={search_term_string}\"},\"query-input\":{\"@type\":\"PropertyValueSpecification\",\"valueRequired\":true,\"valueName\":\"search_term_string\"}}],\"inLanguage\":\"sk-SK\"},{\"@type\":\"Organization\",\"@id\":\"https:\\\/\\\/www.kraliktomas-partners.com\\\/#organization\",\"name\":\"Kralik Tomas and Partners\",\"url\":\"https:\\\/\\\/www.kraliktomas-partners.com\\\/\",\"logo\":{\"@type\":\"ImageObject\",\"inLanguage\":\"sk-SK\",\"@id\":\"https:\\\/\\\/www.kraliktomas-partners.com\\\/#\\\/schema\\\/logo\\\/image\\\/\",\"url\":\"https:\\\/\\\/www.kraliktomas-partners.com\\\/wp-content\\\/uploads\\\/2022\\\/06\\\/logo3.png\",\"contentUrl\":\"https:\\\/\\\/www.kraliktomas-partners.com\\\/wp-content\\\/uploads\\\/2022\\\/06\\\/logo3.png\",\"width\":3543,\"height\":2362,\"caption\":\"Kralik Tomas and Partners\"},\"image\":{\"@id\":\"https:\\\/\\\/www.kraliktomas-partners.com\\\/#\\\/schema\\\/logo\\\/image\\\/\"},\"sameAs\":[\"https:\\\/\\\/www.facebook.com\\\/Kralik-Tomas-Partners-103329075753200\"]}]}<\/script>\n<!-- \/ Yoast SEO plugin. -->","yoast_head_json":{"title":"Poistenie vo\u010di po\u0161kodeniu tret\u00edch str\u00e1n - Kralik Tomas and Partners","robots":{"index":"index","follow":"follow","max-snippet":"max-snippet:-1","max-image-preview":"max-image-preview:large","max-video-preview":"max-video-preview:-1"},"canonical":"https:\/\/www.kraliktomas-partners.com\/?page_id=248","og_locale":"sk_SK","og_type":"article","og_title":"Poistenie vo\u010di po\u0161kodeniu tret\u00edch str\u00e1n - Kralik Tomas and Partners","og_description":"Poistenie vo\u010di po\u0161kodeniu tret\u00edch str\u00e1n. | Privathaftpflichtversicherung Toto poistenie je jedno z najd\u00f4le\u017eitej\u0161\u00edch nepovinn\u00fdch poisten\u00ed vo \u0160vaj\u010diarsku. \u013dudovo sa toto poistenie naz\u00fdva aj poistka na blbos\u0165. Toto poistenie n\u00e1m sl\u00fa\u017ei na to, ak ne\u00famyselne po\u0161kod\u00edme cudziu osobu (tretiu stranu). Napr\u00edklad strat\u00edme kl\u00fa\u010de od bytu, padne n\u00e1m drah\u00e1 f\u013ea\u0161ka alkoholu v obchode z ruky, zhod\u00edme voz\u00edkom&hellip; Read more","og_url":"https:\/\/www.kraliktomas-partners.com\/?page_id=248","og_site_name":"Kralik Tomas and Partners","article_publisher":"https:\/\/www.facebook.com\/Kralik-Tomas-Partners-103329075753200","article_modified_time":"2022-06-28T11:49:40+00:00","og_image":[{"url":"https:\/\/www.kraliktomas-partners.com\/wp-content\/uploads\/2022\/06\/cropped-logo_modre1-300x109.png","type":"","width":"","height":""}],"twitter_card":"summary_large_image","twitter_misc":{"Predpokladan\u00fd \u010das \u010d\u00edtania":"1 min\u00fata"},"schema":{"@context":"https:\/\/schema.org","@graph":[{"@type":"WebPage","@id":"https:\/\/www.kraliktomas-partners.com\/?page_id=248","url":"https:\/\/www.kraliktomas-partners.com\/?page_id=248","name":"Poistenie vo\u010di po\u0161kodeniu tret\u00edch str\u00e1n - Kralik Tomas and Partners","isPartOf":{"@id":"https:\/\/www.kraliktomas-partners.com\/#website"},"primaryImageOfPage":{"@id":"https:\/\/www.kraliktomas-partners.com\/?page_id=248#primaryimage"},"image":{"@id":"https:\/\/www.kraliktomas-partners.com\/?page_id=248#primaryimage"},"thumbnailUrl":"https:\/\/www.kraliktomas-partners.com\/wp-content\/uploads\/2022\/06\/cropped-logo_modre1-300x109.png","datePublished":"2022-06-28T09:21:00+00:00","dateModified":"2022-06-28T11:49:40+00:00","breadcrumb":{"@id":"https:\/\/www.kraliktomas-partners.com\/?page_id=248#breadcrumb"},"inLanguage":"sk-SK","potentialAction":[{"@type":"ReadAction","target":["https:\/\/www.kraliktomas-partners.com\/?page_id=248"]}]},{"@type":"ImageObject","inLanguage":"sk-SK","@id":"https:\/\/www.kraliktomas-partners.com\/?page_id=248#primaryimage","url":"https:\/\/www.kraliktomas-partners.com\/wp-content\/uploads\/2022\/06\/cropped-logo_modre1.png","contentUrl":"https:\/\/www.kraliktomas-partners.com\/wp-content\/uploads\/2022\/06\/cropped-logo_modre1.png","width":2556,"height":927},{"@type":"BreadcrumbList","@id":"https:\/\/www.kraliktomas-partners.com\/?page_id=248#breadcrumb","itemListElement":[{"@type":"ListItem","position":1,"name":"Home","item":"https:\/\/www.kraliktomas-partners.com\/"},{"@type":"ListItem","position":2,"name":"Poistenie vo\u010di po\u0161kodeniu tret\u00edch str\u00e1n"}]},{"@type":"WebSite","@id":"https:\/\/www.kraliktomas-partners.com\/#website","url":"https:\/\/www.kraliktomas-partners.com\/","name":"Kralik Tomas and Partners","description":"Moje meno je z\u00e1rukou va\u0161ej spokojnosti","publisher":{"@id":"https:\/\/www.kraliktomas-partners.com\/#organization"},"potentialAction":[{"@type":"SearchAction","target":{"@type":"EntryPoint","urlTemplate":"https:\/\/www.kraliktomas-partners.com\/?s={search_term_string}"},"query-input":{"@type":"PropertyValueSpecification","valueRequired":true,"valueName":"search_term_string"}}],"inLanguage":"sk-SK"},{"@type":"Organization","@id":"https:\/\/www.kraliktomas-partners.com\/#organization","name":"Kralik Tomas and Partners","url":"https:\/\/www.kraliktomas-partners.com\/","logo":{"@type":"ImageObject","inLanguage":"sk-SK","@id":"https:\/\/www.kraliktomas-partners.com\/#\/schema\/logo\/image\/","url":"https:\/\/www.kraliktomas-partners.com\/wp-content\/uploads\/2022\/06\/logo3.png","contentUrl":"https:\/\/www.kraliktomas-partners.com\/wp-content\/uploads\/2022\/06\/logo3.png","width":3543,"height":2362,"caption":"Kralik Tomas and Partners"},"image":{"@id":"https:\/\/www.kraliktomas-partners.com\/#\/schema\/logo\/image\/"},"sameAs":["https:\/\/www.facebook.com\/Kralik-Tomas-Partners-103329075753200"]}]}},"_links":{"self":[{"href":"https:\/\/www.kraliktomas-partners.com\/index.php?rest_route=\/wp\/v2\/pages\/248","targetHints":{"allow":["GET"]}}],"collection":[{"href":"https:\/\/www.kraliktomas-partners.com\/index.php?rest_route=\/wp\/v2\/pages"}],"about":[{"href":"https:\/\/www.kraliktomas-partners.com\/index.php?rest_route=\/wp\/v2\/types\/page"}],"author":[{"embeddable":true,"href":"https:\/\/www.kraliktomas-partners.com\/index.php?rest_route=\/wp\/v2\/users\/1"}],"replies":[{"embeddable":true,"href":"https:\/\/www.kraliktomas-partners.com\/index.php?rest_route=%2Fwp%2Fv2%2Fcomments&post=248"}],"version-history":[{"count":2,"href":"https:\/\/www.kraliktomas-partners.com\/index.php?rest_route=\/wp\/v2\/pages\/248\/revisions"}],"predecessor-version":[{"id":298,"href":"https:\/\/www.kraliktomas-partners.com\/index.php?rest_route=\/wp\/v2\/pages\/248\/revisions\/298"}],"wp:attachment":[{"href":"https:\/\/www.kraliktomas-partners.com\/index.php?rest_route=%2Fwp%2Fv2%2Fmedia&parent=248"}],"curies":[{"name":"wp","href":"https:\/\/api.w.org\/{rel}","templated":true}]}}