{"id":252,"date":"2022-06-28T10:34:36","date_gmt":"2022-06-28T10:34:36","guid":{"rendered":"https:\/\/www.kraliktomas-partners.com\/?page_id=252"},"modified":"2022-06-28T11:50:40","modified_gmt":"2022-06-28T11:50:40","slug":"pravne-poistenie","status":"publish","type":"page","link":"https:\/\/www.kraliktomas-partners.com\/?page_id=252","title":{"rendered":"Pr\u00e1vne poistenie"},"content":{"rendered":"\n<p><strong>Pr\u00e1vne poistenie alebo poistenie pr\u00e1vnej ochrany (Rechtschutzversicherung)<\/strong><\/p>\n\n\n\n<p><br>Poistenie pr\u00e1vnej ochrany je z m\u00f4jho poh\u013eadu druh\u00e9 najd\u00f4le\u017eitej\u0161ie nepovinn\u00e9 poistenie vo \u0160vaj\u010diarsku. Naj\u010dastej\u0161ie probl\u00e9my, do ktor\u00fdch sa dostavaj\u00fa na\u0161inci (Slov\u00e1ci, \u010cesi) s\u00fa so zamestn\u00e1vate\u013eom. AJ tu je bohu\u017eia\u013e \u0161port nevypl\u00e1ca\u0165 dohodnut\u00fa mzdu a to ve\u013emi \u010dasto vyu\u017e\u00edvaj\u00fa podaktor\u00ed zamestn\u00e1vatelia, preto\u017ee na pr\u00e1vnika m\u00e1 malo kto a o tomto poisten\u00ed nie ka\u017ed\u00fd vie. S t\u00fdmto poisten\u00edm m\u00e1te u\u017e vopred vyhrat\u00e9 a ka\u017ed\u00fd jeden zaroben\u00fd frank v\u00e1m bude vyplaten\u00fd, preto\u017ee to za v\u00e1s vyrie\u0161ia pr\u00e1vnici, ktor\u00fdch si vy s t\u00fdmto poisten\u00edm zabezpe\u010d\u00edte. Samozrejme to nie je len o zamestn\u00e1vate\u013eovi. Toto poistenie pon\u00faka krytie v\u0161etk\u00fdch pr\u00e1vnych noriem. Ob\u010dianske, finan\u010dn\u00e9, trestn\u00e9 \u010di pracovn\u00e9 pr\u00e1vo. Probl\u00e9my so susedom, probl\u00e9my s lek\u00e1rom \u010di v nemocnici, probl\u00e9my s tovarom, ktor\u00fd ste si zak\u00fapili a nechc\u00fa v\u00e1m uzna\u0165 reklam\u00e1ciu, alebo probl\u00e9my s r\u00f4znymi in\u0161tit\u00faciami. V\u0161etko za v\u00e1s vybav\u00ed poistenie RECHTSCHUTZ&#8230;&#8230;&#8230;<\/p>\n\n\n<div class=\"wp-block-image\">\n<figure class=\"aligncenter size-medium\"><img loading=\"lazy\" decoding=\"async\" width=\"300\" height=\"109\" src=\"https:\/\/www.kraliktomas-partners.com\/wp-content\/uploads\/2022\/06\/cropped-logo_modre1-300x109.png\" alt=\"\" class=\"wp-image-103\" srcset=\"https:\/\/www.kraliktomas-partners.com\/wp-content\/uploads\/2022\/06\/cropped-logo_modre1-300x109.png 300w, https:\/\/www.kraliktomas-partners.com\/wp-content\/uploads\/2022\/06\/cropped-logo_modre1-1024x371.png 1024w, https:\/\/www.kraliktomas-partners.com\/wp-content\/uploads\/2022\/06\/cropped-logo_modre1-768x279.png 768w, https:\/\/www.kraliktomas-partners.com\/wp-content\/uploads\/2022\/06\/cropped-logo_modre1-1536x557.png 1536w, https:\/\/www.kraliktomas-partners.com\/wp-content\/uploads\/2022\/06\/cropped-logo_modre1-2048x743.png 2048w, https:\/\/www.kraliktomas-partners.com\/wp-content\/uploads\/2022\/06\/cropped-logo_modre1-1920x696.png 1920w\" sizes=\"auto, (max-width: 300px) 100vw, 300px\" \/><\/figure>\n<\/div>","protected":false},"excerpt":{"rendered":"<p>Pr\u00e1vne poistenie alebo poistenie pr\u00e1vnej ochrany (Rechtschutzversicherung) Poistenie pr\u00e1vnej ochrany je z m\u00f4jho poh\u013eadu druh\u00e9 najd\u00f4le\u017eitej\u0161ie nepovinn\u00e9 poistenie vo \u0160vaj\u010diarsku. Naj\u010dastej\u0161ie probl\u00e9my, do ktor\u00fdch sa dostavaj\u00fa na\u0161inci (Slov\u00e1ci, \u010cesi) s\u00fa so zamestn\u00e1vate\u013eom. AJ tu je bohu\u017eia\u013e \u0161port nevypl\u00e1ca\u0165 dohodnut\u00fa mzdu a to ve\u013emi \u010dasto vyu\u017e\u00edvaj\u00fa podaktor\u00ed zamestn\u00e1vatelia, preto\u017ee na pr\u00e1vnika m\u00e1 malo kto a o&hellip; <br \/> <a class=\"read-more\" href=\"https:\/\/www.kraliktomas-partners.com\/?page_id=252\">Read more<\/a><\/p>\n","protected":false},"author":1,"featured_media":0,"parent":0,"menu_order":0,"comment_status":"closed","ping_status":"closed","template":"","meta":{"footnotes":""},"class_list":["post-252","page","type-page","status-publish","hentry"],"aioseo_notices":[],"yoast_head":"<!-- This site is optimized with the Yoast SEO plugin v27.4 - https:\/\/yoast.com\/product\/yoast-seo-wordpress\/ -->\n<title>Pr\u00e1vne poistenie - Kralik Tomas and Partners<\/title>\n<meta name=\"robots\" content=\"index, follow, max-snippet:-1, max-image-preview:large, max-video-preview:-1\" \/>\n<link rel=\"canonical\" href=\"https:\/\/www.kraliktomas-partners.com\/?page_id=252\" \/>\n<meta property=\"og:locale\" content=\"sk_SK\" \/>\n<meta property=\"og:type\" content=\"article\" \/>\n<meta property=\"og:title\" content=\"Pr\u00e1vne poistenie - Kralik Tomas and Partners\" \/>\n<meta property=\"og:description\" content=\"Pr\u00e1vne poistenie alebo poistenie pr\u00e1vnej ochrany (Rechtschutzversicherung) Poistenie pr\u00e1vnej ochrany je z m\u00f4jho poh\u013eadu druh\u00e9 najd\u00f4le\u017eitej\u0161ie nepovinn\u00e9 poistenie vo \u0160vaj\u010diarsku. Naj\u010dastej\u0161ie probl\u00e9my, do ktor\u00fdch sa dostavaj\u00fa na\u0161inci (Slov\u00e1ci, \u010cesi) s\u00fa so zamestn\u00e1vate\u013eom. AJ tu je bohu\u017eia\u013e \u0161port nevypl\u00e1ca\u0165 dohodnut\u00fa mzdu a to ve\u013emi \u010dasto vyu\u017e\u00edvaj\u00fa podaktor\u00ed zamestn\u00e1vatelia, preto\u017ee na pr\u00e1vnika m\u00e1 malo kto a o&hellip; Read more\" \/>\n<meta property=\"og:url\" content=\"https:\/\/www.kraliktomas-partners.com\/?page_id=252\" \/>\n<meta property=\"og:site_name\" content=\"Kralik Tomas and Partners\" \/>\n<meta property=\"article:publisher\" content=\"https:\/\/www.facebook.com\/Kralik-Tomas-Partners-103329075753200\" \/>\n<meta property=\"article:modified_time\" content=\"2022-06-28T11:50:40+00:00\" \/>\n<meta property=\"og:image\" content=\"https:\/\/www.kraliktomas-partners.com\/wp-content\/uploads\/2022\/06\/cropped-logo_modre1-300x109.png\" \/>\n<meta name=\"twitter:card\" content=\"summary_large_image\" \/>\n<meta name=\"twitter:label1\" content=\"Predpokladan\u00fd \u010das \u010d\u00edtania\" \/>\n\t<meta name=\"twitter:data1\" content=\"1 min\u00fata\" \/>\n<script type=\"application\/ld+json\" class=\"yoast-schema-graph\">{\"@context\":\"https:\\\/\\\/schema.org\",\"@graph\":[{\"@type\":\"WebPage\",\"@id\":\"https:\\\/\\\/www.kraliktomas-partners.com\\\/?page_id=252\",\"url\":\"https:\\\/\\\/www.kraliktomas-partners.com\\\/?page_id=252\",\"name\":\"Pr\u00e1vne poistenie - Kralik Tomas and Partners\",\"isPartOf\":{\"@id\":\"https:\\\/\\\/www.kraliktomas-partners.com\\\/#website\"},\"primaryImageOfPage\":{\"@id\":\"https:\\\/\\\/www.kraliktomas-partners.com\\\/?page_id=252#primaryimage\"},\"image\":{\"@id\":\"https:\\\/\\\/www.kraliktomas-partners.com\\\/?page_id=252#primaryimage\"},\"thumbnailUrl\":\"https:\\\/\\\/www.kraliktomas-partners.com\\\/wp-content\\\/uploads\\\/2022\\\/06\\\/cropped-logo_modre1-300x109.png\",\"datePublished\":\"2022-06-28T10:34:36+00:00\",\"dateModified\":\"2022-06-28T11:50:40+00:00\",\"breadcrumb\":{\"@id\":\"https:\\\/\\\/www.kraliktomas-partners.com\\\/?page_id=252#breadcrumb\"},\"inLanguage\":\"sk-SK\",\"potentialAction\":[{\"@type\":\"ReadAction\",\"target\":[\"https:\\\/\\\/www.kraliktomas-partners.com\\\/?page_id=252\"]}]},{\"@type\":\"ImageObject\",\"inLanguage\":\"sk-SK\",\"@id\":\"https:\\\/\\\/www.kraliktomas-partners.com\\\/?page_id=252#primaryimage\",\"url\":\"https:\\\/\\\/www.kraliktomas-partners.com\\\/wp-content\\\/uploads\\\/2022\\\/06\\\/cropped-logo_modre1.png\",\"contentUrl\":\"https:\\\/\\\/www.kraliktomas-partners.com\\\/wp-content\\\/uploads\\\/2022\\\/06\\\/cropped-logo_modre1.png\",\"width\":2556,\"height\":927},{\"@type\":\"BreadcrumbList\",\"@id\":\"https:\\\/\\\/www.kraliktomas-partners.com\\\/?page_id=252#breadcrumb\",\"itemListElement\":[{\"@type\":\"ListItem\",\"position\":1,\"name\":\"Home\",\"item\":\"https:\\\/\\\/www.kraliktomas-partners.com\\\/\"},{\"@type\":\"ListItem\",\"position\":2,\"name\":\"Pr\u00e1vne poistenie\"}]},{\"@type\":\"WebSite\",\"@id\":\"https:\\\/\\\/www.kraliktomas-partners.com\\\/#website\",\"url\":\"https:\\\/\\\/www.kraliktomas-partners.com\\\/\",\"name\":\"Kralik Tomas and Partners\",\"description\":\"Moje meno je z\u00e1rukou va\u0161ej spokojnosti\",\"publisher\":{\"@id\":\"https:\\\/\\\/www.kraliktomas-partners.com\\\/#organization\"},\"potentialAction\":[{\"@type\":\"SearchAction\",\"target\":{\"@type\":\"EntryPoint\",\"urlTemplate\":\"https:\\\/\\\/www.kraliktomas-partners.com\\\/?s={search_term_string}\"},\"query-input\":{\"@type\":\"PropertyValueSpecification\",\"valueRequired\":true,\"valueName\":\"search_term_string\"}}],\"inLanguage\":\"sk-SK\"},{\"@type\":\"Organization\",\"@id\":\"https:\\\/\\\/www.kraliktomas-partners.com\\\/#organization\",\"name\":\"Kralik Tomas and Partners\",\"url\":\"https:\\\/\\\/www.kraliktomas-partners.com\\\/\",\"logo\":{\"@type\":\"ImageObject\",\"inLanguage\":\"sk-SK\",\"@id\":\"https:\\\/\\\/www.kraliktomas-partners.com\\\/#\\\/schema\\\/logo\\\/image\\\/\",\"url\":\"https:\\\/\\\/www.kraliktomas-partners.com\\\/wp-content\\\/uploads\\\/2022\\\/06\\\/logo3.png\",\"contentUrl\":\"https:\\\/\\\/www.kraliktomas-partners.com\\\/wp-content\\\/uploads\\\/2022\\\/06\\\/logo3.png\",\"width\":3543,\"height\":2362,\"caption\":\"Kralik Tomas and Partners\"},\"image\":{\"@id\":\"https:\\\/\\\/www.kraliktomas-partners.com\\\/#\\\/schema\\\/logo\\\/image\\\/\"},\"sameAs\":[\"https:\\\/\\\/www.facebook.com\\\/Kralik-Tomas-Partners-103329075753200\"]}]}<\/script>\n<!-- \/ Yoast SEO plugin. -->","yoast_head_json":{"title":"Pr\u00e1vne poistenie - Kralik Tomas and Partners","robots":{"index":"index","follow":"follow","max-snippet":"max-snippet:-1","max-image-preview":"max-image-preview:large","max-video-preview":"max-video-preview:-1"},"canonical":"https:\/\/www.kraliktomas-partners.com\/?page_id=252","og_locale":"sk_SK","og_type":"article","og_title":"Pr\u00e1vne poistenie - Kralik Tomas and Partners","og_description":"Pr\u00e1vne poistenie alebo poistenie pr\u00e1vnej ochrany (Rechtschutzversicherung) Poistenie pr\u00e1vnej ochrany je z m\u00f4jho poh\u013eadu druh\u00e9 najd\u00f4le\u017eitej\u0161ie nepovinn\u00e9 poistenie vo \u0160vaj\u010diarsku. Naj\u010dastej\u0161ie probl\u00e9my, do ktor\u00fdch sa dostavaj\u00fa na\u0161inci (Slov\u00e1ci, \u010cesi) s\u00fa so zamestn\u00e1vate\u013eom. AJ tu je bohu\u017eia\u013e \u0161port nevypl\u00e1ca\u0165 dohodnut\u00fa mzdu a to ve\u013emi \u010dasto vyu\u017e\u00edvaj\u00fa podaktor\u00ed zamestn\u00e1vatelia, preto\u017ee na pr\u00e1vnika m\u00e1 malo kto a o&hellip; Read more","og_url":"https:\/\/www.kraliktomas-partners.com\/?page_id=252","og_site_name":"Kralik Tomas and Partners","article_publisher":"https:\/\/www.facebook.com\/Kralik-Tomas-Partners-103329075753200","article_modified_time":"2022-06-28T11:50:40+00:00","og_image":[{"url":"https:\/\/www.kraliktomas-partners.com\/wp-content\/uploads\/2022\/06\/cropped-logo_modre1-300x109.png","type":"","width":"","height":""}],"twitter_card":"summary_large_image","twitter_misc":{"Predpokladan\u00fd \u010das \u010d\u00edtania":"1 min\u00fata"},"schema":{"@context":"https:\/\/schema.org","@graph":[{"@type":"WebPage","@id":"https:\/\/www.kraliktomas-partners.com\/?page_id=252","url":"https:\/\/www.kraliktomas-partners.com\/?page_id=252","name":"Pr\u00e1vne poistenie - Kralik Tomas and Partners","isPartOf":{"@id":"https:\/\/www.kraliktomas-partners.com\/#website"},"primaryImageOfPage":{"@id":"https:\/\/www.kraliktomas-partners.com\/?page_id=252#primaryimage"},"image":{"@id":"https:\/\/www.kraliktomas-partners.com\/?page_id=252#primaryimage"},"thumbnailUrl":"https:\/\/www.kraliktomas-partners.com\/wp-content\/uploads\/2022\/06\/cropped-logo_modre1-300x109.png","datePublished":"2022-06-28T10:34:36+00:00","dateModified":"2022-06-28T11:50:40+00:00","breadcrumb":{"@id":"https:\/\/www.kraliktomas-partners.com\/?page_id=252#breadcrumb"},"inLanguage":"sk-SK","potentialAction":[{"@type":"ReadAction","target":["https:\/\/www.kraliktomas-partners.com\/?page_id=252"]}]},{"@type":"ImageObject","inLanguage":"sk-SK","@id":"https:\/\/www.kraliktomas-partners.com\/?page_id=252#primaryimage","url":"https:\/\/www.kraliktomas-partners.com\/wp-content\/uploads\/2022\/06\/cropped-logo_modre1.png","contentUrl":"https:\/\/www.kraliktomas-partners.com\/wp-content\/uploads\/2022\/06\/cropped-logo_modre1.png","width":2556,"height":927},{"@type":"BreadcrumbList","@id":"https:\/\/www.kraliktomas-partners.com\/?page_id=252#breadcrumb","itemListElement":[{"@type":"ListItem","position":1,"name":"Home","item":"https:\/\/www.kraliktomas-partners.com\/"},{"@type":"ListItem","position":2,"name":"Pr\u00e1vne poistenie"}]},{"@type":"WebSite","@id":"https:\/\/www.kraliktomas-partners.com\/#website","url":"https:\/\/www.kraliktomas-partners.com\/","name":"Kralik Tomas and Partners","description":"Moje meno je z\u00e1rukou va\u0161ej spokojnosti","publisher":{"@id":"https:\/\/www.kraliktomas-partners.com\/#organization"},"potentialAction":[{"@type":"SearchAction","target":{"@type":"EntryPoint","urlTemplate":"https:\/\/www.kraliktomas-partners.com\/?s={search_term_string}"},"query-input":{"@type":"PropertyValueSpecification","valueRequired":true,"valueName":"search_term_string"}}],"inLanguage":"sk-SK"},{"@type":"Organization","@id":"https:\/\/www.kraliktomas-partners.com\/#organization","name":"Kralik Tomas and Partners","url":"https:\/\/www.kraliktomas-partners.com\/","logo":{"@type":"ImageObject","inLanguage":"sk-SK","@id":"https:\/\/www.kraliktomas-partners.com\/#\/schema\/logo\/image\/","url":"https:\/\/www.kraliktomas-partners.com\/wp-content\/uploads\/2022\/06\/logo3.png","contentUrl":"https:\/\/www.kraliktomas-partners.com\/wp-content\/uploads\/2022\/06\/logo3.png","width":3543,"height":2362,"caption":"Kralik Tomas and Partners"},"image":{"@id":"https:\/\/www.kraliktomas-partners.com\/#\/schema\/logo\/image\/"},"sameAs":["https:\/\/www.facebook.com\/Kralik-Tomas-Partners-103329075753200"]}]}},"_links":{"self":[{"href":"https:\/\/www.kraliktomas-partners.com\/index.php?rest_route=\/wp\/v2\/pages\/252","targetHints":{"allow":["GET"]}}],"collection":[{"href":"https:\/\/www.kraliktomas-partners.com\/index.php?rest_route=\/wp\/v2\/pages"}],"about":[{"href":"https:\/\/www.kraliktomas-partners.com\/index.php?rest_route=\/wp\/v2\/types\/page"}],"author":[{"embeddable":true,"href":"https:\/\/www.kraliktomas-partners.com\/index.php?rest_route=\/wp\/v2\/users\/1"}],"replies":[{"embeddable":true,"href":"https:\/\/www.kraliktomas-partners.com\/index.php?rest_route=%2Fwp%2Fv2%2Fcomments&post=252"}],"version-history":[{"count":3,"href":"https:\/\/www.kraliktomas-partners.com\/index.php?rest_route=\/wp\/v2\/pages\/252\/revisions"}],"predecessor-version":[{"id":301,"href":"https:\/\/www.kraliktomas-partners.com\/index.php?rest_route=\/wp\/v2\/pages\/252\/revisions\/301"}],"wp:attachment":[{"href":"https:\/\/www.kraliktomas-partners.com\/index.php?rest_route=%2Fwp%2Fv2%2Fmedia&parent=252"}],"curies":[{"name":"wp","href":"https:\/\/api.w.org\/{rel}","templated":true}]}}