{"id":26,"date":"2022-06-24T13:04:49","date_gmt":"2022-06-24T13:04:49","guid":{"rendered":"https:\/\/www.kraliktomas-partners.com\/?page_id=26"},"modified":"2022-10-04T07:02:47","modified_gmt":"2022-10-04T07:02:47","slug":"kontakt","status":"publish","type":"page","link":"https:\/\/www.kraliktomas-partners.com\/?page_id=26","title":{"rendered":"Kontakt"},"content":{"rendered":"\n<h2 class=\"wp-block-heading\">Po\u0161lite mi e-mail<\/h2>\n\n\n\n<p>Ak m\u00e1te ot\u00e1zky a h\u013ead\u00e1te odpovede, sp\u00fdtajte sa ma cez kontaktn\u00fd formul\u00e1r. Zaslan\u00edm spr\u00e1vy, s\u00fahlas\u00edte so V\u0161eobecn\u00fdmi podmienkami o ochrane osobn\u00fdch \u00fadajov.<\/p>\n\n\n\n<p><\/p>\n\n\n<div class=\"wpforms-container wpforms-container-full\" id=\"wpforms-199\"><form id=\"wpforms-form-199\" class=\"wpforms-validate wpforms-form wpforms-ajax-form\" data-formid=\"199\" method=\"post\" enctype=\"multipart\/form-data\" action=\"\/index.php?rest_route=%2Fwp%2Fv2%2Fpages%2F26\" data-token=\"7eae562e29d9c537656974cae6edcd64\" data-token-time=\"1777112586\"><noscript class=\"wpforms-error-noscript\">Please enable JavaScript in your browser to complete this form.<\/noscript><div class=\"wpforms-field-container\"><div id=\"wpforms-199-field_0-container\" class=\"wpforms-field wpforms-field-name\" data-field-id=\"0\"><label class=\"wpforms-field-label\">Meno <span class=\"wpforms-required-label\">*<\/span><\/label><div class=\"wpforms-field-row wpforms-field-medium\"><div class=\"wpforms-field-row-block wpforms-first wpforms-one-half\"><input type=\"text\" id=\"wpforms-199-field_0\" class=\"wpforms-field-name-first wpforms-field-required\" name=\"wpforms[fields][0][first]\" required><label for=\"wpforms-199-field_0\" class=\"wpforms-field-sublabel after\">First<\/label><\/div><div class=\"wpforms-field-row-block wpforms-one-half\"><input type=\"text\" id=\"wpforms-199-field_0-last\" class=\"wpforms-field-name-last wpforms-field-required\" name=\"wpforms[fields][0][last]\" required><label for=\"wpforms-199-field_0-last\" class=\"wpforms-field-sublabel after\">Last<\/label><\/div><\/div><\/div><div id=\"wpforms-199-field_3-container\" class=\"wpforms-field wpforms-field-number\" data-field-id=\"3\"><label class=\"wpforms-field-label\" for=\"wpforms-199-field_3\">Telef\u00f3nne \u010d\u00edslo <span class=\"wpforms-required-label\">*<\/span><\/label><input type=\"number\" id=\"wpforms-199-field_3\" class=\"wpforms-field-medium wpforms-field-required\" name=\"wpforms[fields][3]\" step=\"any\" required><\/div><div id=\"wpforms-199-field_1-container\" class=\"wpforms-field wpforms-field-email\" data-field-id=\"1\"><label class=\"wpforms-field-label\" for=\"wpforms-199-field_1\">Email <span class=\"wpforms-required-label\">*<\/span><\/label><input type=\"email\" id=\"wpforms-199-field_1\" class=\"wpforms-field-medium wpforms-field-required\" name=\"wpforms[fields][1]\" spellcheck=\"false\" required><\/div><div id=\"wpforms-199-field_2-container\" class=\"wpforms-field wpforms-field-textarea\" data-field-id=\"2\"><label class=\"wpforms-field-label\" for=\"wpforms-199-field_2\">Va\u0161a spr\u00e1va <span class=\"wpforms-required-label\">*<\/span><\/label><textarea id=\"wpforms-199-field_2\" class=\"wpforms-field-medium wpforms-field-required\" name=\"wpforms[fields][2]\" required><\/textarea><\/div><\/div><!-- .wpforms-field-container --><div class=\"wpforms-recaptcha-container wpforms-is-hcaptcha\" ><div class=\"h-captcha\" data-sitekey=\"d0f09940-7b58-4a6a-976d-5c924241f48e\"><\/div><input type=\"text\" name=\"g-recaptcha-hidden\" class=\"wpforms-recaptcha-hidden\" style=\"position:absolute!important;clip:rect(0,0,0,0)!important;height:1px!important;width:1px!important;border:0!important;overflow:hidden!important;padding:0!important;margin:0!important;\" data-rule-hcaptcha=\"1\"><\/div><div class=\"wpforms-submit-container\" ><input type=\"hidden\" name=\"wpforms[id]\" value=\"199\"><input type=\"hidden\" name=\"page_title\" value=\"\"><input type=\"hidden\" name=\"page_url\" value=\"https:\/\/www.kraliktomas-partners.com\/index.php?rest_route=\/wp\/v2\/pages\/26\"><input type=\"hidden\" name=\"url_referer\" value=\"\"><button type=\"submit\" name=\"wpforms[submit]\" id=\"wpforms-submit-199\" class=\"wpforms-submit\" data-alt-text=\"Posielam...\" data-submit-text=\"Posla\u0165\" aria-live=\"assertive\" value=\"wpforms-submit\">Posla\u0165<\/button><img loading=\"lazy\" decoding=\"async\" src=\"https:\/\/www.kraliktomas-partners.com\/wp-content\/plugins\/wpforms-lite\/assets\/images\/submit-spin.svg\" class=\"wpforms-submit-spinner\" style=\"display: none;\" width=\"26\" height=\"26\" alt=\"Loading\"><\/div><\/form><\/div>  <!-- .wpforms-container -->\n\n\n\n<h2 class=\"wp-block-heading\">Kde n\u00e1s n\u00e1jdete:<\/h2>\n\n\n\n<div class=\"wp-block-webfactory-map\"><div class=\"wp-block-webfactory-map\"><iframe loading=\"lazy\" width=\"100%\" height=\"300px\" src=\"https:\/\/www.google.com\/maps\/embed\/v1\/place?q=Sieberstrasse%205%2C%208055%20Z%C3%BCrich&amp;maptype=roadmap&amp;zoom=10&amp;key=AIzaSyAjyDspiPfzEfjRSS5fQzm-3jHFjHxeXB4\" frameborder=\"0\"><\/iframe><\/div><\/div>\n\n\n\n<div class=\"wp-block-webfactory-map\"><div class=\"wp-block-webfactory-map\"><iframe loading=\"lazy\" width=\"100%\" height=\"300px\" src=\"https:\/\/www.google.com\/maps\/embed\/v1\/place?q=Mellingerstrasse%2010%2C%205443%20Niederrohrdorf&amp;maptype=roadmap&amp;zoom=10&amp;key=AIzaSyAjyDspiPfzEfjRSS5fQzm-3jHFjHxeXB4\" frameborder=\"0\"><\/iframe><\/div><\/div>\n","protected":false},"excerpt":{"rendered":"<p>Po\u0161lite mi e-mail Ak m\u00e1te ot\u00e1zky a h\u013ead\u00e1te odpovede, sp\u00fdtajte sa ma cez kontaktn\u00fd formul\u00e1r. Zaslan\u00edm spr\u00e1vy, s\u00fahlas\u00edte so V\u0161eobecn\u00fdmi podmienkami o ochrane osobn\u00fdch \u00fadajov. Kde n\u00e1s n\u00e1jdete:<\/p>\n","protected":false},"author":1,"featured_media":0,"parent":0,"menu_order":0,"comment_status":"closed","ping_status":"closed","template":"","meta":{"footnotes":""},"class_list":["post-26","page","type-page","status-publish","hentry"],"aioseo_notices":[],"yoast_head":"<!-- This site is optimized with the Yoast SEO plugin v27.4 - https:\/\/yoast.com\/product\/yoast-seo-wordpress\/ -->\n<title>Kontakt - Kralik Tomas and Partners<\/title>\n<meta name=\"robots\" content=\"index, follow, max-snippet:-1, max-image-preview:large, max-video-preview:-1\" \/>\n<link rel=\"canonical\" href=\"https:\/\/www.kraliktomas-partners.com\/?page_id=26\" \/>\n<meta property=\"og:locale\" content=\"sk_SK\" \/>\n<meta property=\"og:type\" content=\"article\" \/>\n<meta property=\"og:title\" content=\"Kontakt - Kralik Tomas and Partners\" \/>\n<meta property=\"og:description\" content=\"Po\u0161lite mi e-mail Ak m\u00e1te ot\u00e1zky a h\u013ead\u00e1te odpovede, sp\u00fdtajte sa ma cez kontaktn\u00fd formul\u00e1r. Zaslan\u00edm spr\u00e1vy, s\u00fahlas\u00edte so V\u0161eobecn\u00fdmi podmienkami o ochrane osobn\u00fdch \u00fadajov. Kde n\u00e1s n\u00e1jdete:\" \/>\n<meta property=\"og:url\" content=\"https:\/\/www.kraliktomas-partners.com\/?page_id=26\" \/>\n<meta property=\"og:site_name\" content=\"Kralik Tomas and Partners\" \/>\n<meta property=\"article:publisher\" content=\"https:\/\/www.facebook.com\/Kralik-Tomas-Partners-103329075753200\" \/>\n<meta property=\"article:modified_time\" content=\"2022-10-04T07:02:47+00:00\" \/>\n<meta name=\"twitter:card\" content=\"summary_large_image\" \/>\n<meta name=\"twitter:label1\" content=\"Predpokladan\u00fd \u010das \u010d\u00edtania\" \/>\n\t<meta name=\"twitter:data1\" content=\"1 min\u00fata\" \/>\n<script type=\"application\/ld+json\" class=\"yoast-schema-graph\">{\"@context\":\"https:\\\/\\\/schema.org\",\"@graph\":[{\"@type\":\"WebPage\",\"@id\":\"https:\\\/\\\/www.kraliktomas-partners.com\\\/?page_id=26\",\"url\":\"https:\\\/\\\/www.kraliktomas-partners.com\\\/?page_id=26\",\"name\":\"Kontakt - Kralik Tomas and Partners\",\"isPartOf\":{\"@id\":\"https:\\\/\\\/www.kraliktomas-partners.com\\\/#website\"},\"datePublished\":\"2022-06-24T13:04:49+00:00\",\"dateModified\":\"2022-10-04T07:02:47+00:00\",\"breadcrumb\":{\"@id\":\"https:\\\/\\\/www.kraliktomas-partners.com\\\/?page_id=26#breadcrumb\"},\"inLanguage\":\"sk-SK\",\"potentialAction\":[{\"@type\":\"ReadAction\",\"target\":[\"https:\\\/\\\/www.kraliktomas-partners.com\\\/?page_id=26\"]}]},{\"@type\":\"BreadcrumbList\",\"@id\":\"https:\\\/\\\/www.kraliktomas-partners.com\\\/?page_id=26#breadcrumb\",\"itemListElement\":[{\"@type\":\"ListItem\",\"position\":1,\"name\":\"Home\",\"item\":\"https:\\\/\\\/www.kraliktomas-partners.com\\\/\"},{\"@type\":\"ListItem\",\"position\":2,\"name\":\"Kontakt\"}]},{\"@type\":\"WebSite\",\"@id\":\"https:\\\/\\\/www.kraliktomas-partners.com\\\/#website\",\"url\":\"https:\\\/\\\/www.kraliktomas-partners.com\\\/\",\"name\":\"Kralik Tomas and Partners\",\"description\":\"Moje meno je z\u00e1rukou va\u0161ej spokojnosti\",\"publisher\":{\"@id\":\"https:\\\/\\\/www.kraliktomas-partners.com\\\/#organization\"},\"potentialAction\":[{\"@type\":\"SearchAction\",\"target\":{\"@type\":\"EntryPoint\",\"urlTemplate\":\"https:\\\/\\\/www.kraliktomas-partners.com\\\/?s={search_term_string}\"},\"query-input\":{\"@type\":\"PropertyValueSpecification\",\"valueRequired\":true,\"valueName\":\"search_term_string\"}}],\"inLanguage\":\"sk-SK\"},{\"@type\":\"Organization\",\"@id\":\"https:\\\/\\\/www.kraliktomas-partners.com\\\/#organization\",\"name\":\"Kralik Tomas and Partners\",\"url\":\"https:\\\/\\\/www.kraliktomas-partners.com\\\/\",\"logo\":{\"@type\":\"ImageObject\",\"inLanguage\":\"sk-SK\",\"@id\":\"https:\\\/\\\/www.kraliktomas-partners.com\\\/#\\\/schema\\\/logo\\\/image\\\/\",\"url\":\"https:\\\/\\\/www.kraliktomas-partners.com\\\/wp-content\\\/uploads\\\/2022\\\/06\\\/logo3.png\",\"contentUrl\":\"https:\\\/\\\/www.kraliktomas-partners.com\\\/wp-content\\\/uploads\\\/2022\\\/06\\\/logo3.png\",\"width\":3543,\"height\":2362,\"caption\":\"Kralik Tomas and Partners\"},\"image\":{\"@id\":\"https:\\\/\\\/www.kraliktomas-partners.com\\\/#\\\/schema\\\/logo\\\/image\\\/\"},\"sameAs\":[\"https:\\\/\\\/www.facebook.com\\\/Kralik-Tomas-Partners-103329075753200\"]}]}<\/script>\n<!-- \/ Yoast SEO plugin. -->","yoast_head_json":{"title":"Kontakt - Kralik Tomas and Partners","robots":{"index":"index","follow":"follow","max-snippet":"max-snippet:-1","max-image-preview":"max-image-preview:large","max-video-preview":"max-video-preview:-1"},"canonical":"https:\/\/www.kraliktomas-partners.com\/?page_id=26","og_locale":"sk_SK","og_type":"article","og_title":"Kontakt - Kralik Tomas and Partners","og_description":"Po\u0161lite mi e-mail Ak m\u00e1te ot\u00e1zky a h\u013ead\u00e1te odpovede, sp\u00fdtajte sa ma cez kontaktn\u00fd formul\u00e1r. Zaslan\u00edm spr\u00e1vy, s\u00fahlas\u00edte so V\u0161eobecn\u00fdmi podmienkami o ochrane osobn\u00fdch \u00fadajov. Kde n\u00e1s n\u00e1jdete:","og_url":"https:\/\/www.kraliktomas-partners.com\/?page_id=26","og_site_name":"Kralik Tomas and Partners","article_publisher":"https:\/\/www.facebook.com\/Kralik-Tomas-Partners-103329075753200","article_modified_time":"2022-10-04T07:02:47+00:00","twitter_card":"summary_large_image","twitter_misc":{"Predpokladan\u00fd \u010das \u010d\u00edtania":"1 min\u00fata"},"schema":{"@context":"https:\/\/schema.org","@graph":[{"@type":"WebPage","@id":"https:\/\/www.kraliktomas-partners.com\/?page_id=26","url":"https:\/\/www.kraliktomas-partners.com\/?page_id=26","name":"Kontakt - Kralik Tomas and Partners","isPartOf":{"@id":"https:\/\/www.kraliktomas-partners.com\/#website"},"datePublished":"2022-06-24T13:04:49+00:00","dateModified":"2022-10-04T07:02:47+00:00","breadcrumb":{"@id":"https:\/\/www.kraliktomas-partners.com\/?page_id=26#breadcrumb"},"inLanguage":"sk-SK","potentialAction":[{"@type":"ReadAction","target":["https:\/\/www.kraliktomas-partners.com\/?page_id=26"]}]},{"@type":"BreadcrumbList","@id":"https:\/\/www.kraliktomas-partners.com\/?page_id=26#breadcrumb","itemListElement":[{"@type":"ListItem","position":1,"name":"Home","item":"https:\/\/www.kraliktomas-partners.com\/"},{"@type":"ListItem","position":2,"name":"Kontakt"}]},{"@type":"WebSite","@id":"https:\/\/www.kraliktomas-partners.com\/#website","url":"https:\/\/www.kraliktomas-partners.com\/","name":"Kralik Tomas and Partners","description":"Moje meno je z\u00e1rukou va\u0161ej spokojnosti","publisher":{"@id":"https:\/\/www.kraliktomas-partners.com\/#organization"},"potentialAction":[{"@type":"SearchAction","target":{"@type":"EntryPoint","urlTemplate":"https:\/\/www.kraliktomas-partners.com\/?s={search_term_string}"},"query-input":{"@type":"PropertyValueSpecification","valueRequired":true,"valueName":"search_term_string"}}],"inLanguage":"sk-SK"},{"@type":"Organization","@id":"https:\/\/www.kraliktomas-partners.com\/#organization","name":"Kralik Tomas and Partners","url":"https:\/\/www.kraliktomas-partners.com\/","logo":{"@type":"ImageObject","inLanguage":"sk-SK","@id":"https:\/\/www.kraliktomas-partners.com\/#\/schema\/logo\/image\/","url":"https:\/\/www.kraliktomas-partners.com\/wp-content\/uploads\/2022\/06\/logo3.png","contentUrl":"https:\/\/www.kraliktomas-partners.com\/wp-content\/uploads\/2022\/06\/logo3.png","width":3543,"height":2362,"caption":"Kralik Tomas and Partners"},"image":{"@id":"https:\/\/www.kraliktomas-partners.com\/#\/schema\/logo\/image\/"},"sameAs":["https:\/\/www.facebook.com\/Kralik-Tomas-Partners-103329075753200"]}]}},"_links":{"self":[{"href":"https:\/\/www.kraliktomas-partners.com\/index.php?rest_route=\/wp\/v2\/pages\/26","targetHints":{"allow":["GET"]}}],"collection":[{"href":"https:\/\/www.kraliktomas-partners.com\/index.php?rest_route=\/wp\/v2\/pages"}],"about":[{"href":"https:\/\/www.kraliktomas-partners.com\/index.php?rest_route=\/wp\/v2\/types\/page"}],"author":[{"embeddable":true,"href":"https:\/\/www.kraliktomas-partners.com\/index.php?rest_route=\/wp\/v2\/users\/1"}],"replies":[{"embeddable":true,"href":"https:\/\/www.kraliktomas-partners.com\/index.php?rest_route=%2Fwp%2Fv2%2Fcomments&post=26"}],"version-history":[{"count":7,"href":"https:\/\/www.kraliktomas-partners.com\/index.php?rest_route=\/wp\/v2\/pages\/26\/revisions"}],"predecessor-version":[{"id":768,"href":"https:\/\/www.kraliktomas-partners.com\/index.php?rest_route=\/wp\/v2\/pages\/26\/revisions\/768"}],"wp:attachment":[{"href":"https:\/\/www.kraliktomas-partners.com\/index.php?rest_route=%2Fwp%2Fv2%2Fmedia&parent=26"}],"curies":[{"name":"wp","href":"https:\/\/api.w.org\/{rel}","templated":true}]}}