{"id":34,"date":"2022-06-24T13:08:42","date_gmt":"2022-06-24T13:08:42","guid":{"rendered":"https:\/\/www.kraliktomas-partners.com\/?page_id=34"},"modified":"2022-06-28T11:47:13","modified_gmt":"2022-06-28T11:47:13","slug":"sporenie","status":"publish","type":"page","link":"https:\/\/www.kraliktomas-partners.com\/?page_id=34","title":{"rendered":"Sporenie vo \u0160vaj\u010diarsku"},"content":{"rendered":"\n<p>Sporenie<\/p>\n\n\n\n<p>V\u0161etci pozn\u00e1me klasick\u00e9 sporenie v bank\u00e1ch. Sporiace \u00fa\u010dty at\u010f.<\/p>\n\n\n\n<p>Ale pokia\u013e sa vo \u0160vaj\u010diarsku rozhodnete zosta\u0165 na dlh\u0161ie obdobie, alebo sa presved\u010d\u00edte, \u017ee toto je ta spr\u00e1vna krajina pre v\u00e1\u0161 \u017eivot je ve\u013emi d\u00f4le\u017eit\u00e9, za\u010da\u0165 rozm\u00fd\u0161\u013ea\u0165 nad zalo\u017een\u00edm si sporenia. \u010ci sa jedn\u00e1 o sporenie na bankovom \u00fa\u010dte alebo ide o sporenie cez pois\u0165ov\u0148u, nasporenou sumou si zabezpe\u010d\u00edte pocit istoty v pr\u00edpade, \u017ee pr\u00edde k neo\u010dak\u00e1van\u00fdm udalostiam. A verte, \u017ee t\u00fdch neo\u010dak\u00e1van\u00fdch situ\u00e1ci\u00ed je vo \u0160vaj\u010diarsku ve\u013emi ve\u013ea. Hlavne pre \u013eud\u00ed, ktor\u00ed pracuj\u00fa dlhodobej\u0161ie pre agent\u00fary a nie s\u00fa zamestnan\u00ed na priamo vo firm\u00e1ch. Samozrejme, \u017ee s dobr\u00fdm napl\u00e1novan\u00edm si \u010di u\u017e poisten\u00ed alebo finan\u010dn\u00fdch zdrojov sa nemus\u00edte ni\u010doho ob\u00e1va\u0165.<\/p>\n\n\n\n<p>Vo \u0160vaj\u010diarsku je mnoho mo\u017enost\u00ed ako si za\u010da\u0165 spori\u0165 na \u010doko\u013evek. \u010ci u\u017e na lep\u0161ie b\u00fdvanie, auto, \u0161kolu pre deti, stroj\u010dek na zuby pre deti, ktor\u00fd stoji od 9000-13,000chf alebo v neposlednom rade na lep\u0161i d\u00f4chodok. \u00c1no, u\u017e aj vo \u0160vaj\u010diarsku je d\u00f4le\u017eit\u00e9 myslie\u0165 na lep\u0161\u00ed d\u00f4chodok.<\/p>\n\n\n\n<p>Na be\u017en\u00fdch bankov\u00fdch \u00fa\u010dtoch si viete zalo\u017ei\u0165 sporiace konto, ktor\u00e9 nie je ve\u013emi v\u00fdnosn\u00e9 na z\u00e1klade n\u00edzkej \u00farokovej sadzby, ale je ve\u013emi d\u00f4le\u017eit\u00e9 pre dobr\u00fa bankov\u00fa bonitu. Nie je presne ur\u010den\u00e9 ko\u013eko si budete odklada\u0165 na \u00fa\u010det, ale to, \u010di si budete odklada\u0165 pravidelne.<\/p>\n\n\n\n<p>Bonita (Bonit\u00e4t) je d\u00f4le\u017eit\u00e1 pri akomko\u013evek bankom produkte. P\u00f4\u017ei\u010dka, l\u00edzing, hypot\u00e9ka, kreditn\u00e1 karta \u010di pre\u010derpanie na be\u017enom \u00fa\u010dte alebo pri spl\u00e1tkovom predaji ak\u00e9hoko\u013evek produktu.<\/p>\n\n\n\n<p>Vo \u0160vaj\u010diarsku existuje Centr\u00e1lny bankov\u00fd register (ZEK), a do neho sa dostanete hne\u010f ako si zalo\u017e\u00edte bankov\u00fd \u00fa\u010det.<\/p>\n\n\n\n<p>Jeden z viacer\u00fdch sporiacich produktov vo \u0160vaj\u010diarsku a najob\u013e\u00fabenej\u0161\u00ed medzi \u0160vaj\u010diarmi je produkt 3 d\u00f4chodkov\u00fd pilier (3 S\u00e4ule). 3. pilier d\u00f4chodkov\u00e9ho syst\u00e9mu \u010dastokr\u00e1t zav\u00e1dza na\u0161incov (Slov\u00e1ci, \u010cesi) nako\u013eko m\u00e1 v n\u00e1zve d\u00f4chodkov\u00fd. Ale nie je to tak. Nie je ur\u010den\u00fd len na sporenie si do d\u00f4chodku. Pozost\u00e1va z dvoch modelov a to 3A a 3B. S 3B modelom si m\u00f4\u017eete d\u013a\u017eku v\u00e1\u0161ho sporenia ur\u010di\u0165 na ak\u00fako\u013evek dobu chcete a 3A model je ur\u010den\u00fd na d\u00f4chodok. Samozrejme pri odchode zo \u0160vaj\u010diarska si m\u00f4\u017eete pred\u010dasne vybra\u0165 aj model 3A. T\u00e1to t\u00e9ma je rozsiahla a ur\u010dite sa do\u010d\u00edtate na na\u0161ej str\u00e1nke aj podrobnosti o tomto produkte.<\/p>\n\n\n<div class=\"wp-block-image\">\n<figure class=\"aligncenter size-medium\"><img loading=\"lazy\" decoding=\"async\" width=\"300\" height=\"109\" src=\"https:\/\/www.kraliktomas-partners.com\/wp-content\/uploads\/2022\/06\/cropped-logo_modre1-300x109.png\" alt=\"\" class=\"wp-image-103\" srcset=\"https:\/\/www.kraliktomas-partners.com\/wp-content\/uploads\/2022\/06\/cropped-logo_modre1-300x109.png 300w, https:\/\/www.kraliktomas-partners.com\/wp-content\/uploads\/2022\/06\/cropped-logo_modre1-1024x371.png 1024w, https:\/\/www.kraliktomas-partners.com\/wp-content\/uploads\/2022\/06\/cropped-logo_modre1-768x279.png 768w, https:\/\/www.kraliktomas-partners.com\/wp-content\/uploads\/2022\/06\/cropped-logo_modre1-1536x557.png 1536w, https:\/\/www.kraliktomas-partners.com\/wp-content\/uploads\/2022\/06\/cropped-logo_modre1-2048x743.png 2048w, https:\/\/www.kraliktomas-partners.com\/wp-content\/uploads\/2022\/06\/cropped-logo_modre1-1920x696.png 1920w\" sizes=\"auto, (max-width: 300px) 100vw, 300px\" \/><\/figure>\n<\/div>","protected":false},"excerpt":{"rendered":"<p>Sporenie V\u0161etci pozn\u00e1me klasick\u00e9 sporenie v bank\u00e1ch. Sporiace \u00fa\u010dty at\u010f. Ale pokia\u013e sa vo \u0160vaj\u010diarsku rozhodnete zosta\u0165 na dlh\u0161ie obdobie, alebo sa presved\u010d\u00edte, \u017ee toto je ta spr\u00e1vna krajina pre v\u00e1\u0161 \u017eivot je ve\u013emi d\u00f4le\u017eit\u00e9, za\u010da\u0165 rozm\u00fd\u0161\u013ea\u0165 nad zalo\u017een\u00edm si sporenia. \u010ci sa jedn\u00e1 o sporenie na bankovom \u00fa\u010dte alebo ide o sporenie cez pois\u0165ov\u0148u,&hellip; <br \/> <a class=\"read-more\" href=\"https:\/\/www.kraliktomas-partners.com\/?page_id=34\">Read more<\/a><\/p>\n","protected":false},"author":1,"featured_media":0,"parent":0,"menu_order":0,"comment_status":"closed","ping_status":"closed","template":"","meta":{"footnotes":""},"class_list":["post-34","page","type-page","status-publish","hentry"],"aioseo_notices":[],"yoast_head":"<!-- This site is optimized with the Yoast SEO plugin v27.4 - https:\/\/yoast.com\/product\/yoast-seo-wordpress\/ -->\n<title>Sporenie vo \u0160vaj\u010diarsku - Kralik Tomas and Partners<\/title>\n<meta name=\"robots\" content=\"index, follow, max-snippet:-1, max-image-preview:large, max-video-preview:-1\" \/>\n<link rel=\"canonical\" href=\"https:\/\/www.kraliktomas-partners.com\/?page_id=34\" \/>\n<meta property=\"og:locale\" content=\"sk_SK\" \/>\n<meta property=\"og:type\" content=\"article\" \/>\n<meta property=\"og:title\" content=\"Sporenie vo \u0160vaj\u010diarsku - Kralik Tomas and Partners\" \/>\n<meta property=\"og:description\" content=\"Sporenie V\u0161etci pozn\u00e1me klasick\u00e9 sporenie v bank\u00e1ch. Sporiace \u00fa\u010dty at\u010f. Ale pokia\u013e sa vo \u0160vaj\u010diarsku rozhodnete zosta\u0165 na dlh\u0161ie obdobie, alebo sa presved\u010d\u00edte, \u017ee toto je ta spr\u00e1vna krajina pre v\u00e1\u0161 \u017eivot je ve\u013emi d\u00f4le\u017eit\u00e9, za\u010da\u0165 rozm\u00fd\u0161\u013ea\u0165 nad zalo\u017een\u00edm si sporenia. \u010ci sa jedn\u00e1 o sporenie na bankovom \u00fa\u010dte alebo ide o sporenie cez pois\u0165ov\u0148u,&hellip; Read more\" \/>\n<meta property=\"og:url\" content=\"https:\/\/www.kraliktomas-partners.com\/?page_id=34\" \/>\n<meta property=\"og:site_name\" content=\"Kralik Tomas and Partners\" \/>\n<meta property=\"article:publisher\" content=\"https:\/\/www.facebook.com\/Kralik-Tomas-Partners-103329075753200\" \/>\n<meta property=\"article:modified_time\" content=\"2022-06-28T11:47:13+00:00\" \/>\n<meta property=\"og:image\" content=\"https:\/\/www.kraliktomas-partners.com\/wp-content\/uploads\/2022\/06\/cropped-logo_modre1-300x109.png\" \/>\n<meta name=\"twitter:card\" content=\"summary_large_image\" \/>\n<meta name=\"twitter:label1\" content=\"Predpokladan\u00fd \u010das \u010d\u00edtania\" \/>\n\t<meta name=\"twitter:data1\" content=\"3 min\u00faty\" \/>\n<script type=\"application\/ld+json\" class=\"yoast-schema-graph\">{\"@context\":\"https:\\\/\\\/schema.org\",\"@graph\":[{\"@type\":\"WebPage\",\"@id\":\"https:\\\/\\\/www.kraliktomas-partners.com\\\/?page_id=34\",\"url\":\"https:\\\/\\\/www.kraliktomas-partners.com\\\/?page_id=34\",\"name\":\"Sporenie vo \u0160vaj\u010diarsku - Kralik Tomas and Partners\",\"isPartOf\":{\"@id\":\"https:\\\/\\\/www.kraliktomas-partners.com\\\/#website\"},\"primaryImageOfPage\":{\"@id\":\"https:\\\/\\\/www.kraliktomas-partners.com\\\/?page_id=34#primaryimage\"},\"image\":{\"@id\":\"https:\\\/\\\/www.kraliktomas-partners.com\\\/?page_id=34#primaryimage\"},\"thumbnailUrl\":\"https:\\\/\\\/www.kraliktomas-partners.com\\\/wp-content\\\/uploads\\\/2022\\\/06\\\/cropped-logo_modre1-300x109.png\",\"datePublished\":\"2022-06-24T13:08:42+00:00\",\"dateModified\":\"2022-06-28T11:47:13+00:00\",\"breadcrumb\":{\"@id\":\"https:\\\/\\\/www.kraliktomas-partners.com\\\/?page_id=34#breadcrumb\"},\"inLanguage\":\"sk-SK\",\"potentialAction\":[{\"@type\":\"ReadAction\",\"target\":[\"https:\\\/\\\/www.kraliktomas-partners.com\\\/?page_id=34\"]}]},{\"@type\":\"ImageObject\",\"inLanguage\":\"sk-SK\",\"@id\":\"https:\\\/\\\/www.kraliktomas-partners.com\\\/?page_id=34#primaryimage\",\"url\":\"https:\\\/\\\/www.kraliktomas-partners.com\\\/wp-content\\\/uploads\\\/2022\\\/06\\\/cropped-logo_modre1.png\",\"contentUrl\":\"https:\\\/\\\/www.kraliktomas-partners.com\\\/wp-content\\\/uploads\\\/2022\\\/06\\\/cropped-logo_modre1.png\",\"width\":2556,\"height\":927},{\"@type\":\"BreadcrumbList\",\"@id\":\"https:\\\/\\\/www.kraliktomas-partners.com\\\/?page_id=34#breadcrumb\",\"itemListElement\":[{\"@type\":\"ListItem\",\"position\":1,\"name\":\"Home\",\"item\":\"https:\\\/\\\/www.kraliktomas-partners.com\\\/\"},{\"@type\":\"ListItem\",\"position\":2,\"name\":\"Sporenie vo \u0160vaj\u010diarsku\"}]},{\"@type\":\"WebSite\",\"@id\":\"https:\\\/\\\/www.kraliktomas-partners.com\\\/#website\",\"url\":\"https:\\\/\\\/www.kraliktomas-partners.com\\\/\",\"name\":\"Kralik Tomas and Partners\",\"description\":\"Moje meno je z\u00e1rukou va\u0161ej spokojnosti\",\"publisher\":{\"@id\":\"https:\\\/\\\/www.kraliktomas-partners.com\\\/#organization\"},\"potentialAction\":[{\"@type\":\"SearchAction\",\"target\":{\"@type\":\"EntryPoint\",\"urlTemplate\":\"https:\\\/\\\/www.kraliktomas-partners.com\\\/?s={search_term_string}\"},\"query-input\":{\"@type\":\"PropertyValueSpecification\",\"valueRequired\":true,\"valueName\":\"search_term_string\"}}],\"inLanguage\":\"sk-SK\"},{\"@type\":\"Organization\",\"@id\":\"https:\\\/\\\/www.kraliktomas-partners.com\\\/#organization\",\"name\":\"Kralik Tomas and Partners\",\"url\":\"https:\\\/\\\/www.kraliktomas-partners.com\\\/\",\"logo\":{\"@type\":\"ImageObject\",\"inLanguage\":\"sk-SK\",\"@id\":\"https:\\\/\\\/www.kraliktomas-partners.com\\\/#\\\/schema\\\/logo\\\/image\\\/\",\"url\":\"https:\\\/\\\/www.kraliktomas-partners.com\\\/wp-content\\\/uploads\\\/2022\\\/06\\\/logo3.png\",\"contentUrl\":\"https:\\\/\\\/www.kraliktomas-partners.com\\\/wp-content\\\/uploads\\\/2022\\\/06\\\/logo3.png\",\"width\":3543,\"height\":2362,\"caption\":\"Kralik Tomas and Partners\"},\"image\":{\"@id\":\"https:\\\/\\\/www.kraliktomas-partners.com\\\/#\\\/schema\\\/logo\\\/image\\\/\"},\"sameAs\":[\"https:\\\/\\\/www.facebook.com\\\/Kralik-Tomas-Partners-103329075753200\"]}]}<\/script>\n<!-- \/ Yoast SEO plugin. -->","yoast_head_json":{"title":"Sporenie vo \u0160vaj\u010diarsku - Kralik Tomas and Partners","robots":{"index":"index","follow":"follow","max-snippet":"max-snippet:-1","max-image-preview":"max-image-preview:large","max-video-preview":"max-video-preview:-1"},"canonical":"https:\/\/www.kraliktomas-partners.com\/?page_id=34","og_locale":"sk_SK","og_type":"article","og_title":"Sporenie vo \u0160vaj\u010diarsku - Kralik Tomas and Partners","og_description":"Sporenie V\u0161etci pozn\u00e1me klasick\u00e9 sporenie v bank\u00e1ch. Sporiace \u00fa\u010dty at\u010f. Ale pokia\u013e sa vo \u0160vaj\u010diarsku rozhodnete zosta\u0165 na dlh\u0161ie obdobie, alebo sa presved\u010d\u00edte, \u017ee toto je ta spr\u00e1vna krajina pre v\u00e1\u0161 \u017eivot je ve\u013emi d\u00f4le\u017eit\u00e9, za\u010da\u0165 rozm\u00fd\u0161\u013ea\u0165 nad zalo\u017een\u00edm si sporenia. \u010ci sa jedn\u00e1 o sporenie na bankovom \u00fa\u010dte alebo ide o sporenie cez pois\u0165ov\u0148u,&hellip; Read more","og_url":"https:\/\/www.kraliktomas-partners.com\/?page_id=34","og_site_name":"Kralik Tomas and Partners","article_publisher":"https:\/\/www.facebook.com\/Kralik-Tomas-Partners-103329075753200","article_modified_time":"2022-06-28T11:47:13+00:00","og_image":[{"url":"https:\/\/www.kraliktomas-partners.com\/wp-content\/uploads\/2022\/06\/cropped-logo_modre1-300x109.png","type":"","width":"","height":""}],"twitter_card":"summary_large_image","twitter_misc":{"Predpokladan\u00fd \u010das \u010d\u00edtania":"3 min\u00faty"},"schema":{"@context":"https:\/\/schema.org","@graph":[{"@type":"WebPage","@id":"https:\/\/www.kraliktomas-partners.com\/?page_id=34","url":"https:\/\/www.kraliktomas-partners.com\/?page_id=34","name":"Sporenie vo \u0160vaj\u010diarsku - Kralik Tomas and Partners","isPartOf":{"@id":"https:\/\/www.kraliktomas-partners.com\/#website"},"primaryImageOfPage":{"@id":"https:\/\/www.kraliktomas-partners.com\/?page_id=34#primaryimage"},"image":{"@id":"https:\/\/www.kraliktomas-partners.com\/?page_id=34#primaryimage"},"thumbnailUrl":"https:\/\/www.kraliktomas-partners.com\/wp-content\/uploads\/2022\/06\/cropped-logo_modre1-300x109.png","datePublished":"2022-06-24T13:08:42+00:00","dateModified":"2022-06-28T11:47:13+00:00","breadcrumb":{"@id":"https:\/\/www.kraliktomas-partners.com\/?page_id=34#breadcrumb"},"inLanguage":"sk-SK","potentialAction":[{"@type":"ReadAction","target":["https:\/\/www.kraliktomas-partners.com\/?page_id=34"]}]},{"@type":"ImageObject","inLanguage":"sk-SK","@id":"https:\/\/www.kraliktomas-partners.com\/?page_id=34#primaryimage","url":"https:\/\/www.kraliktomas-partners.com\/wp-content\/uploads\/2022\/06\/cropped-logo_modre1.png","contentUrl":"https:\/\/www.kraliktomas-partners.com\/wp-content\/uploads\/2022\/06\/cropped-logo_modre1.png","width":2556,"height":927},{"@type":"BreadcrumbList","@id":"https:\/\/www.kraliktomas-partners.com\/?page_id=34#breadcrumb","itemListElement":[{"@type":"ListItem","position":1,"name":"Home","item":"https:\/\/www.kraliktomas-partners.com\/"},{"@type":"ListItem","position":2,"name":"Sporenie vo \u0160vaj\u010diarsku"}]},{"@type":"WebSite","@id":"https:\/\/www.kraliktomas-partners.com\/#website","url":"https:\/\/www.kraliktomas-partners.com\/","name":"Kralik Tomas and Partners","description":"Moje meno je z\u00e1rukou va\u0161ej spokojnosti","publisher":{"@id":"https:\/\/www.kraliktomas-partners.com\/#organization"},"potentialAction":[{"@type":"SearchAction","target":{"@type":"EntryPoint","urlTemplate":"https:\/\/www.kraliktomas-partners.com\/?s={search_term_string}"},"query-input":{"@type":"PropertyValueSpecification","valueRequired":true,"valueName":"search_term_string"}}],"inLanguage":"sk-SK"},{"@type":"Organization","@id":"https:\/\/www.kraliktomas-partners.com\/#organization","name":"Kralik Tomas and Partners","url":"https:\/\/www.kraliktomas-partners.com\/","logo":{"@type":"ImageObject","inLanguage":"sk-SK","@id":"https:\/\/www.kraliktomas-partners.com\/#\/schema\/logo\/image\/","url":"https:\/\/www.kraliktomas-partners.com\/wp-content\/uploads\/2022\/06\/logo3.png","contentUrl":"https:\/\/www.kraliktomas-partners.com\/wp-content\/uploads\/2022\/06\/logo3.png","width":3543,"height":2362,"caption":"Kralik Tomas and Partners"},"image":{"@id":"https:\/\/www.kraliktomas-partners.com\/#\/schema\/logo\/image\/"},"sameAs":["https:\/\/www.facebook.com\/Kralik-Tomas-Partners-103329075753200"]}]}},"_links":{"self":[{"href":"https:\/\/www.kraliktomas-partners.com\/index.php?rest_route=\/wp\/v2\/pages\/34","targetHints":{"allow":["GET"]}}],"collection":[{"href":"https:\/\/www.kraliktomas-partners.com\/index.php?rest_route=\/wp\/v2\/pages"}],"about":[{"href":"https:\/\/www.kraliktomas-partners.com\/index.php?rest_route=\/wp\/v2\/types\/page"}],"author":[{"embeddable":true,"href":"https:\/\/www.kraliktomas-partners.com\/index.php?rest_route=\/wp\/v2\/users\/1"}],"replies":[{"embeddable":true,"href":"https:\/\/www.kraliktomas-partners.com\/index.php?rest_route=%2Fwp%2Fv2%2Fcomments&post=34"}],"version-history":[{"count":5,"href":"https:\/\/www.kraliktomas-partners.com\/index.php?rest_route=\/wp\/v2\/pages\/34\/revisions"}],"predecessor-version":[{"id":290,"href":"https:\/\/www.kraliktomas-partners.com\/index.php?rest_route=\/wp\/v2\/pages\/34\/revisions\/290"}],"wp:attachment":[{"href":"https:\/\/www.kraliktomas-partners.com\/index.php?rest_route=%2Fwp%2Fv2%2Fmedia&parent=34"}],"curies":[{"name":"wp","href":"https:\/\/api.w.org\/{rel}","templated":true}]}}