{"id":36,"date":"2022-06-24T13:09:14","date_gmt":"2022-06-24T13:09:14","guid":{"rendered":"https:\/\/www.kraliktomas-partners.com\/?page_id=36"},"modified":"2022-06-28T11:48:21","modified_gmt":"2022-06-28T11:48:21","slug":"nehnutelnost","status":"publish","type":"page","link":"https:\/\/www.kraliktomas-partners.com\/?page_id=36","title":{"rendered":"Nehnute\u013enos\u0165 vo \u0160vaj\u010diarsku"},"content":{"rendered":"\n<p>Zaobstara\u0165 si vlastn\u00e9 b\u00fdvanie je asi snom ka\u017ed\u00e9ho jedn\u00e9ho z n\u00e1s a \u010do sa t\u00fdka \u0160vaj\u010diarska tak o to viacej. Ve\u010f kto by nechcel vlastni\u0165 nehnute\u013enos\u0165 v krajine, ktor\u00e1 sa pova\u017euje za jednu z najbohat\u0161\u00edch kraj\u00edn sveta.<\/p>\n\n\n\n<p>T\u00e9ma k\u00fapi bytu, \u010di domu cestou hypotek\u00e1rneho \u00faveru je vo \u0160vaj\u010diarsku dos\u0165 zlo\u017eit\u00e1. Nie v\u0161ak preto, \u017ee by sme sa nevedeli dosta\u0165 k tak\u00e9mu \u00faveru ale preto, \u017ee samotn\u00e1 hypot\u00e9ka m\u00e1 ve\u013emi ve\u013ea mo\u017enost\u00ed ako ju z\u00edska\u0165, spl\u00e1ca\u0165. Za posledn\u00fd rok som z\u00edskal u\u017e desiatky klientov, ktor\u00ed sa rozhodli si splni\u0165 svoj sen o vlastnom b\u00fdvan\u00ed.<\/p>\n\n\n\n<p>Najv\u00e4\u010d\u0161\u00ed stra\u0161iak je pr\u00e1ve vysok\u00e1 cena, ktor\u00e1 \u013eud\u00ed odr\u00e1dza. Ale ke\u010f si u n\u00e1s sprav\u00edte term\u00edn, posed\u00edte si dve hodinky, tak zist\u00edte, \u017ee v kone\u010dnom d\u00f4sledku je to vec, ktor\u00e1 sa d\u00e1 realizova\u0165 aj pri sum\u00e1ch ako je 500-800tis\u00edc frankov. Nehnute\u013enos\u0165 v hodnote 500-tis\u00edc CHF v\u00e1s m\u00f4\u017ee st\u00e1\u0165 na spl\u00e1tke mesa\u010dne u\u017e od 999 CHF.<\/p>\n\n\n\n<p>V neposlednom rade sa venujeme aj vyh\u013ead\u00e1vaniu nehnute\u013enost\u00ed pre na\u0161ich klientov. Mnohokr\u00e1t sa n\u00e1m stalo, \u017ee byt o rozlohe 90m, ktor\u00fd bol v dedinke ci meste kde b\u00fdvali a st\u00e1l skoro 1milion frankov, tak my sme na\u0161li rovnak\u00e9 b\u00fdvanie a zop\u00e1rkr\u00e1t aj kraj\u0161ie a lep\u0161ie v dedinke vzdialenej od nich do 15km za 20-40% lacnej\u0161ie. Vyh\u013eadanie vhodnej a vysn\u00edvanej nehnute\u013enosti m\u00f4\u017ee aj vo \u0160vaj\u010diarsku predstavova\u0165 probl\u00e9m. Ak nechcete do vyh\u013ead\u00e1vania investova\u0165 mnoho \u010dasu, je v\u00fdhodnej\u0161ie, ke\u010f t\u00fdmto \u00fakonom pover\u00edte profesion\u00e1lov.<\/p>\n\n\n\n<p>Dok\u00e1\u017eeme poskytn\u00fa\u0165 kompletn\u00fd servis pri k\u00fape ale aj pri predaji nehnute\u013enosti ale aj na Slovensku v \u010cech\u00e1ch \u010di kdeko\u013evek v Eur\u00f3pe. M\u00e1me partnerov vo viacer\u00fdch krajin\u00e1ch Eur\u00f3pskej \u00danie.<\/p>\n\n\n<div class=\"wp-block-image\">\n<figure class=\"aligncenter size-medium\"><img loading=\"lazy\" decoding=\"async\" width=\"300\" height=\"109\" src=\"https:\/\/www.kraliktomas-partners.com\/wp-content\/uploads\/2022\/06\/cropped-logo_modre1-300x109.png\" alt=\"\" class=\"wp-image-103\" srcset=\"https:\/\/www.kraliktomas-partners.com\/wp-content\/uploads\/2022\/06\/cropped-logo_modre1-300x109.png 300w, https:\/\/www.kraliktomas-partners.com\/wp-content\/uploads\/2022\/06\/cropped-logo_modre1-1024x371.png 1024w, https:\/\/www.kraliktomas-partners.com\/wp-content\/uploads\/2022\/06\/cropped-logo_modre1-768x279.png 768w, https:\/\/www.kraliktomas-partners.com\/wp-content\/uploads\/2022\/06\/cropped-logo_modre1-1536x557.png 1536w, https:\/\/www.kraliktomas-partners.com\/wp-content\/uploads\/2022\/06\/cropped-logo_modre1-2048x743.png 2048w, https:\/\/www.kraliktomas-partners.com\/wp-content\/uploads\/2022\/06\/cropped-logo_modre1-1920x696.png 1920w\" sizes=\"auto, (max-width: 300px) 100vw, 300px\" \/><\/figure>\n<\/div>","protected":false},"excerpt":{"rendered":"<p>Zaobstara\u0165 si vlastn\u00e9 b\u00fdvanie je asi snom ka\u017ed\u00e9ho jedn\u00e9ho z n\u00e1s a \u010do sa t\u00fdka \u0160vaj\u010diarska tak o to viacej. Ve\u010f kto by nechcel vlastni\u0165 nehnute\u013enos\u0165 v krajine, ktor\u00e1 sa pova\u017euje za jednu z najbohat\u0161\u00edch kraj\u00edn sveta. T\u00e9ma k\u00fapi bytu, \u010di domu cestou hypotek\u00e1rneho \u00faveru je vo \u0160vaj\u010diarsku dos\u0165 zlo\u017eit\u00e1. Nie v\u0161ak preto, \u017ee by&hellip; <br \/> <a class=\"read-more\" href=\"https:\/\/www.kraliktomas-partners.com\/?page_id=36\">Read more<\/a><\/p>\n","protected":false},"author":1,"featured_media":0,"parent":0,"menu_order":0,"comment_status":"closed","ping_status":"closed","template":"","meta":{"footnotes":""},"class_list":["post-36","page","type-page","status-publish","hentry"],"aioseo_notices":[],"yoast_head":"<!-- This site is optimized with the Yoast SEO plugin v27.4 - https:\/\/yoast.com\/product\/yoast-seo-wordpress\/ -->\n<title>Nehnute\u013enos\u0165 vo \u0160vaj\u010diarsku - Kralik Tomas and Partners<\/title>\n<meta name=\"robots\" content=\"index, follow, max-snippet:-1, max-image-preview:large, max-video-preview:-1\" \/>\n<link rel=\"canonical\" href=\"https:\/\/www.kraliktomas-partners.com\/?page_id=36\" \/>\n<meta property=\"og:locale\" content=\"sk_SK\" \/>\n<meta property=\"og:type\" content=\"article\" \/>\n<meta property=\"og:title\" content=\"Nehnute\u013enos\u0165 vo \u0160vaj\u010diarsku - Kralik Tomas and Partners\" \/>\n<meta property=\"og:description\" content=\"Zaobstara\u0165 si vlastn\u00e9 b\u00fdvanie je asi snom ka\u017ed\u00e9ho jedn\u00e9ho z n\u00e1s a \u010do sa t\u00fdka \u0160vaj\u010diarska tak o to viacej. Ve\u010f kto by nechcel vlastni\u0165 nehnute\u013enos\u0165 v krajine, ktor\u00e1 sa pova\u017euje za jednu z najbohat\u0161\u00edch kraj\u00edn sveta. T\u00e9ma k\u00fapi bytu, \u010di domu cestou hypotek\u00e1rneho \u00faveru je vo \u0160vaj\u010diarsku dos\u0165 zlo\u017eit\u00e1. Nie v\u0161ak preto, \u017ee by&hellip; Read more\" \/>\n<meta property=\"og:url\" content=\"https:\/\/www.kraliktomas-partners.com\/?page_id=36\" \/>\n<meta property=\"og:site_name\" content=\"Kralik Tomas and Partners\" \/>\n<meta property=\"article:publisher\" content=\"https:\/\/www.facebook.com\/Kralik-Tomas-Partners-103329075753200\" \/>\n<meta property=\"article:modified_time\" content=\"2022-06-28T11:48:21+00:00\" \/>\n<meta property=\"og:image\" content=\"https:\/\/www.kraliktomas-partners.com\/wp-content\/uploads\/2022\/06\/cropped-logo_modre1-300x109.png\" \/>\n<meta name=\"twitter:card\" content=\"summary_large_image\" \/>\n<meta name=\"twitter:label1\" content=\"Predpokladan\u00fd \u010das \u010d\u00edtania\" \/>\n\t<meta name=\"twitter:data1\" content=\"2 min\u00faty\" \/>\n<script type=\"application\/ld+json\" class=\"yoast-schema-graph\">{\"@context\":\"https:\\\/\\\/schema.org\",\"@graph\":[{\"@type\":\"WebPage\",\"@id\":\"https:\\\/\\\/www.kraliktomas-partners.com\\\/?page_id=36\",\"url\":\"https:\\\/\\\/www.kraliktomas-partners.com\\\/?page_id=36\",\"name\":\"Nehnute\u013enos\u0165 vo \u0160vaj\u010diarsku - Kralik Tomas and Partners\",\"isPartOf\":{\"@id\":\"https:\\\/\\\/www.kraliktomas-partners.com\\\/#website\"},\"primaryImageOfPage\":{\"@id\":\"https:\\\/\\\/www.kraliktomas-partners.com\\\/?page_id=36#primaryimage\"},\"image\":{\"@id\":\"https:\\\/\\\/www.kraliktomas-partners.com\\\/?page_id=36#primaryimage\"},\"thumbnailUrl\":\"https:\\\/\\\/www.kraliktomas-partners.com\\\/wp-content\\\/uploads\\\/2022\\\/06\\\/cropped-logo_modre1-300x109.png\",\"datePublished\":\"2022-06-24T13:09:14+00:00\",\"dateModified\":\"2022-06-28T11:48:21+00:00\",\"breadcrumb\":{\"@id\":\"https:\\\/\\\/www.kraliktomas-partners.com\\\/?page_id=36#breadcrumb\"},\"inLanguage\":\"sk-SK\",\"potentialAction\":[{\"@type\":\"ReadAction\",\"target\":[\"https:\\\/\\\/www.kraliktomas-partners.com\\\/?page_id=36\"]}]},{\"@type\":\"ImageObject\",\"inLanguage\":\"sk-SK\",\"@id\":\"https:\\\/\\\/www.kraliktomas-partners.com\\\/?page_id=36#primaryimage\",\"url\":\"https:\\\/\\\/www.kraliktomas-partners.com\\\/wp-content\\\/uploads\\\/2022\\\/06\\\/cropped-logo_modre1.png\",\"contentUrl\":\"https:\\\/\\\/www.kraliktomas-partners.com\\\/wp-content\\\/uploads\\\/2022\\\/06\\\/cropped-logo_modre1.png\",\"width\":2556,\"height\":927},{\"@type\":\"BreadcrumbList\",\"@id\":\"https:\\\/\\\/www.kraliktomas-partners.com\\\/?page_id=36#breadcrumb\",\"itemListElement\":[{\"@type\":\"ListItem\",\"position\":1,\"name\":\"Home\",\"item\":\"https:\\\/\\\/www.kraliktomas-partners.com\\\/\"},{\"@type\":\"ListItem\",\"position\":2,\"name\":\"Nehnute\u013enos\u0165 vo \u0160vaj\u010diarsku\"}]},{\"@type\":\"WebSite\",\"@id\":\"https:\\\/\\\/www.kraliktomas-partners.com\\\/#website\",\"url\":\"https:\\\/\\\/www.kraliktomas-partners.com\\\/\",\"name\":\"Kralik Tomas and Partners\",\"description\":\"Moje meno je z\u00e1rukou va\u0161ej spokojnosti\",\"publisher\":{\"@id\":\"https:\\\/\\\/www.kraliktomas-partners.com\\\/#organization\"},\"potentialAction\":[{\"@type\":\"SearchAction\",\"target\":{\"@type\":\"EntryPoint\",\"urlTemplate\":\"https:\\\/\\\/www.kraliktomas-partners.com\\\/?s={search_term_string}\"},\"query-input\":{\"@type\":\"PropertyValueSpecification\",\"valueRequired\":true,\"valueName\":\"search_term_string\"}}],\"inLanguage\":\"sk-SK\"},{\"@type\":\"Organization\",\"@id\":\"https:\\\/\\\/www.kraliktomas-partners.com\\\/#organization\",\"name\":\"Kralik Tomas and Partners\",\"url\":\"https:\\\/\\\/www.kraliktomas-partners.com\\\/\",\"logo\":{\"@type\":\"ImageObject\",\"inLanguage\":\"sk-SK\",\"@id\":\"https:\\\/\\\/www.kraliktomas-partners.com\\\/#\\\/schema\\\/logo\\\/image\\\/\",\"url\":\"https:\\\/\\\/www.kraliktomas-partners.com\\\/wp-content\\\/uploads\\\/2022\\\/06\\\/logo3.png\",\"contentUrl\":\"https:\\\/\\\/www.kraliktomas-partners.com\\\/wp-content\\\/uploads\\\/2022\\\/06\\\/logo3.png\",\"width\":3543,\"height\":2362,\"caption\":\"Kralik Tomas and Partners\"},\"image\":{\"@id\":\"https:\\\/\\\/www.kraliktomas-partners.com\\\/#\\\/schema\\\/logo\\\/image\\\/\"},\"sameAs\":[\"https:\\\/\\\/www.facebook.com\\\/Kralik-Tomas-Partners-103329075753200\"]}]}<\/script>\n<!-- \/ Yoast SEO plugin. -->","yoast_head_json":{"title":"Nehnute\u013enos\u0165 vo \u0160vaj\u010diarsku - Kralik Tomas and Partners","robots":{"index":"index","follow":"follow","max-snippet":"max-snippet:-1","max-image-preview":"max-image-preview:large","max-video-preview":"max-video-preview:-1"},"canonical":"https:\/\/www.kraliktomas-partners.com\/?page_id=36","og_locale":"sk_SK","og_type":"article","og_title":"Nehnute\u013enos\u0165 vo \u0160vaj\u010diarsku - Kralik Tomas and Partners","og_description":"Zaobstara\u0165 si vlastn\u00e9 b\u00fdvanie je asi snom ka\u017ed\u00e9ho jedn\u00e9ho z n\u00e1s a \u010do sa t\u00fdka \u0160vaj\u010diarska tak o to viacej. Ve\u010f kto by nechcel vlastni\u0165 nehnute\u013enos\u0165 v krajine, ktor\u00e1 sa pova\u017euje za jednu z najbohat\u0161\u00edch kraj\u00edn sveta. T\u00e9ma k\u00fapi bytu, \u010di domu cestou hypotek\u00e1rneho \u00faveru je vo \u0160vaj\u010diarsku dos\u0165 zlo\u017eit\u00e1. Nie v\u0161ak preto, \u017ee by&hellip; Read more","og_url":"https:\/\/www.kraliktomas-partners.com\/?page_id=36","og_site_name":"Kralik Tomas and Partners","article_publisher":"https:\/\/www.facebook.com\/Kralik-Tomas-Partners-103329075753200","article_modified_time":"2022-06-28T11:48:21+00:00","og_image":[{"url":"https:\/\/www.kraliktomas-partners.com\/wp-content\/uploads\/2022\/06\/cropped-logo_modre1-300x109.png","type":"","width":"","height":""}],"twitter_card":"summary_large_image","twitter_misc":{"Predpokladan\u00fd \u010das \u010d\u00edtania":"2 min\u00faty"},"schema":{"@context":"https:\/\/schema.org","@graph":[{"@type":"WebPage","@id":"https:\/\/www.kraliktomas-partners.com\/?page_id=36","url":"https:\/\/www.kraliktomas-partners.com\/?page_id=36","name":"Nehnute\u013enos\u0165 vo \u0160vaj\u010diarsku - Kralik Tomas and Partners","isPartOf":{"@id":"https:\/\/www.kraliktomas-partners.com\/#website"},"primaryImageOfPage":{"@id":"https:\/\/www.kraliktomas-partners.com\/?page_id=36#primaryimage"},"image":{"@id":"https:\/\/www.kraliktomas-partners.com\/?page_id=36#primaryimage"},"thumbnailUrl":"https:\/\/www.kraliktomas-partners.com\/wp-content\/uploads\/2022\/06\/cropped-logo_modre1-300x109.png","datePublished":"2022-06-24T13:09:14+00:00","dateModified":"2022-06-28T11:48:21+00:00","breadcrumb":{"@id":"https:\/\/www.kraliktomas-partners.com\/?page_id=36#breadcrumb"},"inLanguage":"sk-SK","potentialAction":[{"@type":"ReadAction","target":["https:\/\/www.kraliktomas-partners.com\/?page_id=36"]}]},{"@type":"ImageObject","inLanguage":"sk-SK","@id":"https:\/\/www.kraliktomas-partners.com\/?page_id=36#primaryimage","url":"https:\/\/www.kraliktomas-partners.com\/wp-content\/uploads\/2022\/06\/cropped-logo_modre1.png","contentUrl":"https:\/\/www.kraliktomas-partners.com\/wp-content\/uploads\/2022\/06\/cropped-logo_modre1.png","width":2556,"height":927},{"@type":"BreadcrumbList","@id":"https:\/\/www.kraliktomas-partners.com\/?page_id=36#breadcrumb","itemListElement":[{"@type":"ListItem","position":1,"name":"Home","item":"https:\/\/www.kraliktomas-partners.com\/"},{"@type":"ListItem","position":2,"name":"Nehnute\u013enos\u0165 vo \u0160vaj\u010diarsku"}]},{"@type":"WebSite","@id":"https:\/\/www.kraliktomas-partners.com\/#website","url":"https:\/\/www.kraliktomas-partners.com\/","name":"Kralik Tomas and Partners","description":"Moje meno je z\u00e1rukou va\u0161ej spokojnosti","publisher":{"@id":"https:\/\/www.kraliktomas-partners.com\/#organization"},"potentialAction":[{"@type":"SearchAction","target":{"@type":"EntryPoint","urlTemplate":"https:\/\/www.kraliktomas-partners.com\/?s={search_term_string}"},"query-input":{"@type":"PropertyValueSpecification","valueRequired":true,"valueName":"search_term_string"}}],"inLanguage":"sk-SK"},{"@type":"Organization","@id":"https:\/\/www.kraliktomas-partners.com\/#organization","name":"Kralik Tomas and Partners","url":"https:\/\/www.kraliktomas-partners.com\/","logo":{"@type":"ImageObject","inLanguage":"sk-SK","@id":"https:\/\/www.kraliktomas-partners.com\/#\/schema\/logo\/image\/","url":"https:\/\/www.kraliktomas-partners.com\/wp-content\/uploads\/2022\/06\/logo3.png","contentUrl":"https:\/\/www.kraliktomas-partners.com\/wp-content\/uploads\/2022\/06\/logo3.png","width":3543,"height":2362,"caption":"Kralik Tomas and Partners"},"image":{"@id":"https:\/\/www.kraliktomas-partners.com\/#\/schema\/logo\/image\/"},"sameAs":["https:\/\/www.facebook.com\/Kralik-Tomas-Partners-103329075753200"]}]}},"_links":{"self":[{"href":"https:\/\/www.kraliktomas-partners.com\/index.php?rest_route=\/wp\/v2\/pages\/36","targetHints":{"allow":["GET"]}}],"collection":[{"href":"https:\/\/www.kraliktomas-partners.com\/index.php?rest_route=\/wp\/v2\/pages"}],"about":[{"href":"https:\/\/www.kraliktomas-partners.com\/index.php?rest_route=\/wp\/v2\/types\/page"}],"author":[{"embeddable":true,"href":"https:\/\/www.kraliktomas-partners.com\/index.php?rest_route=\/wp\/v2\/users\/1"}],"replies":[{"embeddable":true,"href":"https:\/\/www.kraliktomas-partners.com\/index.php?rest_route=%2Fwp%2Fv2%2Fcomments&post=36"}],"version-history":[{"count":4,"href":"https:\/\/www.kraliktomas-partners.com\/index.php?rest_route=\/wp\/v2\/pages\/36\/revisions"}],"predecessor-version":[{"id":292,"href":"https:\/\/www.kraliktomas-partners.com\/index.php?rest_route=\/wp\/v2\/pages\/36\/revisions\/292"}],"wp:attachment":[{"href":"https:\/\/www.kraliktomas-partners.com\/index.php?rest_route=%2Fwp%2Fv2%2Fmedia&parent=36"}],"curies":[{"name":"wp","href":"https:\/\/api.w.org\/{rel}","templated":true}]}}