{"id":38,"date":"2022-06-24T13:09:50","date_gmt":"2022-06-24T13:09:50","guid":{"rendered":"https:\/\/www.kraliktomas-partners.com\/?page_id=38"},"modified":"2022-06-28T11:48:05","modified_gmt":"2022-06-28T11:48:05","slug":"investovanie","status":"publish","type":"page","link":"https:\/\/www.kraliktomas-partners.com\/?page_id=38","title":{"rendered":"Investovanie vo \u0160vaj\u010diarsku"},"content":{"rendered":"\n<p>Ka\u017ed\u00fd z n\u00e1s vie, \u017ee \u0160vaj\u010diarsko je vo svete zn\u00e1me aj svojim siln\u00fdm bankov\u00fdm sektorom. Mo\u017eno si poviete, \u017ee to nie je pre v\u00e1s, \u017ee to je len pre t\u00fdch, \u010do maj\u00fa mili\u00f3ny, ale opak je pravdou. Verte, \u017ee v\u00e4\u010d\u0161ina invest\u00edci\u00ed, ktor\u00e9 s\u00fa be\u017en\u00e9 v bank\u00e1ch, je od \u013eud\u00ed, ako ste vy. \u013dudia, ktor\u00fd maj\u00fa be\u017en\u00e9 zamestnanie s priemern\u00fdm platom.<\/p>\n\n\n\n<h2 class=\"wp-block-heading\">Investi\u010dn\u00e9 a ETF fondy<\/h2>\n\n\n\n<p><strong>Investi\u010dn\u00e9 a ETF fondy | Anlagefonds und ETF Fonds<\/strong><br>\u0160vaj\u010diarsko otv\u00e1ra investi\u010dn\u00e9 dvere v\u0161etk\u00fdm. Je tu obrovsk\u00e9 mno\u017estvo mo\u017enost\u00ed ako a kde investova\u0165. \u010ci u\u017e si zalo\u017e\u00edte klasick\u00e9 sporenie v banke alebo si zalo\u017e\u00edte sporenie v pois\u0165ovni, ktor\u00e1 bude \u010das\u0165 investovan\u00fdch pe\u0148az\u00ed pou\u017e\u00edva\u0165 vo fondoch. M\u00e1te skuto\u010dne rozsiahle mo\u017enosti a najlep\u0161ie na tom je, \u017ee si m\u00f4\u017eete za\u010da\u0165 spori\u0165 alebo investova\u0165 u\u017e od 100 CHF mesa\u010dne.<br>Najjednoduch\u0161\u00ed sp\u00f4sob investovania na \u0161vaj\u010diarskom akciovom trhu je prostredn\u00edctvom \u0161irok\u00e9ho trhov\u00e9ho indexu. Najlep\u0161ie a najlacnej\u0161ie to dosiahnete pomocou podielov\u00fdch a ETF fondov.<\/p>\n\n\n\n<p>Ponuka od&nbsp;100 CHF\/mes.<\/p>\n\n\n\n<h2 class=\"wp-block-heading\">Dlhopisy<\/h2>\n\n\n\n<p><strong>Dlhopisy | Schuldverschreibungen<\/strong><br>Dlhopis je cenn\u00fd papier, ktor\u00fd obsahuje poh\u013ead\u00e1vku s pevnou \u00farokovou sadzbou. Z toho d\u00f4vodu vznikaj\u00fa \u00faroky, ktor\u00e9 sa musia zn\u00e1\u0161a\u0165 dodato\u010dne a ktor\u00fdch v\u00fd\u0161ka je premenliv\u00e1. Niekedy je to sp\u00f4soben\u00e9 t\u00fdm, \u017ee dlhopisy maj\u00fa ako z\u00e1klad svojej \u010dinnosti v\u017edy dlhodob\u00fa p\u00f4\u017ei\u010dku.<\/p>\n\n\n\n<p>Ponuka od&nbsp;100 CHF\/mes.<\/p>\n\n\n\n<h2 class=\"wp-block-heading\">Komodity<\/h2>\n\n\n\n<p><strong>Komodity | Handelsartikels<\/strong><br>Z poh\u013eadu invest\u00edci\u00ed zara\u010fujeme komodity medzi alternat\u00edvne invest\u00edcie, \u010di\u017ee nemaj\u00fa ani dlhopisov\u00fd ani akciov\u00fd charakter. Medzi komoditn\u00e9 invest\u00edcie paria reality, hed\u017eov\u00e9 fondy, fondy priv\u00e1tneho a rozvojov\u00e9ho kapit\u00e1lu, diamanty, r\u00f4zne luxusn\u00e9 invest\u00edcie v podobe zbierok (whisky, veter\u00e1ny, staro\u017eitn\u00fd n\u00e1bytok, zn\u00e1mky, v\u00edna) a podobne.<\/p>\n\n\n\n<p>Medzi najzn\u00e1mej\u0161ie a najpou\u017e\u00edvanej\u0161ie patria S&amp;P GSCI (zalo\u017een\u00fd v roku 1991) a Bloomberg Commmodity Index (zalo\u017een\u00fd v roku1998). Prv\u00fd spom\u00ednan\u00fd m\u00e1 pomerne vysok\u00fa expoz\u00edciu na energetick\u00e9 komodity a tej druh\u00fd je vyv\u00e1\u017eenej\u0161\u00ed, \u010di\u017ee s podstatne s komplexnej\u0161ou ponukou.<\/p>\n\n\n\n<p>Ponuka od&nbsp;100 CHF\/mes.<\/p>\n\n\n<div class=\"wp-block-image\">\n<figure class=\"aligncenter size-medium\"><img loading=\"lazy\" decoding=\"async\" width=\"300\" height=\"109\" src=\"https:\/\/www.kraliktomas-partners.com\/wp-content\/uploads\/2022\/06\/cropped-logo_modre1-300x109.png\" alt=\"\" class=\"wp-image-103\" srcset=\"https:\/\/www.kraliktomas-partners.com\/wp-content\/uploads\/2022\/06\/cropped-logo_modre1-300x109.png 300w, https:\/\/www.kraliktomas-partners.com\/wp-content\/uploads\/2022\/06\/cropped-logo_modre1-1024x371.png 1024w, https:\/\/www.kraliktomas-partners.com\/wp-content\/uploads\/2022\/06\/cropped-logo_modre1-768x279.png 768w, https:\/\/www.kraliktomas-partners.com\/wp-content\/uploads\/2022\/06\/cropped-logo_modre1-1536x557.png 1536w, https:\/\/www.kraliktomas-partners.com\/wp-content\/uploads\/2022\/06\/cropped-logo_modre1-2048x743.png 2048w, https:\/\/www.kraliktomas-partners.com\/wp-content\/uploads\/2022\/06\/cropped-logo_modre1-1920x696.png 1920w\" sizes=\"auto, (max-width: 300px) 100vw, 300px\" \/><\/figure>\n<\/div>","protected":false},"excerpt":{"rendered":"<p>Ka\u017ed\u00fd z n\u00e1s vie, \u017ee \u0160vaj\u010diarsko je vo svete zn\u00e1me aj svojim siln\u00fdm bankov\u00fdm sektorom. Mo\u017eno si poviete, \u017ee to nie je pre v\u00e1s, \u017ee to je len pre t\u00fdch, \u010do maj\u00fa mili\u00f3ny, ale opak je pravdou. Verte, \u017ee v\u00e4\u010d\u0161ina invest\u00edci\u00ed, ktor\u00e9 s\u00fa be\u017en\u00e9 v bank\u00e1ch, je od \u013eud\u00ed, ako ste vy. \u013dudia, ktor\u00fd maj\u00fa&hellip; <br \/> <a class=\"read-more\" href=\"https:\/\/www.kraliktomas-partners.com\/?page_id=38\">Read more<\/a><\/p>\n","protected":false},"author":1,"featured_media":0,"parent":0,"menu_order":0,"comment_status":"closed","ping_status":"closed","template":"","meta":{"footnotes":""},"class_list":["post-38","page","type-page","status-publish","hentry"],"aioseo_notices":[],"yoast_head":"<!-- This site is optimized with the Yoast SEO plugin v27.4 - https:\/\/yoast.com\/product\/yoast-seo-wordpress\/ -->\n<title>Investovanie vo \u0160vaj\u010diarsku - Kralik Tomas and Partners<\/title>\n<meta name=\"robots\" content=\"index, follow, max-snippet:-1, max-image-preview:large, max-video-preview:-1\" \/>\n<link rel=\"canonical\" href=\"https:\/\/www.kraliktomas-partners.com\/?page_id=38\" \/>\n<meta property=\"og:locale\" content=\"sk_SK\" \/>\n<meta property=\"og:type\" content=\"article\" \/>\n<meta property=\"og:title\" content=\"Investovanie vo \u0160vaj\u010diarsku - Kralik Tomas and Partners\" \/>\n<meta property=\"og:description\" content=\"Ka\u017ed\u00fd z n\u00e1s vie, \u017ee \u0160vaj\u010diarsko je vo svete zn\u00e1me aj svojim siln\u00fdm bankov\u00fdm sektorom. Mo\u017eno si poviete, \u017ee to nie je pre v\u00e1s, \u017ee to je len pre t\u00fdch, \u010do maj\u00fa mili\u00f3ny, ale opak je pravdou. Verte, \u017ee v\u00e4\u010d\u0161ina invest\u00edci\u00ed, ktor\u00e9 s\u00fa be\u017en\u00e9 v bank\u00e1ch, je od \u013eud\u00ed, ako ste vy. \u013dudia, ktor\u00fd maj\u00fa&hellip; Read more\" \/>\n<meta property=\"og:url\" content=\"https:\/\/www.kraliktomas-partners.com\/?page_id=38\" \/>\n<meta property=\"og:site_name\" content=\"Kralik Tomas and Partners\" \/>\n<meta property=\"article:publisher\" content=\"https:\/\/www.facebook.com\/Kralik-Tomas-Partners-103329075753200\" \/>\n<meta property=\"article:modified_time\" content=\"2022-06-28T11:48:05+00:00\" \/>\n<meta property=\"og:image\" content=\"https:\/\/www.kraliktomas-partners.com\/wp-content\/uploads\/2022\/06\/cropped-logo_modre1-300x109.png\" \/>\n<meta name=\"twitter:card\" content=\"summary_large_image\" \/>\n<meta name=\"twitter:label1\" content=\"Predpokladan\u00fd \u010das \u010d\u00edtania\" \/>\n\t<meta name=\"twitter:data1\" content=\"2 min\u00faty\" \/>\n<script type=\"application\/ld+json\" class=\"yoast-schema-graph\">{\"@context\":\"https:\\\/\\\/schema.org\",\"@graph\":[{\"@type\":\"WebPage\",\"@id\":\"https:\\\/\\\/www.kraliktomas-partners.com\\\/?page_id=38\",\"url\":\"https:\\\/\\\/www.kraliktomas-partners.com\\\/?page_id=38\",\"name\":\"Investovanie vo \u0160vaj\u010diarsku - Kralik Tomas and Partners\",\"isPartOf\":{\"@id\":\"https:\\\/\\\/www.kraliktomas-partners.com\\\/#website\"},\"primaryImageOfPage\":{\"@id\":\"https:\\\/\\\/www.kraliktomas-partners.com\\\/?page_id=38#primaryimage\"},\"image\":{\"@id\":\"https:\\\/\\\/www.kraliktomas-partners.com\\\/?page_id=38#primaryimage\"},\"thumbnailUrl\":\"https:\\\/\\\/www.kraliktomas-partners.com\\\/wp-content\\\/uploads\\\/2022\\\/06\\\/cropped-logo_modre1-300x109.png\",\"datePublished\":\"2022-06-24T13:09:50+00:00\",\"dateModified\":\"2022-06-28T11:48:05+00:00\",\"breadcrumb\":{\"@id\":\"https:\\\/\\\/www.kraliktomas-partners.com\\\/?page_id=38#breadcrumb\"},\"inLanguage\":\"sk-SK\",\"potentialAction\":[{\"@type\":\"ReadAction\",\"target\":[\"https:\\\/\\\/www.kraliktomas-partners.com\\\/?page_id=38\"]}]},{\"@type\":\"ImageObject\",\"inLanguage\":\"sk-SK\",\"@id\":\"https:\\\/\\\/www.kraliktomas-partners.com\\\/?page_id=38#primaryimage\",\"url\":\"https:\\\/\\\/www.kraliktomas-partners.com\\\/wp-content\\\/uploads\\\/2022\\\/06\\\/cropped-logo_modre1.png\",\"contentUrl\":\"https:\\\/\\\/www.kraliktomas-partners.com\\\/wp-content\\\/uploads\\\/2022\\\/06\\\/cropped-logo_modre1.png\",\"width\":2556,\"height\":927},{\"@type\":\"BreadcrumbList\",\"@id\":\"https:\\\/\\\/www.kraliktomas-partners.com\\\/?page_id=38#breadcrumb\",\"itemListElement\":[{\"@type\":\"ListItem\",\"position\":1,\"name\":\"Home\",\"item\":\"https:\\\/\\\/www.kraliktomas-partners.com\\\/\"},{\"@type\":\"ListItem\",\"position\":2,\"name\":\"Investovanie vo \u0160vaj\u010diarsku\"}]},{\"@type\":\"WebSite\",\"@id\":\"https:\\\/\\\/www.kraliktomas-partners.com\\\/#website\",\"url\":\"https:\\\/\\\/www.kraliktomas-partners.com\\\/\",\"name\":\"Kralik Tomas and Partners\",\"description\":\"Moje meno je z\u00e1rukou va\u0161ej spokojnosti\",\"publisher\":{\"@id\":\"https:\\\/\\\/www.kraliktomas-partners.com\\\/#organization\"},\"potentialAction\":[{\"@type\":\"SearchAction\",\"target\":{\"@type\":\"EntryPoint\",\"urlTemplate\":\"https:\\\/\\\/www.kraliktomas-partners.com\\\/?s={search_term_string}\"},\"query-input\":{\"@type\":\"PropertyValueSpecification\",\"valueRequired\":true,\"valueName\":\"search_term_string\"}}],\"inLanguage\":\"sk-SK\"},{\"@type\":\"Organization\",\"@id\":\"https:\\\/\\\/www.kraliktomas-partners.com\\\/#organization\",\"name\":\"Kralik Tomas and Partners\",\"url\":\"https:\\\/\\\/www.kraliktomas-partners.com\\\/\",\"logo\":{\"@type\":\"ImageObject\",\"inLanguage\":\"sk-SK\",\"@id\":\"https:\\\/\\\/www.kraliktomas-partners.com\\\/#\\\/schema\\\/logo\\\/image\\\/\",\"url\":\"https:\\\/\\\/www.kraliktomas-partners.com\\\/wp-content\\\/uploads\\\/2022\\\/06\\\/logo3.png\",\"contentUrl\":\"https:\\\/\\\/www.kraliktomas-partners.com\\\/wp-content\\\/uploads\\\/2022\\\/06\\\/logo3.png\",\"width\":3543,\"height\":2362,\"caption\":\"Kralik Tomas and Partners\"},\"image\":{\"@id\":\"https:\\\/\\\/www.kraliktomas-partners.com\\\/#\\\/schema\\\/logo\\\/image\\\/\"},\"sameAs\":[\"https:\\\/\\\/www.facebook.com\\\/Kralik-Tomas-Partners-103329075753200\"]}]}<\/script>\n<!-- \/ Yoast SEO plugin. -->","yoast_head_json":{"title":"Investovanie vo \u0160vaj\u010diarsku - Kralik Tomas and Partners","robots":{"index":"index","follow":"follow","max-snippet":"max-snippet:-1","max-image-preview":"max-image-preview:large","max-video-preview":"max-video-preview:-1"},"canonical":"https:\/\/www.kraliktomas-partners.com\/?page_id=38","og_locale":"sk_SK","og_type":"article","og_title":"Investovanie vo \u0160vaj\u010diarsku - Kralik Tomas and Partners","og_description":"Ka\u017ed\u00fd z n\u00e1s vie, \u017ee \u0160vaj\u010diarsko je vo svete zn\u00e1me aj svojim siln\u00fdm bankov\u00fdm sektorom. Mo\u017eno si poviete, \u017ee to nie je pre v\u00e1s, \u017ee to je len pre t\u00fdch, \u010do maj\u00fa mili\u00f3ny, ale opak je pravdou. Verte, \u017ee v\u00e4\u010d\u0161ina invest\u00edci\u00ed, ktor\u00e9 s\u00fa be\u017en\u00e9 v bank\u00e1ch, je od \u013eud\u00ed, ako ste vy. \u013dudia, ktor\u00fd maj\u00fa&hellip; Read more","og_url":"https:\/\/www.kraliktomas-partners.com\/?page_id=38","og_site_name":"Kralik Tomas and Partners","article_publisher":"https:\/\/www.facebook.com\/Kralik-Tomas-Partners-103329075753200","article_modified_time":"2022-06-28T11:48:05+00:00","og_image":[{"url":"https:\/\/www.kraliktomas-partners.com\/wp-content\/uploads\/2022\/06\/cropped-logo_modre1-300x109.png","type":"","width":"","height":""}],"twitter_card":"summary_large_image","twitter_misc":{"Predpokladan\u00fd \u010das \u010d\u00edtania":"2 min\u00faty"},"schema":{"@context":"https:\/\/schema.org","@graph":[{"@type":"WebPage","@id":"https:\/\/www.kraliktomas-partners.com\/?page_id=38","url":"https:\/\/www.kraliktomas-partners.com\/?page_id=38","name":"Investovanie vo \u0160vaj\u010diarsku - Kralik Tomas and Partners","isPartOf":{"@id":"https:\/\/www.kraliktomas-partners.com\/#website"},"primaryImageOfPage":{"@id":"https:\/\/www.kraliktomas-partners.com\/?page_id=38#primaryimage"},"image":{"@id":"https:\/\/www.kraliktomas-partners.com\/?page_id=38#primaryimage"},"thumbnailUrl":"https:\/\/www.kraliktomas-partners.com\/wp-content\/uploads\/2022\/06\/cropped-logo_modre1-300x109.png","datePublished":"2022-06-24T13:09:50+00:00","dateModified":"2022-06-28T11:48:05+00:00","breadcrumb":{"@id":"https:\/\/www.kraliktomas-partners.com\/?page_id=38#breadcrumb"},"inLanguage":"sk-SK","potentialAction":[{"@type":"ReadAction","target":["https:\/\/www.kraliktomas-partners.com\/?page_id=38"]}]},{"@type":"ImageObject","inLanguage":"sk-SK","@id":"https:\/\/www.kraliktomas-partners.com\/?page_id=38#primaryimage","url":"https:\/\/www.kraliktomas-partners.com\/wp-content\/uploads\/2022\/06\/cropped-logo_modre1.png","contentUrl":"https:\/\/www.kraliktomas-partners.com\/wp-content\/uploads\/2022\/06\/cropped-logo_modre1.png","width":2556,"height":927},{"@type":"BreadcrumbList","@id":"https:\/\/www.kraliktomas-partners.com\/?page_id=38#breadcrumb","itemListElement":[{"@type":"ListItem","position":1,"name":"Home","item":"https:\/\/www.kraliktomas-partners.com\/"},{"@type":"ListItem","position":2,"name":"Investovanie vo \u0160vaj\u010diarsku"}]},{"@type":"WebSite","@id":"https:\/\/www.kraliktomas-partners.com\/#website","url":"https:\/\/www.kraliktomas-partners.com\/","name":"Kralik Tomas and Partners","description":"Moje meno je z\u00e1rukou va\u0161ej spokojnosti","publisher":{"@id":"https:\/\/www.kraliktomas-partners.com\/#organization"},"potentialAction":[{"@type":"SearchAction","target":{"@type":"EntryPoint","urlTemplate":"https:\/\/www.kraliktomas-partners.com\/?s={search_term_string}"},"query-input":{"@type":"PropertyValueSpecification","valueRequired":true,"valueName":"search_term_string"}}],"inLanguage":"sk-SK"},{"@type":"Organization","@id":"https:\/\/www.kraliktomas-partners.com\/#organization","name":"Kralik Tomas and Partners","url":"https:\/\/www.kraliktomas-partners.com\/","logo":{"@type":"ImageObject","inLanguage":"sk-SK","@id":"https:\/\/www.kraliktomas-partners.com\/#\/schema\/logo\/image\/","url":"https:\/\/www.kraliktomas-partners.com\/wp-content\/uploads\/2022\/06\/logo3.png","contentUrl":"https:\/\/www.kraliktomas-partners.com\/wp-content\/uploads\/2022\/06\/logo3.png","width":3543,"height":2362,"caption":"Kralik Tomas and Partners"},"image":{"@id":"https:\/\/www.kraliktomas-partners.com\/#\/schema\/logo\/image\/"},"sameAs":["https:\/\/www.facebook.com\/Kralik-Tomas-Partners-103329075753200"]}]}},"_links":{"self":[{"href":"https:\/\/www.kraliktomas-partners.com\/index.php?rest_route=\/wp\/v2\/pages\/38","targetHints":{"allow":["GET"]}}],"collection":[{"href":"https:\/\/www.kraliktomas-partners.com\/index.php?rest_route=\/wp\/v2\/pages"}],"about":[{"href":"https:\/\/www.kraliktomas-partners.com\/index.php?rest_route=\/wp\/v2\/types\/page"}],"author":[{"embeddable":true,"href":"https:\/\/www.kraliktomas-partners.com\/index.php?rest_route=\/wp\/v2\/users\/1"}],"replies":[{"embeddable":true,"href":"https:\/\/www.kraliktomas-partners.com\/index.php?rest_route=%2Fwp%2Fv2%2Fcomments&post=38"}],"version-history":[{"count":3,"href":"https:\/\/www.kraliktomas-partners.com\/index.php?rest_route=\/wp\/v2\/pages\/38\/revisions"}],"predecessor-version":[{"id":291,"href":"https:\/\/www.kraliktomas-partners.com\/index.php?rest_route=\/wp\/v2\/pages\/38\/revisions\/291"}],"wp:attachment":[{"href":"https:\/\/www.kraliktomas-partners.com\/index.php?rest_route=%2Fwp%2Fv2%2Fmedia&parent=38"}],"curies":[{"name":"wp","href":"https:\/\/api.w.org\/{rel}","templated":true}]}}