{"id":40,"date":"2022-06-24T13:10:16","date_gmt":"2022-06-24T13:10:16","guid":{"rendered":"https:\/\/www.kraliktomas-partners.com\/?page_id=40"},"modified":"2023-12-19T11:16:02","modified_gmt":"2023-12-19T11:16:02","slug":"poradenstvo","status":"publish","type":"page","link":"https:\/\/www.kraliktomas-partners.com\/?page_id=40","title":{"rendered":"Poradenstvo vo \u0160vaj\u010diarsku"},"content":{"rendered":"\n<p>Vo \u0160vaj\u010diarsku existuje ve\u013ea spolo\u010dnost\u00ed, ktor\u00e9 sa venuj\u00fa poradenstvu v akejko\u013evek t\u00e9me. Nemus\u00edm to rozobera\u0165 a ka\u017ed\u00fd sa r\u00fdchlo dozvie, \u017ee za tieto slu\u017eby sa tu plat\u00ed. A to nie m\u00e1lo. \u013dudia by si aj zaplatili ale bohu\u017eia\u013e je to vo v\u00e4\u010d\u0161ine pr\u00edpadov v nemeckom jazyku. A to \u013eud\u00ed odr\u00e1dza od vyu\u017eitia t\u00fdchto slu\u017eieb a re\u0165azovou reakciou h\u013eadaj\u00fa inform\u00e1cie zo svojho okolia od \u013eud\u00ed, ktor\u00ed s\u00fa tu dlh\u0161ie. Ale !!!!! nie v\u017edy s\u00fa tie inform\u00e1cie spr\u00e1vne.<\/p>\n\n\n\n<p>Spolo\u010dnos\u0165 s ktorou spolupracujeme je na trhu od roku 1877 a pracujeme s t\u00fdmi najsilnej\u0161\u00edmi Partnermi vo \u0160vaj\u010diarsku.<\/p>\n\n\n\n<p>M\u00f4j t\u00edm sa sna\u017e\u00ed ka\u017ed\u00e9mu, kto n\u00e1s oslov\u00ed poda\u0165 relevantn\u00e9 odpovede a samozrejme rie\u0161enia na ich probl\u00e9my. Od za\u010diatku mojej kari\u00e9ry sa sna\u017e\u00edm klientom poskytova\u0165 odpovede na ich ot\u00e1zky, aj ke\u010f sa net\u00fdkali priamo mojich slu\u017eieb. Nie v\u017edy som odpove\u010f vedel okam\u017eite, tak\u017ee som musel s\u00e1m inform\u00e1cie doh\u013ead\u00e1va\u0165 a overova\u0165.<\/p>\n\n\n\n<p>Dnes, u\u017e po dlh\u0161ej dobe v tejto brand\u017ei dok\u00e1\u017eeme poskytn\u00fa\u0165 na\u0161im klientom ak\u00e9ko\u013evek inform\u00e1cie oh\u013eadom financi\u00ed, pois\u0165ovn\u00edctva, soci\u00e1lneho alebo d\u00f4chodkov\u00e9ho syst\u00e9mu, \u00fa\u010dtovn\u00edctva, \u010di vo veciach pr\u00e1vnych.<\/p>\n\n\n\n<p>Na\u0161ou snahou je osobn\u00e9 poradenstvo. Sna\u017e\u00edme sa o osobn\u00fd kontakt. Presne kv\u00f4li tomuto cie\u013eu sa n\u00e1\u0161 t\u00edm neust\u00e1le rozrast\u00e1 a aj priestory na\u0161ej spolo\u010dnosti s\u00fa \u010d\u00edm \u010falej t\u00fdm viac vo viacer\u00fdch mest\u00e1ch. Nie v\u017edy to ale klientom situ\u00e1cia dovo\u013euje aby n\u00e1s nav\u0161t\u00edvili, tak sa sna\u017e\u00edme n\u00e1js\u0165 term\u00edn aby sme my pri\u0161li za Vami. D\u0148a 01.10.2023 sme spustili pre V\u00e1s na\u0161e call centrum, kde budete ma\u0165 v\u017edy v\u00e1\u0161ho priate\u013ea na telef\u00f3ne.<\/p>\n\n\n\n<p>Na na\u0161ej str\u00e1nke n\u00e1jdete v ponuke (<a href=\"https:\/\/www.kraliktomas-partners.com\/?page_id=529\">Na\u0161e Produkty<\/a>) produkt, ktor\u00fd V\u00e1m, Va\u0161ej rodine alebo Va\u0161ej firme bude najviac vyhovova\u0165.<\/p>\n\n\n<div class=\"wp-block-image\">\n<figure class=\"aligncenter size-medium\"><img loading=\"lazy\" decoding=\"async\" width=\"300\" height=\"109\" src=\"https:\/\/www.kraliktomas-partners.com\/wp-content\/uploads\/2022\/06\/cropped-logo_modre1-300x109.png\" alt=\"\" class=\"wp-image-103\" srcset=\"https:\/\/www.kraliktomas-partners.com\/wp-content\/uploads\/2022\/06\/cropped-logo_modre1-300x109.png 300w, https:\/\/www.kraliktomas-partners.com\/wp-content\/uploads\/2022\/06\/cropped-logo_modre1-1024x371.png 1024w, https:\/\/www.kraliktomas-partners.com\/wp-content\/uploads\/2022\/06\/cropped-logo_modre1-768x279.png 768w, https:\/\/www.kraliktomas-partners.com\/wp-content\/uploads\/2022\/06\/cropped-logo_modre1-1536x557.png 1536w, https:\/\/www.kraliktomas-partners.com\/wp-content\/uploads\/2022\/06\/cropped-logo_modre1-2048x743.png 2048w, https:\/\/www.kraliktomas-partners.com\/wp-content\/uploads\/2022\/06\/cropped-logo_modre1-1920x696.png 1920w\" sizes=\"auto, (max-width: 300px) 100vw, 300px\" \/><\/figure>\n<\/div>","protected":false},"excerpt":{"rendered":"<p>Vo \u0160vaj\u010diarsku existuje ve\u013ea spolo\u010dnost\u00ed, ktor\u00e9 sa venuj\u00fa poradenstvu v akejko\u013evek t\u00e9me. Nemus\u00edm to rozobera\u0165 a ka\u017ed\u00fd sa r\u00fdchlo dozvie, \u017ee za tieto slu\u017eby sa tu plat\u00ed. A to nie m\u00e1lo. \u013dudia by si aj zaplatili ale bohu\u017eia\u013e je to vo v\u00e4\u010d\u0161ine pr\u00edpadov v nemeckom jazyku. A to \u013eud\u00ed odr\u00e1dza od vyu\u017eitia t\u00fdchto slu\u017eieb a&hellip; <br \/> <a class=\"read-more\" href=\"https:\/\/www.kraliktomas-partners.com\/?page_id=40\">Read more<\/a><\/p>\n","protected":false},"author":1,"featured_media":0,"parent":0,"menu_order":0,"comment_status":"closed","ping_status":"closed","template":"","meta":{"footnotes":""},"class_list":["post-40","page","type-page","status-publish","hentry"],"aioseo_notices":[],"yoast_head":"<!-- This site is optimized with the Yoast SEO plugin v27.4 - https:\/\/yoast.com\/product\/yoast-seo-wordpress\/ -->\n<title>Poradenstvo vo \u0160vaj\u010diarsku - Kralik Tomas and Partners<\/title>\n<meta name=\"robots\" content=\"index, follow, max-snippet:-1, max-image-preview:large, max-video-preview:-1\" \/>\n<link rel=\"canonical\" href=\"https:\/\/www.kraliktomas-partners.com\/?page_id=40\" \/>\n<meta property=\"og:locale\" content=\"sk_SK\" \/>\n<meta property=\"og:type\" content=\"article\" \/>\n<meta property=\"og:title\" content=\"Poradenstvo vo \u0160vaj\u010diarsku - Kralik Tomas and Partners\" \/>\n<meta property=\"og:description\" content=\"Vo \u0160vaj\u010diarsku existuje ve\u013ea spolo\u010dnost\u00ed, ktor\u00e9 sa venuj\u00fa poradenstvu v akejko\u013evek t\u00e9me. Nemus\u00edm to rozobera\u0165 a ka\u017ed\u00fd sa r\u00fdchlo dozvie, \u017ee za tieto slu\u017eby sa tu plat\u00ed. A to nie m\u00e1lo. \u013dudia by si aj zaplatili ale bohu\u017eia\u013e je to vo v\u00e4\u010d\u0161ine pr\u00edpadov v nemeckom jazyku. A to \u013eud\u00ed odr\u00e1dza od vyu\u017eitia t\u00fdchto slu\u017eieb a&hellip; Read more\" \/>\n<meta property=\"og:url\" content=\"https:\/\/www.kraliktomas-partners.com\/?page_id=40\" \/>\n<meta property=\"og:site_name\" content=\"Kralik Tomas and Partners\" \/>\n<meta property=\"article:publisher\" content=\"https:\/\/www.facebook.com\/Kralik-Tomas-Partners-103329075753200\" \/>\n<meta property=\"article:modified_time\" content=\"2023-12-19T11:16:02+00:00\" \/>\n<meta property=\"og:image\" content=\"https:\/\/www.kraliktomas-partners.com\/wp-content\/uploads\/2022\/06\/cropped-logo_modre1-300x109.png\" \/>\n<meta name=\"twitter:card\" content=\"summary_large_image\" \/>\n<meta name=\"twitter:label1\" content=\"Predpokladan\u00fd \u010das \u010d\u00edtania\" \/>\n\t<meta name=\"twitter:data1\" content=\"2 min\u00faty\" \/>\n<script type=\"application\/ld+json\" class=\"yoast-schema-graph\">{\"@context\":\"https:\\\/\\\/schema.org\",\"@graph\":[{\"@type\":\"WebPage\",\"@id\":\"https:\\\/\\\/www.kraliktomas-partners.com\\\/?page_id=40\",\"url\":\"https:\\\/\\\/www.kraliktomas-partners.com\\\/?page_id=40\",\"name\":\"Poradenstvo vo \u0160vaj\u010diarsku - Kralik Tomas and Partners\",\"isPartOf\":{\"@id\":\"https:\\\/\\\/www.kraliktomas-partners.com\\\/#website\"},\"primaryImageOfPage\":{\"@id\":\"https:\\\/\\\/www.kraliktomas-partners.com\\\/?page_id=40#primaryimage\"},\"image\":{\"@id\":\"https:\\\/\\\/www.kraliktomas-partners.com\\\/?page_id=40#primaryimage\"},\"thumbnailUrl\":\"https:\\\/\\\/www.kraliktomas-partners.com\\\/wp-content\\\/uploads\\\/2022\\\/06\\\/cropped-logo_modre1-300x109.png\",\"datePublished\":\"2022-06-24T13:10:16+00:00\",\"dateModified\":\"2023-12-19T11:16:02+00:00\",\"breadcrumb\":{\"@id\":\"https:\\\/\\\/www.kraliktomas-partners.com\\\/?page_id=40#breadcrumb\"},\"inLanguage\":\"sk-SK\",\"potentialAction\":[{\"@type\":\"ReadAction\",\"target\":[\"https:\\\/\\\/www.kraliktomas-partners.com\\\/?page_id=40\"]}]},{\"@type\":\"ImageObject\",\"inLanguage\":\"sk-SK\",\"@id\":\"https:\\\/\\\/www.kraliktomas-partners.com\\\/?page_id=40#primaryimage\",\"url\":\"https:\\\/\\\/www.kraliktomas-partners.com\\\/wp-content\\\/uploads\\\/2022\\\/06\\\/cropped-logo_modre1.png\",\"contentUrl\":\"https:\\\/\\\/www.kraliktomas-partners.com\\\/wp-content\\\/uploads\\\/2022\\\/06\\\/cropped-logo_modre1.png\",\"width\":2556,\"height\":927},{\"@type\":\"BreadcrumbList\",\"@id\":\"https:\\\/\\\/www.kraliktomas-partners.com\\\/?page_id=40#breadcrumb\",\"itemListElement\":[{\"@type\":\"ListItem\",\"position\":1,\"name\":\"Home\",\"item\":\"https:\\\/\\\/www.kraliktomas-partners.com\\\/\"},{\"@type\":\"ListItem\",\"position\":2,\"name\":\"Poradenstvo vo \u0160vaj\u010diarsku\"}]},{\"@type\":\"WebSite\",\"@id\":\"https:\\\/\\\/www.kraliktomas-partners.com\\\/#website\",\"url\":\"https:\\\/\\\/www.kraliktomas-partners.com\\\/\",\"name\":\"Kralik Tomas and Partners\",\"description\":\"Moje meno je z\u00e1rukou va\u0161ej spokojnosti\",\"publisher\":{\"@id\":\"https:\\\/\\\/www.kraliktomas-partners.com\\\/#organization\"},\"potentialAction\":[{\"@type\":\"SearchAction\",\"target\":{\"@type\":\"EntryPoint\",\"urlTemplate\":\"https:\\\/\\\/www.kraliktomas-partners.com\\\/?s={search_term_string}\"},\"query-input\":{\"@type\":\"PropertyValueSpecification\",\"valueRequired\":true,\"valueName\":\"search_term_string\"}}],\"inLanguage\":\"sk-SK\"},{\"@type\":\"Organization\",\"@id\":\"https:\\\/\\\/www.kraliktomas-partners.com\\\/#organization\",\"name\":\"Kralik Tomas and Partners\",\"url\":\"https:\\\/\\\/www.kraliktomas-partners.com\\\/\",\"logo\":{\"@type\":\"ImageObject\",\"inLanguage\":\"sk-SK\",\"@id\":\"https:\\\/\\\/www.kraliktomas-partners.com\\\/#\\\/schema\\\/logo\\\/image\\\/\",\"url\":\"https:\\\/\\\/www.kraliktomas-partners.com\\\/wp-content\\\/uploads\\\/2022\\\/06\\\/logo3.png\",\"contentUrl\":\"https:\\\/\\\/www.kraliktomas-partners.com\\\/wp-content\\\/uploads\\\/2022\\\/06\\\/logo3.png\",\"width\":3543,\"height\":2362,\"caption\":\"Kralik Tomas and Partners\"},\"image\":{\"@id\":\"https:\\\/\\\/www.kraliktomas-partners.com\\\/#\\\/schema\\\/logo\\\/image\\\/\"},\"sameAs\":[\"https:\\\/\\\/www.facebook.com\\\/Kralik-Tomas-Partners-103329075753200\"]}]}<\/script>\n<!-- \/ Yoast SEO plugin. -->","yoast_head_json":{"title":"Poradenstvo vo \u0160vaj\u010diarsku - Kralik Tomas and Partners","robots":{"index":"index","follow":"follow","max-snippet":"max-snippet:-1","max-image-preview":"max-image-preview:large","max-video-preview":"max-video-preview:-1"},"canonical":"https:\/\/www.kraliktomas-partners.com\/?page_id=40","og_locale":"sk_SK","og_type":"article","og_title":"Poradenstvo vo \u0160vaj\u010diarsku - Kralik Tomas and Partners","og_description":"Vo \u0160vaj\u010diarsku existuje ve\u013ea spolo\u010dnost\u00ed, ktor\u00e9 sa venuj\u00fa poradenstvu v akejko\u013evek t\u00e9me. Nemus\u00edm to rozobera\u0165 a ka\u017ed\u00fd sa r\u00fdchlo dozvie, \u017ee za tieto slu\u017eby sa tu plat\u00ed. A to nie m\u00e1lo. \u013dudia by si aj zaplatili ale bohu\u017eia\u013e je to vo v\u00e4\u010d\u0161ine pr\u00edpadov v nemeckom jazyku. A to \u013eud\u00ed odr\u00e1dza od vyu\u017eitia t\u00fdchto slu\u017eieb a&hellip; Read more","og_url":"https:\/\/www.kraliktomas-partners.com\/?page_id=40","og_site_name":"Kralik Tomas and Partners","article_publisher":"https:\/\/www.facebook.com\/Kralik-Tomas-Partners-103329075753200","article_modified_time":"2023-12-19T11:16:02+00:00","og_image":[{"url":"https:\/\/www.kraliktomas-partners.com\/wp-content\/uploads\/2022\/06\/cropped-logo_modre1-300x109.png","type":"","width":"","height":""}],"twitter_card":"summary_large_image","twitter_misc":{"Predpokladan\u00fd \u010das \u010d\u00edtania":"2 min\u00faty"},"schema":{"@context":"https:\/\/schema.org","@graph":[{"@type":"WebPage","@id":"https:\/\/www.kraliktomas-partners.com\/?page_id=40","url":"https:\/\/www.kraliktomas-partners.com\/?page_id=40","name":"Poradenstvo vo \u0160vaj\u010diarsku - Kralik Tomas and Partners","isPartOf":{"@id":"https:\/\/www.kraliktomas-partners.com\/#website"},"primaryImageOfPage":{"@id":"https:\/\/www.kraliktomas-partners.com\/?page_id=40#primaryimage"},"image":{"@id":"https:\/\/www.kraliktomas-partners.com\/?page_id=40#primaryimage"},"thumbnailUrl":"https:\/\/www.kraliktomas-partners.com\/wp-content\/uploads\/2022\/06\/cropped-logo_modre1-300x109.png","datePublished":"2022-06-24T13:10:16+00:00","dateModified":"2023-12-19T11:16:02+00:00","breadcrumb":{"@id":"https:\/\/www.kraliktomas-partners.com\/?page_id=40#breadcrumb"},"inLanguage":"sk-SK","potentialAction":[{"@type":"ReadAction","target":["https:\/\/www.kraliktomas-partners.com\/?page_id=40"]}]},{"@type":"ImageObject","inLanguage":"sk-SK","@id":"https:\/\/www.kraliktomas-partners.com\/?page_id=40#primaryimage","url":"https:\/\/www.kraliktomas-partners.com\/wp-content\/uploads\/2022\/06\/cropped-logo_modre1.png","contentUrl":"https:\/\/www.kraliktomas-partners.com\/wp-content\/uploads\/2022\/06\/cropped-logo_modre1.png","width":2556,"height":927},{"@type":"BreadcrumbList","@id":"https:\/\/www.kraliktomas-partners.com\/?page_id=40#breadcrumb","itemListElement":[{"@type":"ListItem","position":1,"name":"Home","item":"https:\/\/www.kraliktomas-partners.com\/"},{"@type":"ListItem","position":2,"name":"Poradenstvo vo \u0160vaj\u010diarsku"}]},{"@type":"WebSite","@id":"https:\/\/www.kraliktomas-partners.com\/#website","url":"https:\/\/www.kraliktomas-partners.com\/","name":"Kralik Tomas and Partners","description":"Moje meno je z\u00e1rukou va\u0161ej spokojnosti","publisher":{"@id":"https:\/\/www.kraliktomas-partners.com\/#organization"},"potentialAction":[{"@type":"SearchAction","target":{"@type":"EntryPoint","urlTemplate":"https:\/\/www.kraliktomas-partners.com\/?s={search_term_string}"},"query-input":{"@type":"PropertyValueSpecification","valueRequired":true,"valueName":"search_term_string"}}],"inLanguage":"sk-SK"},{"@type":"Organization","@id":"https:\/\/www.kraliktomas-partners.com\/#organization","name":"Kralik Tomas and Partners","url":"https:\/\/www.kraliktomas-partners.com\/","logo":{"@type":"ImageObject","inLanguage":"sk-SK","@id":"https:\/\/www.kraliktomas-partners.com\/#\/schema\/logo\/image\/","url":"https:\/\/www.kraliktomas-partners.com\/wp-content\/uploads\/2022\/06\/logo3.png","contentUrl":"https:\/\/www.kraliktomas-partners.com\/wp-content\/uploads\/2022\/06\/logo3.png","width":3543,"height":2362,"caption":"Kralik Tomas and Partners"},"image":{"@id":"https:\/\/www.kraliktomas-partners.com\/#\/schema\/logo\/image\/"},"sameAs":["https:\/\/www.facebook.com\/Kralik-Tomas-Partners-103329075753200"]}]}},"_links":{"self":[{"href":"https:\/\/www.kraliktomas-partners.com\/index.php?rest_route=\/wp\/v2\/pages\/40","targetHints":{"allow":["GET"]}}],"collection":[{"href":"https:\/\/www.kraliktomas-partners.com\/index.php?rest_route=\/wp\/v2\/pages"}],"about":[{"href":"https:\/\/www.kraliktomas-partners.com\/index.php?rest_route=\/wp\/v2\/types\/page"}],"author":[{"embeddable":true,"href":"https:\/\/www.kraliktomas-partners.com\/index.php?rest_route=\/wp\/v2\/users\/1"}],"replies":[{"embeddable":true,"href":"https:\/\/www.kraliktomas-partners.com\/index.php?rest_route=%2Fwp%2Fv2%2Fcomments&post=40"}],"version-history":[{"count":5,"href":"https:\/\/www.kraliktomas-partners.com\/index.php?rest_route=\/wp\/v2\/pages\/40\/revisions"}],"predecessor-version":[{"id":765,"href":"https:\/\/www.kraliktomas-partners.com\/index.php?rest_route=\/wp\/v2\/pages\/40\/revisions\/765"}],"wp:attachment":[{"href":"https:\/\/www.kraliktomas-partners.com\/index.php?rest_route=%2Fwp%2Fv2%2Fmedia&parent=40"}],"curies":[{"name":"wp","href":"https:\/\/api.w.org\/{rel}","templated":true}]}}