{"id":558,"date":"2023-06-06T12:57:04","date_gmt":"2023-06-06T12:57:04","guid":{"rendered":"https:\/\/www.kraliktomas-partners.com\/?page_id=558"},"modified":"2025-01-10T08:53:42","modified_gmt":"2025-01-10T08:53:42","slug":"klientsky-servis","status":"publish","type":"page","link":"https:\/\/www.kraliktomas-partners.com\/?page_id=558","title":{"rendered":"Klientsky servis"},"content":{"rendered":"\n<figure class=\"wp-block-image size-large\"><img loading=\"lazy\" decoding=\"async\" width=\"1024\" height=\"650\" src=\"https:\/\/www.kraliktomas-partners.com\/wp-content\/uploads\/2025\/01\/Screenshot_20241012_213650_Chrome-e1736499128431-1024x650.jpg\" alt=\"\" class=\"wp-image-804\" srcset=\"https:\/\/www.kraliktomas-partners.com\/wp-content\/uploads\/2025\/01\/Screenshot_20241012_213650_Chrome-e1736499128431-1024x650.jpg 1024w, https:\/\/www.kraliktomas-partners.com\/wp-content\/uploads\/2025\/01\/Screenshot_20241012_213650_Chrome-e1736499128431-300x191.jpg 300w, https:\/\/www.kraliktomas-partners.com\/wp-content\/uploads\/2025\/01\/Screenshot_20241012_213650_Chrome-e1736499128431-768x488.jpg 768w, https:\/\/www.kraliktomas-partners.com\/wp-content\/uploads\/2025\/01\/Screenshot_20241012_213650_Chrome-e1736499128431.jpg 1080w\" sizes=\"auto, (max-width: 1024px) 100vw, 1024px\" \/><\/figure>\n\n\n\n<hr class=\"wp-block-separator has-alpha-channel-opacity\"\/>\n\n\n\n<h2 class=\"wp-block-heading has-text-align-center\">\u010co pon\u00fakame:<\/h2>\n\n\n\n<hr class=\"wp-block-separator has-alpha-channel-opacity\"\/>\n\n\n\n<p class=\"has-text-align-center\">Akviz\u00edcia klienta a umel\u00e1 inteligencia pri spracovan\u00ed najlep\u0161\u00edch pon\u00fak pre klienta<\/p>\n\n\n\n<p class=\"has-text-align-center\">K\u013e\u00fa\u010d k individu\u00e1lnemu a optim\u00e1lnemu poisteniu<\/p>\n\n\n\n<p class=\"has-text-align-center\">Kontinuita a starostlivos\u0165 o z\u00e1kazn\u00edka<\/p>\n\n\n\n<p class=\"has-text-align-center\">10 hod\u00edn denne osobn\u00fd berater (poradca) na telef\u00f3ne<\/p>\n\n\n\n<p class=\"has-text-align-center\">Spolupr\u00e1ca s jednou z najstar\u0161\u00edch spolo\u010dnost\u00ed vo \u0160vaj\u010diarsku<\/p>\n\n\n\n<p class=\"has-text-align-center\">Sme Va\u0161\u00edm partnerom v oblasti riz\u00edk, poistenia, financi\u00ed, invest\u00edci\u00ed a d\u00f4chodkov. Rad\u00edme V\u00e1m holisticky a mysl\u00edme mimo r\u00e1mca. Kon\u00e1me vo Va\u0161om mene a zastupujeme Va\u0161e z\u00e1ujmy. Bezpe\u010dnos\u0165 va\u0161ej spolo\u010dnosti a rodiny je pre n\u00e1s najd\u00f4le\u017eitej\u0161ia. <\/p>\n\n\n\n<p class=\"has-text-align-center\">Spolupracujeme s najsilnej\u0161\u00edmi partnermi na \u0160vaj\u010diarskom trhu<\/p>\n\n\n\n<hr class=\"wp-block-separator has-alpha-channel-opacity\"\/>\n\n\n\n<h2 class=\"wp-block-heading has-text-align-center\">NA\u0160I PARTNERY<\/h2>\n\n\n\n<hr class=\"wp-block-separator has-alpha-channel-opacity\"\/>\n\n\n\n<div class=\"wp-block-columns is-layout-flex wp-container-core-columns-is-layout-9d6595d7 wp-block-columns-is-layout-flex\">\n<div class=\"wp-block-column is-layout-flow wp-block-column-is-layout-flow\">\n<ul class=\"wp-block-list\">\n<li>Allianz Suisse Versicherung<\/li>\n\n\n\n<li>Appenzeller Versicherung<\/li>\n\n\n\n<li>ASGA-Pensionskasse<\/li>\n\n\n\n<li>AXA XL Versicherung<\/li>\n\n\n\n<li>AXA-Versicherung<\/li>\n\n\n\n<li>Bank Coop<\/li>\n\n\n\n<li>Basler Versicherung<\/li>\n\n\n\n<li>Chubb Insurance<\/li>\n\n\n\n<li>Concordia Krankenkasse<\/li>\n\n\n\n<li>Cigna International<\/li>\n\n\n\n<li>Cr\u00e9dit Suisse<\/li>\n\n\n\n<li>CSS-Versicherung<\/li>\n\n\n\n<li>Emmental Versicherung<\/li>\n\n\n\n<li>Euler Hermes<\/li>\n\n\n\n<li>Europ\u00e4ische Reiseversicherung<\/li>\n\n\n\n<li>Generali Versicherung<\/li>\n<\/ul>\n<\/div>\n\n\n\n<div class=\"wp-block-column is-layout-flow wp-block-column-is-layout-flow\">\n<ul class=\"wp-block-list\">\n<li>Group Mutuel<\/li>\n\n\n\n<li>Heath Lambert Group<\/li>\n\n\n\n<li>Helsana Versicherungen<\/li>\n\n\n\n<li>Helvetia Versicherung<\/li>\n\n\n\n<li>Innova Versicherungen<\/li>\n\n\n\n<li>Lloyds of London<\/li>\n\n\n\n<li>Liberty Mutual Insurance<\/li>\n\n\n\n<li>Liberty Freiz\u00fcgigkeitsstiftung<\/li>\n\n\n\n<li>Mannheimer Versicherung<\/li>\n\n\n\n<li>Mobiliar Versicherung<\/li>\n\n\n\n<li>MNest Sammelstiftung<\/li>\n\n\n\n<li>\u00d6KK Kranken- und Unfallversicherungen<\/li>\n\n\n\n<li>Orion Rechtsschutz<\/li>\n\n\n\n<li>PAX-Lebensversicherung<\/li>\n\n\n\n<li>Assura<\/li>\n<\/ul>\n<\/div>\n\n\n\n<div class=\"wp-block-column is-layout-flow wp-block-column-is-layout-flow\">\n<ul class=\"wp-block-list\">\n<li>Pensflex Sammelstiftung<\/li>\n\n\n\n<li>PKG-Sammelstiftung<\/li>\n\n\n\n<li>Pro Fond Sammelstiftung<\/li>\n\n\n\n<li>Sanitas<\/li>\n\n\n\n<li>Swiss Life<\/li>\n\n\n\n<li>Swisscanto Flex<\/li>\n\n\n\n<li>Swisscanto Sammelstiftungen<\/li>\n\n\n\n<li>Sympany &amp; Trust Sympany<\/li>\n\n\n\n<li>Tellco PK<\/li>\n\n\n\n<li>Uniqa Versicherung<\/li>\n\n\n\n<li>UWP-Sammelstiftung<\/li>\n\n\n\n<li>Vaudoise Versicherungen<\/li>\n\n\n\n<li>Visana<\/li>\n\n\n\n<li>XL Insurance<\/li>\n\n\n\n<li>Z\u00fcrich Versicherung etc.<\/li>\n\n\n\n<li>Helsana<\/li>\n\n\n\n<li>Swica<\/li>\n<\/ul>\n<\/div>\n<\/div>\n","protected":false},"excerpt":{"rendered":"<p>\u010co pon\u00fakame: Akviz\u00edcia klienta a umel\u00e1 inteligencia pri spracovan\u00ed najlep\u0161\u00edch pon\u00fak pre klienta K\u013e\u00fa\u010d k individu\u00e1lnemu a optim\u00e1lnemu poisteniu Kontinuita a starostlivos\u0165 o z\u00e1kazn\u00edka 10 hod\u00edn denne osobn\u00fd berater (poradca) na telef\u00f3ne Spolupr\u00e1ca s jednou z najstar\u0161\u00edch spolo\u010dnost\u00ed vo \u0160vaj\u010diarsku Sme Va\u0161\u00edm partnerom v oblasti riz\u00edk, poistenia, financi\u00ed, invest\u00edci\u00ed a d\u00f4chodkov. Rad\u00edme V\u00e1m holisticky a&hellip; <br \/> <a class=\"read-more\" href=\"https:\/\/www.kraliktomas-partners.com\/?page_id=558\">Read more<\/a><\/p>\n","protected":false},"author":1,"featured_media":0,"parent":0,"menu_order":0,"comment_status":"closed","ping_status":"closed","template":"","meta":{"footnotes":""},"class_list":["post-558","page","type-page","status-publish","hentry"],"aioseo_notices":[],"yoast_head":"<!-- This site is optimized with the Yoast SEO plugin v27.4 - https:\/\/yoast.com\/product\/yoast-seo-wordpress\/ -->\n<title>Klientsky servis - Kralik Tomas and Partners<\/title>\n<meta name=\"robots\" content=\"index, follow, max-snippet:-1, max-image-preview:large, max-video-preview:-1\" \/>\n<link rel=\"canonical\" href=\"https:\/\/www.kraliktomas-partners.com\/?page_id=558\" \/>\n<meta property=\"og:locale\" content=\"sk_SK\" \/>\n<meta property=\"og:type\" content=\"article\" \/>\n<meta property=\"og:title\" content=\"Klientsky servis - Kralik Tomas and Partners\" \/>\n<meta property=\"og:description\" content=\"\u010co pon\u00fakame: Akviz\u00edcia klienta a umel\u00e1 inteligencia pri spracovan\u00ed najlep\u0161\u00edch pon\u00fak pre klienta K\u013e\u00fa\u010d k individu\u00e1lnemu a optim\u00e1lnemu poisteniu Kontinuita a starostlivos\u0165 o z\u00e1kazn\u00edka 10 hod\u00edn denne osobn\u00fd berater (poradca) na telef\u00f3ne Spolupr\u00e1ca s jednou z najstar\u0161\u00edch spolo\u010dnost\u00ed vo \u0160vaj\u010diarsku Sme Va\u0161\u00edm partnerom v oblasti riz\u00edk, poistenia, financi\u00ed, invest\u00edci\u00ed a d\u00f4chodkov. Rad\u00edme V\u00e1m holisticky a&hellip; Read more\" \/>\n<meta property=\"og:url\" content=\"https:\/\/www.kraliktomas-partners.com\/?page_id=558\" \/>\n<meta property=\"og:site_name\" content=\"Kralik Tomas and Partners\" \/>\n<meta property=\"article:publisher\" content=\"https:\/\/www.facebook.com\/Kralik-Tomas-Partners-103329075753200\" \/>\n<meta property=\"article:modified_time\" content=\"2025-01-10T08:53:42+00:00\" \/>\n<meta property=\"og:image\" content=\"https:\/\/www.kraliktomas-partners.com\/wp-content\/uploads\/2025\/01\/Screenshot_20241012_213650_Chrome-e1736499128431.jpg\" \/>\n\t<meta property=\"og:image:width\" content=\"1080\" \/>\n\t<meta property=\"og:image:height\" content=\"686\" \/>\n\t<meta property=\"og:image:type\" content=\"image\/jpeg\" \/>\n<meta name=\"twitter:card\" content=\"summary_large_image\" \/>\n<meta name=\"twitter:label1\" content=\"Predpokladan\u00fd \u010das \u010d\u00edtania\" \/>\n\t<meta name=\"twitter:data1\" content=\"2 min\u00faty\" \/>\n<script type=\"application\/ld+json\" class=\"yoast-schema-graph\">{\"@context\":\"https:\\\/\\\/schema.org\",\"@graph\":[{\"@type\":\"WebPage\",\"@id\":\"https:\\\/\\\/www.kraliktomas-partners.com\\\/?page_id=558\",\"url\":\"https:\\\/\\\/www.kraliktomas-partners.com\\\/?page_id=558\",\"name\":\"Klientsky servis - Kralik Tomas and Partners\",\"isPartOf\":{\"@id\":\"https:\\\/\\\/www.kraliktomas-partners.com\\\/#website\"},\"primaryImageOfPage\":{\"@id\":\"https:\\\/\\\/www.kraliktomas-partners.com\\\/?page_id=558#primaryimage\"},\"image\":{\"@id\":\"https:\\\/\\\/www.kraliktomas-partners.com\\\/?page_id=558#primaryimage\"},\"thumbnailUrl\":\"https:\\\/\\\/www.kraliktomas-partners.com\\\/wp-content\\\/uploads\\\/2025\\\/01\\\/Screenshot_20241012_213650_Chrome-e1736499128431-1024x650.jpg\",\"datePublished\":\"2023-06-06T12:57:04+00:00\",\"dateModified\":\"2025-01-10T08:53:42+00:00\",\"breadcrumb\":{\"@id\":\"https:\\\/\\\/www.kraliktomas-partners.com\\\/?page_id=558#breadcrumb\"},\"inLanguage\":\"sk-SK\",\"potentialAction\":[{\"@type\":\"ReadAction\",\"target\":[\"https:\\\/\\\/www.kraliktomas-partners.com\\\/?page_id=558\"]}]},{\"@type\":\"ImageObject\",\"inLanguage\":\"sk-SK\",\"@id\":\"https:\\\/\\\/www.kraliktomas-partners.com\\\/?page_id=558#primaryimage\",\"url\":\"https:\\\/\\\/www.kraliktomas-partners.com\\\/wp-content\\\/uploads\\\/2025\\\/01\\\/Screenshot_20241012_213650_Chrome-e1736499128431.jpg\",\"contentUrl\":\"https:\\\/\\\/www.kraliktomas-partners.com\\\/wp-content\\\/uploads\\\/2025\\\/01\\\/Screenshot_20241012_213650_Chrome-e1736499128431.jpg\",\"width\":1080,\"height\":686},{\"@type\":\"BreadcrumbList\",\"@id\":\"https:\\\/\\\/www.kraliktomas-partners.com\\\/?page_id=558#breadcrumb\",\"itemListElement\":[{\"@type\":\"ListItem\",\"position\":1,\"name\":\"Home\",\"item\":\"https:\\\/\\\/www.kraliktomas-partners.com\\\/\"},{\"@type\":\"ListItem\",\"position\":2,\"name\":\"Klientsky servis\"}]},{\"@type\":\"WebSite\",\"@id\":\"https:\\\/\\\/www.kraliktomas-partners.com\\\/#website\",\"url\":\"https:\\\/\\\/www.kraliktomas-partners.com\\\/\",\"name\":\"Kralik Tomas and Partners\",\"description\":\"Moje meno je z\u00e1rukou va\u0161ej spokojnosti\",\"publisher\":{\"@id\":\"https:\\\/\\\/www.kraliktomas-partners.com\\\/#organization\"},\"potentialAction\":[{\"@type\":\"SearchAction\",\"target\":{\"@type\":\"EntryPoint\",\"urlTemplate\":\"https:\\\/\\\/www.kraliktomas-partners.com\\\/?s={search_term_string}\"},\"query-input\":{\"@type\":\"PropertyValueSpecification\",\"valueRequired\":true,\"valueName\":\"search_term_string\"}}],\"inLanguage\":\"sk-SK\"},{\"@type\":\"Organization\",\"@id\":\"https:\\\/\\\/www.kraliktomas-partners.com\\\/#organization\",\"name\":\"Kralik Tomas and Partners\",\"url\":\"https:\\\/\\\/www.kraliktomas-partners.com\\\/\",\"logo\":{\"@type\":\"ImageObject\",\"inLanguage\":\"sk-SK\",\"@id\":\"https:\\\/\\\/www.kraliktomas-partners.com\\\/#\\\/schema\\\/logo\\\/image\\\/\",\"url\":\"https:\\\/\\\/www.kraliktomas-partners.com\\\/wp-content\\\/uploads\\\/2022\\\/06\\\/logo3.png\",\"contentUrl\":\"https:\\\/\\\/www.kraliktomas-partners.com\\\/wp-content\\\/uploads\\\/2022\\\/06\\\/logo3.png\",\"width\":3543,\"height\":2362,\"caption\":\"Kralik Tomas and Partners\"},\"image\":{\"@id\":\"https:\\\/\\\/www.kraliktomas-partners.com\\\/#\\\/schema\\\/logo\\\/image\\\/\"},\"sameAs\":[\"https:\\\/\\\/www.facebook.com\\\/Kralik-Tomas-Partners-103329075753200\"]}]}<\/script>\n<!-- \/ Yoast SEO plugin. -->","yoast_head_json":{"title":"Klientsky servis - Kralik Tomas and Partners","robots":{"index":"index","follow":"follow","max-snippet":"max-snippet:-1","max-image-preview":"max-image-preview:large","max-video-preview":"max-video-preview:-1"},"canonical":"https:\/\/www.kraliktomas-partners.com\/?page_id=558","og_locale":"sk_SK","og_type":"article","og_title":"Klientsky servis - Kralik Tomas and Partners","og_description":"\u010co pon\u00fakame: Akviz\u00edcia klienta a umel\u00e1 inteligencia pri spracovan\u00ed najlep\u0161\u00edch pon\u00fak pre klienta K\u013e\u00fa\u010d k individu\u00e1lnemu a optim\u00e1lnemu poisteniu Kontinuita a starostlivos\u0165 o z\u00e1kazn\u00edka 10 hod\u00edn denne osobn\u00fd berater (poradca) na telef\u00f3ne Spolupr\u00e1ca s jednou z najstar\u0161\u00edch spolo\u010dnost\u00ed vo \u0160vaj\u010diarsku Sme Va\u0161\u00edm partnerom v oblasti riz\u00edk, poistenia, financi\u00ed, invest\u00edci\u00ed a d\u00f4chodkov. Rad\u00edme V\u00e1m holisticky a&hellip; Read more","og_url":"https:\/\/www.kraliktomas-partners.com\/?page_id=558","og_site_name":"Kralik Tomas and Partners","article_publisher":"https:\/\/www.facebook.com\/Kralik-Tomas-Partners-103329075753200","article_modified_time":"2025-01-10T08:53:42+00:00","og_image":[{"width":1080,"height":686,"url":"https:\/\/www.kraliktomas-partners.com\/wp-content\/uploads\/2025\/01\/Screenshot_20241012_213650_Chrome-e1736499128431.jpg","type":"image\/jpeg"}],"twitter_card":"summary_large_image","twitter_misc":{"Predpokladan\u00fd \u010das \u010d\u00edtania":"2 min\u00faty"},"schema":{"@context":"https:\/\/schema.org","@graph":[{"@type":"WebPage","@id":"https:\/\/www.kraliktomas-partners.com\/?page_id=558","url":"https:\/\/www.kraliktomas-partners.com\/?page_id=558","name":"Klientsky servis - Kralik Tomas and Partners","isPartOf":{"@id":"https:\/\/www.kraliktomas-partners.com\/#website"},"primaryImageOfPage":{"@id":"https:\/\/www.kraliktomas-partners.com\/?page_id=558#primaryimage"},"image":{"@id":"https:\/\/www.kraliktomas-partners.com\/?page_id=558#primaryimage"},"thumbnailUrl":"https:\/\/www.kraliktomas-partners.com\/wp-content\/uploads\/2025\/01\/Screenshot_20241012_213650_Chrome-e1736499128431-1024x650.jpg","datePublished":"2023-06-06T12:57:04+00:00","dateModified":"2025-01-10T08:53:42+00:00","breadcrumb":{"@id":"https:\/\/www.kraliktomas-partners.com\/?page_id=558#breadcrumb"},"inLanguage":"sk-SK","potentialAction":[{"@type":"ReadAction","target":["https:\/\/www.kraliktomas-partners.com\/?page_id=558"]}]},{"@type":"ImageObject","inLanguage":"sk-SK","@id":"https:\/\/www.kraliktomas-partners.com\/?page_id=558#primaryimage","url":"https:\/\/www.kraliktomas-partners.com\/wp-content\/uploads\/2025\/01\/Screenshot_20241012_213650_Chrome-e1736499128431.jpg","contentUrl":"https:\/\/www.kraliktomas-partners.com\/wp-content\/uploads\/2025\/01\/Screenshot_20241012_213650_Chrome-e1736499128431.jpg","width":1080,"height":686},{"@type":"BreadcrumbList","@id":"https:\/\/www.kraliktomas-partners.com\/?page_id=558#breadcrumb","itemListElement":[{"@type":"ListItem","position":1,"name":"Home","item":"https:\/\/www.kraliktomas-partners.com\/"},{"@type":"ListItem","position":2,"name":"Klientsky servis"}]},{"@type":"WebSite","@id":"https:\/\/www.kraliktomas-partners.com\/#website","url":"https:\/\/www.kraliktomas-partners.com\/","name":"Kralik Tomas and Partners","description":"Moje meno je z\u00e1rukou va\u0161ej spokojnosti","publisher":{"@id":"https:\/\/www.kraliktomas-partners.com\/#organization"},"potentialAction":[{"@type":"SearchAction","target":{"@type":"EntryPoint","urlTemplate":"https:\/\/www.kraliktomas-partners.com\/?s={search_term_string}"},"query-input":{"@type":"PropertyValueSpecification","valueRequired":true,"valueName":"search_term_string"}}],"inLanguage":"sk-SK"},{"@type":"Organization","@id":"https:\/\/www.kraliktomas-partners.com\/#organization","name":"Kralik Tomas and Partners","url":"https:\/\/www.kraliktomas-partners.com\/","logo":{"@type":"ImageObject","inLanguage":"sk-SK","@id":"https:\/\/www.kraliktomas-partners.com\/#\/schema\/logo\/image\/","url":"https:\/\/www.kraliktomas-partners.com\/wp-content\/uploads\/2022\/06\/logo3.png","contentUrl":"https:\/\/www.kraliktomas-partners.com\/wp-content\/uploads\/2022\/06\/logo3.png","width":3543,"height":2362,"caption":"Kralik Tomas and Partners"},"image":{"@id":"https:\/\/www.kraliktomas-partners.com\/#\/schema\/logo\/image\/"},"sameAs":["https:\/\/www.facebook.com\/Kralik-Tomas-Partners-103329075753200"]}]}},"_links":{"self":[{"href":"https:\/\/www.kraliktomas-partners.com\/index.php?rest_route=\/wp\/v2\/pages\/558","targetHints":{"allow":["GET"]}}],"collection":[{"href":"https:\/\/www.kraliktomas-partners.com\/index.php?rest_route=\/wp\/v2\/pages"}],"about":[{"href":"https:\/\/www.kraliktomas-partners.com\/index.php?rest_route=\/wp\/v2\/types\/page"}],"author":[{"embeddable":true,"href":"https:\/\/www.kraliktomas-partners.com\/index.php?rest_route=\/wp\/v2\/users\/1"}],"replies":[{"embeddable":true,"href":"https:\/\/www.kraliktomas-partners.com\/index.php?rest_route=%2Fwp%2Fv2%2Fcomments&post=558"}],"version-history":[{"count":6,"href":"https:\/\/www.kraliktomas-partners.com\/index.php?rest_route=\/wp\/v2\/pages\/558\/revisions"}],"predecessor-version":[{"id":807,"href":"https:\/\/www.kraliktomas-partners.com\/index.php?rest_route=\/wp\/v2\/pages\/558\/revisions\/807"}],"wp:attachment":[{"href":"https:\/\/www.kraliktomas-partners.com\/index.php?rest_route=%2Fwp%2Fv2%2Fmedia&parent=558"}],"curies":[{"name":"wp","href":"https:\/\/api.w.org\/{rel}","templated":true}]}}