{"id":856,"date":"2025-03-19T08:11:08","date_gmt":"2025-03-19T08:11:08","guid":{"rendered":"https:\/\/www.kraliktomas-partners.com\/?page_id=856"},"modified":"2025-03-19T08:21:42","modified_gmt":"2025-03-19T08:21:42","slug":"ponuky-prace","status":"publish","type":"page","link":"https:\/\/www.kraliktomas-partners.com\/?page_id=856","title":{"rendered":"Ponuky pr\u00e1ce"},"content":{"rendered":"\n<div class=\"wp-block-query is-layout-flow wp-block-query-is-layout-flow\"><ul class=\"wp-block-post-template is-layout-flow wp-block-post-template-is-layout-flow\"><li class=\"wp-block-post post-952 post type-post status-publish format-standard has-post-thumbnail hentry category-pracovne-ponuky\">\n\n<div class=\"wp-block-columns alignwide is-layout-flex wp-container-core-columns-is-layout-9d6595d7 wp-block-columns-is-layout-flex\">\n<div class=\"wp-block-column is-layout-flow wp-block-column-is-layout-flow\" style=\"flex-basis:66.66%\"><figure class=\"wp-block-post-featured-image\"><a href=\"https:\/\/www.kraliktomas-partners.com\/?p=952\" target=\"_self\"  ><img loading=\"lazy\" decoding=\"async\" width=\"1024\" height=\"663\" src=\"https:\/\/www.kraliktomas-partners.com\/wp-content\/uploads\/2024\/03\/Visitenkarte-1-1024x663.jpg\" class=\"attachment-post-thumbnail size-post-thumbnail wp-post-image\" alt=\"Ponuka Pr\u00e1ce vo \u0160vaj\u010diarsku &#8211; U n\u00e1s m\u00e1te kompletn\u00fd servis od A po Z\" style=\"object-fit:cover;\" srcset=\"https:\/\/www.kraliktomas-partners.com\/wp-content\/uploads\/2024\/03\/Visitenkarte-1-1024x663.jpg 1024w, https:\/\/www.kraliktomas-partners.com\/wp-content\/uploads\/2024\/03\/Visitenkarte-1-300x194.jpg 300w, https:\/\/www.kraliktomas-partners.com\/wp-content\/uploads\/2024\/03\/Visitenkarte-1-768x497.jpg 768w, https:\/\/www.kraliktomas-partners.com\/wp-content\/uploads\/2024\/03\/Visitenkarte-1.jpg 1185w\" sizes=\"auto, (max-width: 1024px) 100vw, 1024px\" \/><\/a><\/figure><\/div>\n\n\n\n<div class=\"wp-block-column is-layout-flow wp-block-column-is-layout-flow\" style=\"flex-basis:33.33%\"><h2 class=\"wp-block-post-title\"><a href=\"https:\/\/www.kraliktomas-partners.com\/?p=952\" target=\"_self\" >Ponuka Pr\u00e1ce vo \u0160vaj\u010diarsku &#8211; U n\u00e1s m\u00e1te kompletn\u00fd servis od A po Z<\/a><\/h2>\n\n<div class=\"wp-block-post-excerpt\"><p class=\"wp-block-post-excerpt__excerpt\">Na\u0161a spolo\u010dnos\u0165 ako u\u017e m\u00e1 aj v n\u00e1zve PARTNERS podp\u00edsala zmluvu o spolo\u010dnej spolupr\u00e1ci s viacer\u00fdmi agent\u00farami vo \u0160vaj\u010diarsku. Sna\u017e\u00edme sa nov\u00fdm z\u00e1ujemcom, ktor\u00fd s\u00fa e\u0161te neni vo \u0161vaj\u010diarsku pon\u00faknu\u0165 kompletn\u00fd servis od A po Z ako je to u n\u00e1s ZVYKOM. Prevedieme ich kompletn\u00fdmi cesti\u010dkami ako sa sem dosta\u0165, ako z\u00edska\u0165 pr\u00e1cu, ako spravi\u0165&hellip;&hellip; <\/p><\/div><\/div>\n<\/div>\n\n<\/li><\/ul><\/div>\n","protected":false},"excerpt":{"rendered":"","protected":false},"author":1,"featured_media":0,"parent":0,"menu_order":0,"comment_status":"closed","ping_status":"closed","template":"","meta":{"footnotes":""},"class_list":["post-856","page","type-page","status-publish","hentry"],"aioseo_notices":[],"yoast_head":"<!-- This site is optimized with the Yoast SEO plugin v27.4 - https:\/\/yoast.com\/product\/yoast-seo-wordpress\/ -->\n<title>Ponuky pr\u00e1ce - Kralik Tomas and Partners<\/title>\n<meta name=\"robots\" content=\"index, follow, max-snippet:-1, max-image-preview:large, max-video-preview:-1\" \/>\n<link rel=\"canonical\" href=\"https:\/\/www.kraliktomas-partners.com\/?page_id=856\" \/>\n<meta property=\"og:locale\" content=\"sk_SK\" \/>\n<meta property=\"og:type\" content=\"article\" \/>\n<meta property=\"og:title\" content=\"Ponuky pr\u00e1ce - Kralik Tomas and Partners\" \/>\n<meta property=\"og:url\" content=\"https:\/\/www.kraliktomas-partners.com\/?page_id=856\" \/>\n<meta property=\"og:site_name\" content=\"Kralik Tomas and Partners\" \/>\n<meta property=\"article:publisher\" content=\"https:\/\/www.facebook.com\/Kralik-Tomas-Partners-103329075753200\" \/>\n<meta property=\"article:modified_time\" content=\"2025-03-19T08:21:42+00:00\" \/>\n<meta name=\"twitter:card\" content=\"summary_large_image\" \/>\n<script type=\"application\/ld+json\" class=\"yoast-schema-graph\">{\"@context\":\"https:\\\/\\\/schema.org\",\"@graph\":[{\"@type\":\"WebPage\",\"@id\":\"https:\\\/\\\/www.kraliktomas-partners.com\\\/?page_id=856\",\"url\":\"https:\\\/\\\/www.kraliktomas-partners.com\\\/?page_id=856\",\"name\":\"Ponuky pr\u00e1ce - Kralik Tomas and Partners\",\"isPartOf\":{\"@id\":\"https:\\\/\\\/www.kraliktomas-partners.com\\\/#website\"},\"datePublished\":\"2025-03-19T08:11:08+00:00\",\"dateModified\":\"2025-03-19T08:21:42+00:00\",\"breadcrumb\":{\"@id\":\"https:\\\/\\\/www.kraliktomas-partners.com\\\/?page_id=856#breadcrumb\"},\"inLanguage\":\"sk-SK\",\"potentialAction\":[{\"@type\":\"ReadAction\",\"target\":[\"https:\\\/\\\/www.kraliktomas-partners.com\\\/?page_id=856\"]}]},{\"@type\":\"BreadcrumbList\",\"@id\":\"https:\\\/\\\/www.kraliktomas-partners.com\\\/?page_id=856#breadcrumb\",\"itemListElement\":[{\"@type\":\"ListItem\",\"position\":1,\"name\":\"Home\",\"item\":\"https:\\\/\\\/www.kraliktomas-partners.com\\\/\"},{\"@type\":\"ListItem\",\"position\":2,\"name\":\"Ponuky pr\u00e1ce\"}]},{\"@type\":\"WebSite\",\"@id\":\"https:\\\/\\\/www.kraliktomas-partners.com\\\/#website\",\"url\":\"https:\\\/\\\/www.kraliktomas-partners.com\\\/\",\"name\":\"Kralik Tomas and Partners\",\"description\":\"Moje meno je z\u00e1rukou va\u0161ej spokojnosti\",\"publisher\":{\"@id\":\"https:\\\/\\\/www.kraliktomas-partners.com\\\/#organization\"},\"potentialAction\":[{\"@type\":\"SearchAction\",\"target\":{\"@type\":\"EntryPoint\",\"urlTemplate\":\"https:\\\/\\\/www.kraliktomas-partners.com\\\/?s={search_term_string}\"},\"query-input\":{\"@type\":\"PropertyValueSpecification\",\"valueRequired\":true,\"valueName\":\"search_term_string\"}}],\"inLanguage\":\"sk-SK\"},{\"@type\":\"Organization\",\"@id\":\"https:\\\/\\\/www.kraliktomas-partners.com\\\/#organization\",\"name\":\"Kralik Tomas and Partners\",\"url\":\"https:\\\/\\\/www.kraliktomas-partners.com\\\/\",\"logo\":{\"@type\":\"ImageObject\",\"inLanguage\":\"sk-SK\",\"@id\":\"https:\\\/\\\/www.kraliktomas-partners.com\\\/#\\\/schema\\\/logo\\\/image\\\/\",\"url\":\"https:\\\/\\\/www.kraliktomas-partners.com\\\/wp-content\\\/uploads\\\/2022\\\/06\\\/logo3.png\",\"contentUrl\":\"https:\\\/\\\/www.kraliktomas-partners.com\\\/wp-content\\\/uploads\\\/2022\\\/06\\\/logo3.png\",\"width\":3543,\"height\":2362,\"caption\":\"Kralik Tomas and Partners\"},\"image\":{\"@id\":\"https:\\\/\\\/www.kraliktomas-partners.com\\\/#\\\/schema\\\/logo\\\/image\\\/\"},\"sameAs\":[\"https:\\\/\\\/www.facebook.com\\\/Kralik-Tomas-Partners-103329075753200\"]}]}<\/script>\n<!-- \/ Yoast SEO plugin. -->","yoast_head_json":{"title":"Ponuky pr\u00e1ce - Kralik Tomas and Partners","robots":{"index":"index","follow":"follow","max-snippet":"max-snippet:-1","max-image-preview":"max-image-preview:large","max-video-preview":"max-video-preview:-1"},"canonical":"https:\/\/www.kraliktomas-partners.com\/?page_id=856","og_locale":"sk_SK","og_type":"article","og_title":"Ponuky pr\u00e1ce - Kralik Tomas and Partners","og_url":"https:\/\/www.kraliktomas-partners.com\/?page_id=856","og_site_name":"Kralik Tomas and Partners","article_publisher":"https:\/\/www.facebook.com\/Kralik-Tomas-Partners-103329075753200","article_modified_time":"2025-03-19T08:21:42+00:00","twitter_card":"summary_large_image","schema":{"@context":"https:\/\/schema.org","@graph":[{"@type":"WebPage","@id":"https:\/\/www.kraliktomas-partners.com\/?page_id=856","url":"https:\/\/www.kraliktomas-partners.com\/?page_id=856","name":"Ponuky pr\u00e1ce - Kralik Tomas and Partners","isPartOf":{"@id":"https:\/\/www.kraliktomas-partners.com\/#website"},"datePublished":"2025-03-19T08:11:08+00:00","dateModified":"2025-03-19T08:21:42+00:00","breadcrumb":{"@id":"https:\/\/www.kraliktomas-partners.com\/?page_id=856#breadcrumb"},"inLanguage":"sk-SK","potentialAction":[{"@type":"ReadAction","target":["https:\/\/www.kraliktomas-partners.com\/?page_id=856"]}]},{"@type":"BreadcrumbList","@id":"https:\/\/www.kraliktomas-partners.com\/?page_id=856#breadcrumb","itemListElement":[{"@type":"ListItem","position":1,"name":"Home","item":"https:\/\/www.kraliktomas-partners.com\/"},{"@type":"ListItem","position":2,"name":"Ponuky pr\u00e1ce"}]},{"@type":"WebSite","@id":"https:\/\/www.kraliktomas-partners.com\/#website","url":"https:\/\/www.kraliktomas-partners.com\/","name":"Kralik Tomas and Partners","description":"Moje meno je z\u00e1rukou va\u0161ej spokojnosti","publisher":{"@id":"https:\/\/www.kraliktomas-partners.com\/#organization"},"potentialAction":[{"@type":"SearchAction","target":{"@type":"EntryPoint","urlTemplate":"https:\/\/www.kraliktomas-partners.com\/?s={search_term_string}"},"query-input":{"@type":"PropertyValueSpecification","valueRequired":true,"valueName":"search_term_string"}}],"inLanguage":"sk-SK"},{"@type":"Organization","@id":"https:\/\/www.kraliktomas-partners.com\/#organization","name":"Kralik Tomas and Partners","url":"https:\/\/www.kraliktomas-partners.com\/","logo":{"@type":"ImageObject","inLanguage":"sk-SK","@id":"https:\/\/www.kraliktomas-partners.com\/#\/schema\/logo\/image\/","url":"https:\/\/www.kraliktomas-partners.com\/wp-content\/uploads\/2022\/06\/logo3.png","contentUrl":"https:\/\/www.kraliktomas-partners.com\/wp-content\/uploads\/2022\/06\/logo3.png","width":3543,"height":2362,"caption":"Kralik Tomas and Partners"},"image":{"@id":"https:\/\/www.kraliktomas-partners.com\/#\/schema\/logo\/image\/"},"sameAs":["https:\/\/www.facebook.com\/Kralik-Tomas-Partners-103329075753200"]}]}},"_links":{"self":[{"href":"https:\/\/www.kraliktomas-partners.com\/index.php?rest_route=\/wp\/v2\/pages\/856","targetHints":{"allow":["GET"]}}],"collection":[{"href":"https:\/\/www.kraliktomas-partners.com\/index.php?rest_route=\/wp\/v2\/pages"}],"about":[{"href":"https:\/\/www.kraliktomas-partners.com\/index.php?rest_route=\/wp\/v2\/types\/page"}],"author":[{"embeddable":true,"href":"https:\/\/www.kraliktomas-partners.com\/index.php?rest_route=\/wp\/v2\/users\/1"}],"replies":[{"embeddable":true,"href":"https:\/\/www.kraliktomas-partners.com\/index.php?rest_route=%2Fwp%2Fv2%2Fcomments&post=856"}],"version-history":[{"count":3,"href":"https:\/\/www.kraliktomas-partners.com\/index.php?rest_route=\/wp\/v2\/pages\/856\/revisions"}],"predecessor-version":[{"id":862,"href":"https:\/\/www.kraliktomas-partners.com\/index.php?rest_route=\/wp\/v2\/pages\/856\/revisions\/862"}],"wp:attachment":[{"href":"https:\/\/www.kraliktomas-partners.com\/index.php?rest_route=%2Fwp%2Fv2%2Fmedia&parent=856"}],"curies":[{"name":"wp","href":"https:\/\/api.w.org\/{rel}","templated":true}]}}